{"id":8843,"date":"2026-02-24T08:19:03","date_gmt":"2026-02-24T14:19:03","guid":{"rendered":"https:\/\/vidamedicalclinic.org\/?page_id=8843"},"modified":"2026-02-24T08:54:15","modified_gmt":"2026-02-24T14:54:15","slug":"education","status":"publish","type":"page","link":"https:\/\/vidamedicalclinic.org\/es\/education\/","title":{"rendered":"Educaci\u00f3n"},"content":{"rendered":"<div data-elementor-type=\"wp-page\" data-elementor-id=\"8843\" class=\"elementor elementor-8843\" data-elementor-post-type=\"page\">\n\t\t\t\t\t\t<section class=\"elementor-section elementor-top-section elementor-element elementor-element-31cbcbc elementor-section-height-min-height elementor-section-boxed elementor-section-height-default elementor-section-items-middle\" data-id=\"31cbcbc\" data-element_type=\"section\" data-e-type=\"section\" data-settings=\"{&quot;background_background&quot;:&quot;classic&quot;,&quot;shape_divider_bottom&quot;:&quot;mountains&quot;}\">\n\t\t\t\t\t<div class=\"elementor-shape elementor-shape-bottom\" aria-hidden=\"true\" data-negative=\"false\">\n\t\t\t<svg xmlns=\"http:\/\/www.w3.org\/2000\/svg\" viewbox=\"0 0 1000 100\" preserveaspectratio=\"none\">\n\t<path class=\"elementor-shape-fill\" opacity=\"0.33\" d=\"M473,67.3c-203.9,88.3-263.1-34-320.3,0C66,119.1,0,59.7,0,59.7V0h1000v59.7 c0,0-62.1,26.1-94.9,29.3c-32.8,3.3-62.8-12.3-75.8-22.1C806,49.6,745.3,8.7,694.9,4.7S492.4,59,473,67.3z\"\/>\n\t<path class=\"elementor-shape-fill\" opacity=\"0.66\" d=\"M734,67.3c-45.5,0-77.2-23.2-129.1-39.1c-28.6-8.7-150.3-10.1-254,39.1 s-91.7-34.4-149.2,0C115.7,118.3,0,39.8,0,39.8V0h1000v36.5c0,0-28.2-18.5-92.1-18.5C810.2,18.1,775.7,67.3,734,67.3z\"\/>\n\t<path class=\"elementor-shape-fill\" d=\"M766.1,28.9c-200-57.5-266,65.5-395.1,19.5C242,1.8,242,5.4,184.8,20.6C128,35.8,132.3,44.9,89.9,52.5C28.6,63.7,0,0,0,0 h1000c0,0-9.9,40.9-83.6,48.1S829.6,47,766.1,28.9z\"\/>\n<\/svg>\t\t<\/div>\n\t\t\t\t\t<div class=\"elementor-container elementor-column-gap-default\">\n\t\t\t\t\t<div class=\"elementor-column elementor-col-100 elementor-top-column elementor-element elementor-element-2423e40\" data-id=\"2423e40\" data-element_type=\"column\" data-e-type=\"column\">\n\t\t\t<div class=\"elementor-widget-wrap elementor-element-populated\">\n\t\t\t\t\t\t\t<\/div>\n\t\t<\/div>\n\t\t\t\t\t<\/div>\n\t\t<\/section>\n\t\t\t\t<section class=\"elementor-section elementor-top-section elementor-element elementor-element-72024e9 elementor-section-boxed elementor-section-height-default elementor-section-height-default\" data-id=\"72024e9\" data-element_type=\"section\" data-e-type=\"section\">\n\t\t\t\t\t\t<div class=\"elementor-container elementor-column-gap-default\">\n\t\t\t\t\t<div class=\"elementor-column elementor-col-100 elementor-top-column elementor-element elementor-element-a38b640\" data-id=\"a38b640\" data-element_type=\"column\" data-e-type=\"column\">\n\t\t\t<div class=\"elementor-widget-wrap elementor-element-populated\">\n\t\t\t\t\t\t<div class=\"elementor-element elementor-element-5565474 elementor-widget elementor-widget-heading\" data-id=\"5565474\" data-element_type=\"widget\" data-e-type=\"widget\" data-widget_type=\"heading.default\">\n\t\t\t\t<div class=\"elementor-widget-container\">\n\t\t\t\t\t<h2 class=\"elementor-heading-title elementor-size-default\">\u00bfQu\u00e9 citas educativas ofrece Vida Medical Clinic? <\/h2>\t\t\t\t<\/div>\n\t\t\t\t<\/div>\n\t\t\t\t<div class=\"elementor-element elementor-element-dbf28a5 elementor-widget elementor-widget-text-editor\" data-id=\"dbf28a5\" data-element_type=\"widget\" data-e-type=\"widget\" data-widget_type=\"text-editor.default\">\n\t\t\t\t<div class=\"elementor-widget-container\">\n\t\t\t\t\t\t\t\t\t<p><a href=\"https:\/\/vidamedicalclinic.org\/es\/\" data-wpel-link=\"external\" rel=\"external noopener noreferrer\">Cl\u00ednica M\u00e9dica Vida<\/a> Ofrecemos citas educativas gratuitas y personalizadas para apoyar a futuras mam\u00e1s y madres primerizas. Nuestra consejera de lactancia certificada ofrece educaci\u00f3n y consultas individuales sobre lactancia, mientras que nuestras enfermeras experimentadas ofrecen clases individuales de parto y alumbramiento adaptadas a sus necesidades. Estas citas educativas son gratuitas y no es necesario ser paciente de la cl\u00ednica para participar; nuestro equipo est\u00e1 aqu\u00ed para apoyarla en cada paso del proceso.<\/p>\t\t\t\t\t\t\t\t<\/div>\n\t\t\t\t<\/div>\n\t\t\t\t\t<\/div>\n\t\t<\/div>\n\t\t\t\t\t<\/div>\n\t\t<\/section>\n\t\t\t\t<section class=\"elementor-section elementor-top-section elementor-element elementor-element-9b43340 elementor-section-boxed elementor-section-height-default elementor-section-height-default\" data-id=\"9b43340\" data-element_type=\"section\" data-e-type=\"section\">\n\t\t\t\t\t\t<div class=\"elementor-container elementor-column-gap-default\">\n\t\t\t\t\t<div class=\"elementor-column elementor-col-50 elementor-top-column elementor-element elementor-element-36f3bb9\" data-id=\"36f3bb9\" data-element_type=\"column\" data-e-type=\"column\">\n\t\t\t<div class=\"elementor-widget-wrap elementor-element-populated\">\n\t\t\t\t\t\t<div class=\"elementor-element elementor-element-94fb65f elementor-position-top elementor-widget elementor-widget-image-box\" data-id=\"94fb65f\" data-element_type=\"widget\" data-e-type=\"widget\" data-widget_type=\"image-box.default\">\n\t\t\t\t<div class=\"elementor-widget-container\">\n\t\t\t\t\t<div class=\"elementor-image-box-wrapper\"><figure class=\"elementor-image-box-img\"><a href=\"https:\/\/vidamedicalclinic.org\/es\/childbirth-education\/\" tabindex=\"-1\" data-wpel-link=\"external\" rel=\"external noopener noreferrer\"><img fetchpriority=\"high\" decoding=\"async\" width=\"900\" height=\"600\" src=\"https:\/\/vidamedicalclinic.org\/wp-content\/uploads\/2026\/02\/Support-Website-Images-3-x-2-in-1.jpg\" class=\"attachment-full size-full wp-image-8847\" alt=\"\" srcset=\"https:\/\/vidamedicalclinic.org\/wp-content\/uploads\/2026\/02\/Support-Website-Images-3-x-2-in-1.jpg 900w, https:\/\/vidamedicalclinic.org\/wp-content\/uploads\/2026\/02\/Support-Website-Images-3-x-2-in-1-300x200.jpg 300w, https:\/\/vidamedicalclinic.org\/wp-content\/uploads\/2026\/02\/Support-Website-Images-3-x-2-in-1-768x512.jpg 768w, https:\/\/vidamedicalclinic.org\/wp-content\/uploads\/2026\/02\/Support-Website-Images-3-x-2-in-1-18x12.jpg 18w\" sizes=\"(max-width: 900px) 100vw, 900px\" \/><\/a><\/figure><div class=\"elementor-image-box-content\"><h3 class=\"elementor-image-box-title\"><a href=\"https:\/\/vidamedicalclinic.org\/es\/childbirth-education\/\" data-wpel-link=\"external\" rel=\"external noopener noreferrer\">Educaci\u00f3n sobre el parto<\/a><\/h3><\/div><\/div>\t\t\t\t<\/div>\n\t\t\t\t<\/div>\n\t\t\t\t<div class=\"elementor-element elementor-element-87bed40 elementor-align-center elementor-widget elementor-widget-button\" data-id=\"87bed40\" data-element_type=\"widget\" data-e-type=\"widget\" data-widget_type=\"button.default\">\n\t\t\t\t<div class=\"elementor-widget-container\">\n\t\t\t\t\t\t\t\t\t<div class=\"elementor-button-wrapper\">\n\t\t\t\t\t<a class=\"elementor-button elementor-button-link elementor-size-sm\" href=\"https:\/\/vidamedicalclinic.org\/es\/childbirth-education\/\" data-wpel-link=\"external\" rel=\"external noopener noreferrer\">\n\t\t\t\t\t\t<span class=\"elementor-button-content-wrapper\">\n\t\t\t\t\t\t\t\t\t<span class=\"elementor-button-text\">Aprende m\u00e1s<\/span>\n\t\t\t\t\t<\/span>\n\t\t\t\t\t<\/a>\n\t\t\t\t<\/div>\n\t\t\t\t\t\t\t\t<\/div>\n\t\t\t\t<\/div>\n\t\t\t\t<div class=\"elementor-element elementor-element-1ef5056 elementor-widget elementor-widget-spacer\" data-id=\"1ef5056\" data-element_type=\"widget\" data-e-type=\"widget\" data-widget_type=\"spacer.default\">\n\t\t\t\t<div class=\"elementor-widget-container\">\n\t\t\t\t\t\t\t<div class=\"elementor-spacer\">\n\t\t\t<div class=\"elementor-spacer-inner\"><\/div>\n\t\t<\/div>\n\t\t\t\t\t\t<\/div>\n\t\t\t\t<\/div>\n\t\t\t\t\t<\/div>\n\t\t<\/div>\n\t\t\t\t<div class=\"elementor-column elementor-col-50 elementor-top-column elementor-element elementor-element-2bc8505\" data-id=\"2bc8505\" data-element_type=\"column\" data-e-type=\"column\">\n\t\t\t<div class=\"elementor-widget-wrap elementor-element-populated\">\n\t\t\t\t\t\t<div class=\"elementor-element elementor-element-c8f09f9 elementor-position-top elementor-widget elementor-widget-image-box\" data-id=\"c8f09f9\" data-element_type=\"widget\" data-e-type=\"widget\" data-widget_type=\"image-box.default\">\n\t\t\t\t<div class=\"elementor-widget-container\">\n\t\t\t\t\t<div class=\"elementor-image-box-wrapper\"><figure class=\"elementor-image-box-img\"><a href=\"https:\/\/vidamedicalclinic.org\/es\/breastfeeding-education\/\" tabindex=\"-1\" data-wpel-link=\"external\" rel=\"external noopener noreferrer\"><img decoding=\"async\" width=\"900\" height=\"600\" src=\"https:\/\/vidamedicalclinic.org\/wp-content\/uploads\/2026\/02\/Support-Website-Images-3-x-2-in.jpg\" class=\"attachment-full size-full wp-image-8848\" alt=\"\" srcset=\"https:\/\/vidamedicalclinic.org\/wp-content\/uploads\/2026\/02\/Support-Website-Images-3-x-2-in.jpg 900w, https:\/\/vidamedicalclinic.org\/wp-content\/uploads\/2026\/02\/Support-Website-Images-3-x-2-in-300x200.jpg 300w, https:\/\/vidamedicalclinic.org\/wp-content\/uploads\/2026\/02\/Support-Website-Images-3-x-2-in-768x512.jpg 768w, https:\/\/vidamedicalclinic.org\/wp-content\/uploads\/2026\/02\/Support-Website-Images-3-x-2-in-18x12.jpg 18w\" sizes=\"(max-width: 900px) 100vw, 900px\" \/><\/a><\/figure><div class=\"elementor-image-box-content\"><h3 class=\"elementor-image-box-title\"><a href=\"https:\/\/vidamedicalclinic.org\/es\/breastfeeding-education\/\" data-wpel-link=\"external\" rel=\"external noopener noreferrer\">Educaci\u00f3n sobre la lactancia materna<\/a><\/h3><\/div><\/div>\t\t\t\t<\/div>\n\t\t\t\t<\/div>\n\t\t\t\t<div class=\"elementor-element elementor-element-e78f9fa elementor-align-center elementor-widget elementor-widget-button\" data-id=\"e78f9fa\" data-element_type=\"widget\" data-e-type=\"widget\" data-widget_type=\"button.default\">\n\t\t\t\t<div class=\"elementor-widget-container\">\n\t\t\t\t\t\t\t\t\t<div class=\"elementor-button-wrapper\">\n\t\t\t\t\t<a class=\"elementor-button elementor-button-link elementor-size-sm\" href=\"https:\/\/vidamedicalclinic.org\/es\/breastfeeding-education\/\" data-wpel-link=\"external\" rel=\"external noopener noreferrer\">\n\t\t\t\t\t\t<span class=\"elementor-button-content-wrapper\">\n\t\t\t\t\t\t\t\t\t<span class=\"elementor-button-text\">Aprende m\u00e1s<\/span>\n\t\t\t\t\t<\/span>\n\t\t\t\t\t<\/a>\n\t\t\t\t<\/div>\n\t\t\t\t\t\t\t\t<\/div>\n\t\t\t\t<\/div>\n\t\t\t\t\t<\/div>\n\t\t<\/div>\n\t\t\t\t\t<\/div>\n\t\t<\/section>\n\t\t\t\t<section class=\"elementor-section elementor-top-section elementor-element elementor-element-8a675d0 elementor-section-boxed elementor-section-height-default elementor-section-height-default\" data-id=\"8a675d0\" data-element_type=\"section\" data-e-type=\"section\" data-settings=\"{&quot;background_background&quot;:&quot;classic&quot;}\">\n\t\t\t\t\t\t<div class=\"elementor-container elementor-column-gap-wide\">\n\t\t\t\t\t<div class=\"elementor-column elementor-col-100 elementor-top-column elementor-element elementor-element-f099f13\" data-id=\"f099f13\" data-element_type=\"column\" data-e-type=\"column\">\n\t\t\t<div class=\"elementor-widget-wrap elementor-element-populated\">\n\t\t\t\t\t\t<div class=\"elementor-element elementor-element-7b07fdd elementor-widget elementor-widget-heading\" data-id=\"7b07fdd\" data-element_type=\"widget\" data-e-type=\"widget\" data-widget_type=\"heading.default\">\n\t\t\t\t<div class=\"elementor-widget-container\">\n\t\t\t\t\t<h2 class=\"elementor-heading-title elementor-size-default\">Solicite una cita con nosotros hoy<\/h2>\t\t\t\t<\/div>\n\t\t\t\t<\/div>\n\t\t\t\t\t<\/div>\n\t\t<\/div>\n\t\t\t\t\t<\/div>\n\t\t<\/section>\n\t\t\t\t<section class=\"elementor-section elementor-top-section elementor-element elementor-element-e302712 elementor-section-boxed elementor-section-height-default elementor-section-height-default\" data-id=\"e302712\" data-element_type=\"section\" data-e-type=\"section\" data-settings=\"{&quot;background_background&quot;:&quot;classic&quot;}\">\n\t\t\t\t\t\t<div class=\"elementor-container elementor-column-gap-default\">\n\t\t\t\t\t<div class=\"elementor-column elementor-col-50 elementor-top-column elementor-element elementor-element-c01dc09\" data-id=\"c01dc09\" data-element_type=\"column\" data-e-type=\"column\">\n\t\t\t<div class=\"elementor-widget-wrap elementor-element-populated\">\n\t\t\t\t\t\t<div class=\"elementor-element elementor-element-2027867 elementor-align-center elementor-widget elementor-widget-button\" data-id=\"2027867\" data-element_type=\"widget\" data-e-type=\"widget\" data-widget_type=\"button.default\">\n\t\t\t\t<div class=\"elementor-widget-container\">\n\t\t\t\t\t\t\t\t\t<div class=\"elementor-button-wrapper\">\n\t\t\t\t\t<a class=\"elementor-button elementor-button-link elementor-size-xl\" href=\"tel:9207314354\" data-wpel-link=\"internal\">\n\t\t\t\t\t\t<span class=\"elementor-button-content-wrapper\">\n\t\t\t\t\t\t<span class=\"elementor-button-icon\">\n\t\t\t\t<i aria-hidden=\"true\" class=\"fas fa-phone-alt\"><\/i>\t\t\t<\/span>\n\t\t\t\t\t\t\t\t\t<span class=\"elementor-button-text\">Llamar<\/span>\n\t\t\t\t\t<\/span>\n\t\t\t\t\t<\/a>\n\t\t\t\t<\/div>\n\t\t\t\t\t\t\t\t<\/div>\n\t\t\t\t<\/div>\n\t\t\t\t\t<\/div>\n\t\t<\/div>\n\t\t\t\t<div class=\"elementor-column elementor-col-50 elementor-top-column elementor-element elementor-element-fca2b04\" data-id=\"fca2b04\" data-element_type=\"column\" data-e-type=\"column\">\n\t\t\t<div class=\"elementor-widget-wrap elementor-element-populated\">\n\t\t\t\t\t\t<div class=\"elementor-element elementor-element-2ddd6d6 elementor-align-left elementor-widget elementor-widget-button\" data-id=\"2ddd6d6\" data-element_type=\"widget\" data-e-type=\"widget\" data-widget_type=\"button.default\">\n\t\t\t\t<div class=\"elementor-widget-container\">\n\t\t\t\t\t\t\t\t\t<div class=\"elementor-button-wrapper\">\n\t\t\t\t\t<a class=\"elementor-button elementor-button-link elementor-size-xl\" href=\"http:\/\/vidamedicalclinic.org\/es\/request-an-appointment\/\" data-wpel-link=\"external\" rel=\"external noopener noreferrer\">\n\t\t\t\t\t\t<span class=\"elementor-button-content-wrapper\">\n\t\t\t\t\t\t<span class=\"elementor-button-icon\">\n\t\t\t\t<i aria-hidden=\"true\" class=\"far fa-calendar-check\"><\/i>\t\t\t<\/span>\n\t\t\t\t\t\t\t\t\t<span class=\"elementor-button-text\">Pedir una cita<\/span>\n\t\t\t\t\t<\/span>\n\t\t\t\t\t<\/a>\n\t\t\t\t<\/div>\n\t\t\t\t\t\t\t\t<\/div>\n\t\t\t\t<\/div>\n\t\t\t\t\t<\/div>\n\t\t<\/div>\n\t\t\t\t\t<\/div>\n\t\t<\/section>\n\t\t\t\t<\/div>","protected":false},"excerpt":{"rendered":"<p>What Education Appointments does Vida Medical Clinic Offer? Vida Medical Clinic offers free, personalized education appointments to support expectant and new moms. Our certified lactation counselor provides one-on-one breastfeeding education and lactation consultations, while our experienced nurses offer individual labor and delivery classes tailored to your needs. These education appointments are available at no cost, [&hellip;]<\/p>\n","protected":false},"author":12,"featured_media":0,"parent":0,"menu_order":0,"comment_status":"closed","ping_status":"closed","template":"","meta":{"footnotes":""},"class_list":["post-8843","page","type-page","status-publish","hentry"],"yoast_head":"<!-- This site is optimized with the Yoast SEO plugin v27.4 - https:\/\/yoast.com\/product\/yoast-seo-wordpress\/ -->\n<title>Education - Vida Medical Clinic<\/title>\n<meta name=\"robots\" content=\"index, follow, max-snippet:-1, max-image-preview:large, max-video-preview:-1\" \/>\n<link rel=\"canonical\" href=\"https:\/\/vidamedicalclinic.org\/es\/education\/\" \/>\n<meta property=\"og:locale\" content=\"es_MX\" \/>\n<meta property=\"og:type\" content=\"article\" \/>\n<meta property=\"og:title\" content=\"Education - Vida Medical Clinic\" \/>\n<meta property=\"og:description\" content=\"What Education Appointments does Vida Medical Clinic Offer? Vida Medical Clinic offers free, personalized education appointments to support expectant and new moms. Our certified lactation counselor provides one-on-one breastfeeding education and lactation consultations, while our experienced nurses offer individual labor and delivery classes tailored to your needs. These education appointments are available at no cost, [&hellip;]\" \/>\n<meta property=\"og:url\" content=\"https:\/\/vidamedicalclinic.org\/es\/education\/\" \/>\n<meta property=\"og:site_name\" content=\"Vida Medical Clinic\" \/>\n<meta property=\"article:modified_time\" content=\"2026-02-24T14:54:15+00:00\" \/>\n<meta property=\"og:image\" content=\"https:\/\/vidamedicalclinic.org\/wp-content\/uploads\/2026\/02\/Support-Website-Images-3-x-2-in-1.jpg\" \/>\n\t<meta property=\"og:image:width\" content=\"900\" \/>\n\t<meta property=\"og:image:height\" content=\"600\" \/>\n\t<meta property=\"og:image:type\" content=\"image\/jpeg\" \/>\n<meta name=\"twitter:card\" content=\"summary_large_image\" \/>\n<meta name=\"twitter:label1\" content=\"Tiempo de lectura\" \/>\n\t<meta name=\"twitter:data1\" content=\"1 minuto\" \/>\n<!-- \/ Yoast SEO plugin. -->","yoast_head_json":{"title":"Education - Vida Medical Clinic","robots":{"index":"index","follow":"follow","max-snippet":"max-snippet:-1","max-image-preview":"max-image-preview:large","max-video-preview":"max-video-preview:-1"},"canonical":"https:\/\/vidamedicalclinic.org\/es\/education\/","og_locale":"es_MX","og_type":"article","og_title":"Education - Vida Medical Clinic","og_description":"What Education Appointments does Vida Medical Clinic Offer? Vida Medical Clinic offers free, personalized education appointments to support expectant and new moms. Our certified lactation counselor provides one-on-one breastfeeding education and lactation consultations, while our experienced nurses offer individual labor and delivery classes tailored to your needs. These education appointments are available at no cost, [&hellip;]","og_url":"https:\/\/vidamedicalclinic.org\/es\/education\/","og_site_name":"Vida Medical Clinic","article_modified_time":"2026-02-24T14:54:15+00:00","og_image":[{"width":900,"height":600,"url":"https:\/\/vidamedicalclinic.org\/wp-content\/uploads\/2026\/02\/Support-Website-Images-3-x-2-in-1.jpg","type":"image\/jpeg"}],"twitter_card":"summary_large_image","twitter_misc":{"Tiempo de lectura":"1 minuto"},"schema":{"@context":"https:\/\/schema.org","@graph":[{"@type":"WebPage","@id":"https:\/\/vidamedicalclinic.org\/education\/","url":"https:\/\/vidamedicalclinic.org\/education\/","name":"Education - Vida Medical Clinic","isPartOf":{"@id":"https:\/\/vidamedicalclinic.org\/#website"},"primaryImageOfPage":{"@id":"https:\/\/vidamedicalclinic.org\/education\/#primaryimage"},"image":{"@id":"https:\/\/vidamedicalclinic.org\/education\/#primaryimage"},"thumbnailUrl":"https:\/\/vidamedicalclinic.org\/wp-content\/uploads\/2026\/02\/Support-Website-Images-3-x-2-in-1.jpg","datePublished":"2026-02-24T14:19:03+00:00","dateModified":"2026-02-24T14:54:15+00:00","breadcrumb":{"@id":"https:\/\/vidamedicalclinic.org\/education\/#breadcrumb"},"inLanguage":"es","potentialAction":[{"@type":"ReadAction","target":["https:\/\/vidamedicalclinic.org\/education\/"]}]},{"@type":"ImageObject","inLanguage":"es","@id":"https:\/\/vidamedicalclinic.org\/education\/#primaryimage","url":"https:\/\/vidamedicalclinic.org\/wp-content\/uploads\/2026\/02\/Support-Website-Images-3-x-2-in-1.jpg","contentUrl":"https:\/\/vidamedicalclinic.org\/wp-content\/uploads\/2026\/02\/Support-Website-Images-3-x-2-in-1.jpg"},{"@type":"BreadcrumbList","@id":"https:\/\/vidamedicalclinic.org\/education\/#breadcrumb","itemListElement":[{"@type":"ListItem","position":1,"name":"Home","item":"https:\/\/vidamedicalclinic.org\/"},{"@type":"ListItem","position":2,"name":"Education"}]},{"@type":"WebSite","@id":"https:\/\/vidamedicalclinic.org\/#website","url":"https:\/\/vidamedicalclinic.org\/","name":"Cl\u00ednica M\u00e9dica Vida","description":"","publisher":{"@id":"https:\/\/vidamedicalclinic.org\/#organization"},"potentialAction":[{"@type":"SearchAction","target":{"@type":"EntryPoint","urlTemplate":"https:\/\/vidamedicalclinic.org\/?s={search_term_string}"},"query-input":{"@type":"PropertyValueSpecification","valueRequired":true,"valueName":"search_term_string"}}],"inLanguage":"es"},{"@type":"Organization","@id":"https:\/\/vidamedicalclinic.org\/#organization","name":"Cl\u00ednica M\u00e9dica Vida","url":"https:\/\/vidamedicalclinic.org\/","logo":{"@type":"ImageObject","inLanguage":"es","@id":"https:\/\/vidamedicalclinic.org\/#\/schema\/logo\/image\/","url":"https:\/\/vidamedicalclinic.org\/wp-content\/uploads\/2022\/08\/vida-desktop-logo.png","contentUrl":"https:\/\/vidamedicalclinic.org\/wp-content\/uploads\/2022\/08\/vida-desktop-logo.png","width":176,"height":91,"caption":"Vida Medical Clinic"},"image":{"@id":"https:\/\/vidamedicalclinic.org\/#\/schema\/logo\/image\/"}}]}},"_links":{"self":[{"href":"https:\/\/vidamedicalclinic.org\/es\/wp-json\/wp\/v2\/pages\/8843","targetHints":{"allow":["GET"]}}],"collection":[{"href":"https:\/\/vidamedicalclinic.org\/es\/wp-json\/wp\/v2\/pages"}],"about":[{"href":"https:\/\/vidamedicalclinic.org\/es\/wp-json\/wp\/v2\/types\/page"}],"author":[{"embeddable":true,"href":"https:\/\/vidamedicalclinic.org\/es\/wp-json\/wp\/v2\/users\/12"}],"replies":[{"embeddable":true,"href":"https:\/\/vidamedicalclinic.org\/es\/wp-json\/wp\/v2\/comments?post=8843"}],"version-history":[{"count":7,"href":"https:\/\/vidamedicalclinic.org\/es\/wp-json\/wp\/v2\/pages\/8843\/revisions"}],"predecessor-version":[{"id":8856,"href":"https:\/\/vidamedicalclinic.org\/es\/wp-json\/wp\/v2\/pages\/8843\/revisions\/8856"}],"wp:attachment":[{"href":"https:\/\/vidamedicalclinic.org\/es\/wp-json\/wp\/v2\/media?parent=8843"}],"curies":[{"name":"gracias","href":"https:\/\/api.w.org\/{rel}","templated":true}]}}