{"id":8805,"date":"2026-02-23T11:26:09","date_gmt":"2026-02-23T17:26:09","guid":{"rendered":"https:\/\/vidamedicalclinic.org\/?page_id=8805"},"modified":"2026-02-23T11:49:54","modified_gmt":"2026-02-23T17:49:54","slug":"greenbay","status":"publish","type":"page","link":"https:\/\/vidamedicalclinic.org\/es\/greenbay\/","title":{"rendered":"Bah\u00eda Verde"},"content":{"rendered":"<div data-elementor-type=\"wp-page\" data-elementor-id=\"8805\" class=\"elementor elementor-8805\" data-elementor-post-type=\"page\">\n\t\t\t\t\t\t<section class=\"elementor-section elementor-top-section elementor-element elementor-element-ae4b00a elementor-section-height-min-height elementor-section-boxed elementor-section-height-default elementor-section-items-middle\" data-id=\"ae4b00a\" data-element_type=\"section\" data-e-type=\"section\" data-settings=\"{&quot;background_background&quot;:&quot;classic&quot;,&quot;shape_divider_bottom&quot;:&quot;mountains&quot;}\">\n\t\t\t\t\t<div class=\"elementor-shape elementor-shape-bottom\" aria-hidden=\"true\" data-negative=\"false\">\n\t\t\t<svg xmlns=\"http:\/\/www.w3.org\/2000\/svg\" viewbox=\"0 0 1000 100\" preserveaspectratio=\"none\">\n\t<path class=\"elementor-shape-fill\" opacity=\"0.33\" d=\"M473,67.3c-203.9,88.3-263.1-34-320.3,0C66,119.1,0,59.7,0,59.7V0h1000v59.7 c0,0-62.1,26.1-94.9,29.3c-32.8,3.3-62.8-12.3-75.8-22.1C806,49.6,745.3,8.7,694.9,4.7S492.4,59,473,67.3z\"\/>\n\t<path class=\"elementor-shape-fill\" opacity=\"0.66\" d=\"M734,67.3c-45.5,0-77.2-23.2-129.1-39.1c-28.6-8.7-150.3-10.1-254,39.1 s-91.7-34.4-149.2,0C115.7,118.3,0,39.8,0,39.8V0h1000v36.5c0,0-28.2-18.5-92.1-18.5C810.2,18.1,775.7,67.3,734,67.3z\"\/>\n\t<path class=\"elementor-shape-fill\" d=\"M766.1,28.9c-200-57.5-266,65.5-395.1,19.5C242,1.8,242,5.4,184.8,20.6C128,35.8,132.3,44.9,89.9,52.5C28.6,63.7,0,0,0,0 h1000c0,0-9.9,40.9-83.6,48.1S829.6,47,766.1,28.9z\"\/>\n<\/svg>\t\t<\/div>\n\t\t\t\t\t<div class=\"elementor-container elementor-column-gap-default\">\n\t\t\t\t\t<div class=\"elementor-column elementor-col-100 elementor-top-column elementor-element elementor-element-8282bcf\" data-id=\"8282bcf\" data-element_type=\"column\" data-e-type=\"column\">\n\t\t\t<div class=\"elementor-widget-wrap elementor-element-populated\">\n\t\t\t\t\t\t\t<\/div>\n\t\t<\/div>\n\t\t\t\t\t<\/div>\n\t\t<\/section>\n\t\t\t\t<section class=\"elementor-section elementor-top-section elementor-element elementor-element-0f5437f elementor-section-boxed elementor-section-height-default elementor-section-height-default\" data-id=\"0f5437f\" data-element_type=\"section\" data-e-type=\"section\">\n\t\t\t\t\t\t<div class=\"elementor-container elementor-column-gap-default\">\n\t\t\t\t\t<div class=\"elementor-column elementor-col-100 elementor-top-column elementor-element elementor-element-7935c99\" data-id=\"7935c99\" data-element_type=\"column\" data-e-type=\"column\">\n\t\t\t<div class=\"elementor-widget-wrap elementor-element-populated\">\n\t\t\t\t\t\t<div class=\"elementor-element elementor-element-023c66a elementor-widget elementor-widget-text-editor\" data-id=\"023c66a\" data-element_type=\"widget\" data-e-type=\"widget\" data-widget_type=\"text-editor.default\">\n\t\t\t\t<div class=\"elementor-widget-container\">\n\t\t\t\t\t\t\t\t\t<div data-id=\"10c77f6\" data-element_type=\"widget\" data-widget_type=\"heading.default\"><div><h2>Cl\u00ednica M\u00e9dica Vida<\/h2><\/div><\/div><div data-id=\"12a2a0d\" data-element_type=\"widget\" data-widget_type=\"text-editor.default\"><div><p>Vida ofrece apoyo m\u00e9dico gratuito, incluyendo pruebas de embarazo, ecograf\u00edas, pruebas y tratamiento de ITS, ex\u00e1menes p\u00e9lvicos, de mama y m\u00e1s. Conozca m\u00e1s sobre nuestros servicios m\u00e9dicos. <a style=\"background-color: #ffffff; color: #035c8e;\" href=\"http:\/\/vidamedicalclinic.org\/es\/\" target=\"_blank\" rel=\"noopener\" data-wpel-link=\"internal\">aqu\u00ed<\/a>.<\/p><p><strong>Ubicaci\u00f3n:\u00a0<\/strong><a href=\"https:\/\/share.google\/tHFv7OtPfWwPAg8pR\" target=\"_blank\" rel=\"noopener external noreferrer\" data-wpel-link=\"external\">670 Cormier Road, Suite B, Green Bay, WI 54304<\/a><br \/><em>La entrada a la Cl\u00ednica M\u00e9dica se encuentra en la parte trasera del edificio (Suite B)<\/em><\/p><p><strong>Horas:\u00a0<\/strong>Martes a mi\u00e9rcoles de 9 a 17 h<\/p><\/div><\/div>\t\t\t\t\t\t\t\t<\/div>\n\t\t\t\t<\/div>\n\t\t\t\t\t<\/div>\n\t\t<\/div>\n\t\t\t\t\t<\/div>\n\t\t<\/section>\n\t\t\t\t<section class=\"elementor-section elementor-top-section elementor-element elementor-element-467dc78 elementor-section-boxed elementor-section-height-default elementor-section-height-default\" data-id=\"467dc78\" data-element_type=\"section\" data-e-type=\"section\">\n\t\t\t\t\t\t<div class=\"elementor-container elementor-column-gap-default\">\n\t\t\t\t\t<div class=\"elementor-column elementor-col-33 elementor-top-column elementor-element elementor-element-200cb94\" data-id=\"200cb94\" data-element_type=\"column\" data-e-type=\"column\">\n\t\t\t<div class=\"elementor-widget-wrap elementor-element-populated\">\n\t\t\t\t\t\t<div class=\"elementor-element elementor-element-e9b84d5 elementor-widget elementor-widget-image\" data-id=\"e9b84d5\" data-element_type=\"widget\" data-e-type=\"widget\" data-widget_type=\"image.default\">\n\t\t\t\t<div class=\"elementor-widget-container\">\n\t\t\t\t\t\t\t\t\t\t\t\t\t\t\t<img fetchpriority=\"high\" decoding=\"async\" width=\"800\" height=\"533\" src=\"https:\/\/vidamedicalclinic.org\/wp-content\/uploads\/2026\/02\/Medical-Website-Images-6-x-4-in-7.jpg\" class=\"attachment-large size-large wp-image-8821\" alt=\"\" srcset=\"https:\/\/vidamedicalclinic.org\/wp-content\/uploads\/2026\/02\/Medical-Website-Images-6-x-4-in-7.jpg 900w, https:\/\/vidamedicalclinic.org\/wp-content\/uploads\/2026\/02\/Medical-Website-Images-6-x-4-in-7-300x200.jpg 300w, https:\/\/vidamedicalclinic.org\/wp-content\/uploads\/2026\/02\/Medical-Website-Images-6-x-4-in-7-768x512.jpg 768w, https:\/\/vidamedicalclinic.org\/wp-content\/uploads\/2026\/02\/Medical-Website-Images-6-x-4-in-7-18x12.jpg 18w\" sizes=\"(max-width: 800px) 100vw, 800px\" \/>\t\t\t\t\t\t\t\t\t\t\t\t\t\t\t<\/div>\n\t\t\t\t<\/div>\n\t\t\t\t\t<\/div>\n\t\t<\/div>\n\t\t\t\t<div class=\"elementor-column elementor-col-33 elementor-top-column elementor-element elementor-element-939bf27\" data-id=\"939bf27\" data-element_type=\"column\" data-e-type=\"column\">\n\t\t\t<div class=\"elementor-widget-wrap elementor-element-populated\">\n\t\t\t\t\t\t<div class=\"elementor-element elementor-element-3d70d52 elementor-widget elementor-widget-image\" data-id=\"3d70d52\" data-element_type=\"widget\" data-e-type=\"widget\" data-widget_type=\"image.default\">\n\t\t\t\t<div class=\"elementor-widget-container\">\n\t\t\t\t\t\t\t\t\t\t\t\t\t\t\t<img decoding=\"async\" width=\"800\" height=\"533\" src=\"https:\/\/vidamedicalclinic.org\/wp-content\/uploads\/2026\/02\/Medical-Website-Images-6-x-4-in-4.jpg\" class=\"attachment-large size-large wp-image-8811\" alt=\"\" srcset=\"https:\/\/vidamedicalclinic.org\/wp-content\/uploads\/2026\/02\/Medical-Website-Images-6-x-4-in-4.jpg 900w, https:\/\/vidamedicalclinic.org\/wp-content\/uploads\/2026\/02\/Medical-Website-Images-6-x-4-in-4-300x200.jpg 300w, https:\/\/vidamedicalclinic.org\/wp-content\/uploads\/2026\/02\/Medical-Website-Images-6-x-4-in-4-768x512.jpg 768w, https:\/\/vidamedicalclinic.org\/wp-content\/uploads\/2026\/02\/Medical-Website-Images-6-x-4-in-4-18x12.jpg 18w\" sizes=\"(max-width: 800px) 100vw, 800px\" \/>\t\t\t\t\t\t\t\t\t\t\t\t\t\t\t<\/div>\n\t\t\t\t<\/div>\n\t\t\t\t\t<\/div>\n\t\t<\/div>\n\t\t\t\t<div class=\"elementor-column elementor-col-33 elementor-top-column elementor-element elementor-element-4cf959a\" data-id=\"4cf959a\" data-element_type=\"column\" data-e-type=\"column\">\n\t\t\t<div class=\"elementor-widget-wrap elementor-element-populated\">\n\t\t\t\t\t\t<div class=\"elementor-element elementor-element-032c3fc elementor-widget elementor-widget-image\" data-id=\"032c3fc\" data-element_type=\"widget\" data-e-type=\"widget\" data-widget_type=\"image.default\">\n\t\t\t\t<div class=\"elementor-widget-container\">\n\t\t\t\t\t\t\t\t\t\t\t\t\t\t\t<img decoding=\"async\" width=\"800\" height=\"533\" src=\"https:\/\/vidamedicalclinic.org\/wp-content\/uploads\/2026\/02\/Medical-Website-Images-6-x-4-in-5.jpg\" class=\"attachment-large size-large wp-image-8810\" alt=\"\" srcset=\"https:\/\/vidamedicalclinic.org\/wp-content\/uploads\/2026\/02\/Medical-Website-Images-6-x-4-in-5.jpg 900w, https:\/\/vidamedicalclinic.org\/wp-content\/uploads\/2026\/02\/Medical-Website-Images-6-x-4-in-5-300x200.jpg 300w, https:\/\/vidamedicalclinic.org\/wp-content\/uploads\/2026\/02\/Medical-Website-Images-6-x-4-in-5-768x512.jpg 768w, https:\/\/vidamedicalclinic.org\/wp-content\/uploads\/2026\/02\/Medical-Website-Images-6-x-4-in-5-18x12.jpg 18w\" sizes=\"(max-width: 800px) 100vw, 800px\" \/>\t\t\t\t\t\t\t\t\t\t\t\t\t\t\t<\/div>\n\t\t\t\t<\/div>\n\t\t\t\t\t<\/div>\n\t\t<\/div>\n\t\t\t\t\t<\/div>\n\t\t<\/section>\n\t\t\t\t<section class=\"elementor-section elementor-top-section elementor-element elementor-element-e6d4a3c elementor-section-boxed elementor-section-height-default elementor-section-height-default\" data-id=\"e6d4a3c\" data-element_type=\"section\" data-e-type=\"section\">\n\t\t\t\t\t\t<div class=\"elementor-container elementor-column-gap-default\">\n\t\t\t\t\t<div class=\"elementor-column elementor-col-33 elementor-top-column elementor-element elementor-element-02e5a37\" data-id=\"02e5a37\" data-element_type=\"column\" data-e-type=\"column\">\n\t\t\t<div class=\"elementor-widget-wrap elementor-element-populated\">\n\t\t\t\t\t\t<div class=\"elementor-element elementor-element-89dcd95 elementor-widget elementor-widget-image\" data-id=\"89dcd95\" data-element_type=\"widget\" data-e-type=\"widget\" data-widget_type=\"image.default\">\n\t\t\t\t<div class=\"elementor-widget-container\">\n\t\t\t\t\t\t\t\t\t\t\t\t\t\t\t<img loading=\"lazy\" decoding=\"async\" width=\"800\" height=\"533\" src=\"https:\/\/vidamedicalclinic.org\/wp-content\/uploads\/2026\/02\/Medical-Website-Images-6-x-4-in-1.jpg\" class=\"attachment-large size-large wp-image-8808\" alt=\"\" srcset=\"https:\/\/vidamedicalclinic.org\/wp-content\/uploads\/2026\/02\/Medical-Website-Images-6-x-4-in-1.jpg 900w, https:\/\/vidamedicalclinic.org\/wp-content\/uploads\/2026\/02\/Medical-Website-Images-6-x-4-in-1-300x200.jpg 300w, https:\/\/vidamedicalclinic.org\/wp-content\/uploads\/2026\/02\/Medical-Website-Images-6-x-4-in-1-768x512.jpg 768w, https:\/\/vidamedicalclinic.org\/wp-content\/uploads\/2026\/02\/Medical-Website-Images-6-x-4-in-1-18x12.jpg 18w\" sizes=\"(max-width: 800px) 100vw, 800px\" \/>\t\t\t\t\t\t\t\t\t\t\t\t\t\t\t<\/div>\n\t\t\t\t<\/div>\n\t\t\t\t\t<\/div>\n\t\t<\/div>\n\t\t\t\t<div class=\"elementor-column elementor-col-33 elementor-top-column elementor-element elementor-element-2e9982d\" data-id=\"2e9982d\" data-element_type=\"column\" data-e-type=\"column\">\n\t\t\t<div class=\"elementor-widget-wrap elementor-element-populated\">\n\t\t\t\t\t\t<div class=\"elementor-element elementor-element-1d88c6b elementor-widget elementor-widget-image\" data-id=\"1d88c6b\" data-element_type=\"widget\" data-e-type=\"widget\" data-widget_type=\"image.default\">\n\t\t\t\t<div class=\"elementor-widget-container\">\n\t\t\t\t\t\t\t\t\t\t\t\t\t\t\t<img loading=\"lazy\" decoding=\"async\" width=\"800\" height=\"533\" src=\"https:\/\/vidamedicalclinic.org\/wp-content\/uploads\/2026\/02\/Medical-Website-Images-6-x-4-in-3.jpg\" class=\"attachment-large size-large wp-image-8812\" alt=\"\" srcset=\"https:\/\/vidamedicalclinic.org\/wp-content\/uploads\/2026\/02\/Medical-Website-Images-6-x-4-in-3.jpg 900w, https:\/\/vidamedicalclinic.org\/wp-content\/uploads\/2026\/02\/Medical-Website-Images-6-x-4-in-3-300x200.jpg 300w, https:\/\/vidamedicalclinic.org\/wp-content\/uploads\/2026\/02\/Medical-Website-Images-6-x-4-in-3-768x512.jpg 768w, https:\/\/vidamedicalclinic.org\/wp-content\/uploads\/2026\/02\/Medical-Website-Images-6-x-4-in-3-18x12.jpg 18w\" sizes=\"(max-width: 800px) 100vw, 800px\" \/>\t\t\t\t\t\t\t\t\t\t\t\t\t\t\t<\/div>\n\t\t\t\t<\/div>\n\t\t\t\t\t<\/div>\n\t\t<\/div>\n\t\t\t\t<div class=\"elementor-column elementor-col-33 elementor-top-column elementor-element elementor-element-1cb113d\" data-id=\"1cb113d\" data-element_type=\"column\" data-e-type=\"column\">\n\t\t\t<div class=\"elementor-widget-wrap elementor-element-populated\">\n\t\t\t\t\t\t<div class=\"elementor-element elementor-element-82b0b50 elementor-widget elementor-widget-image\" data-id=\"82b0b50\" data-element_type=\"widget\" data-e-type=\"widget\" data-widget_type=\"image.default\">\n\t\t\t\t<div class=\"elementor-widget-container\">\n\t\t\t\t\t\t\t\t\t\t\t\t\t\t\t<img loading=\"lazy\" decoding=\"async\" width=\"800\" height=\"533\" src=\"https:\/\/vidamedicalclinic.org\/wp-content\/uploads\/2026\/02\/Medical-Website-Images-6-x-4-in-6.jpg\" class=\"attachment-large size-large wp-image-8809\" alt=\"\" srcset=\"https:\/\/vidamedicalclinic.org\/wp-content\/uploads\/2026\/02\/Medical-Website-Images-6-x-4-in-6.jpg 900w, https:\/\/vidamedicalclinic.org\/wp-content\/uploads\/2026\/02\/Medical-Website-Images-6-x-4-in-6-300x200.jpg 300w, https:\/\/vidamedicalclinic.org\/wp-content\/uploads\/2026\/02\/Medical-Website-Images-6-x-4-in-6-768x512.jpg 768w, https:\/\/vidamedicalclinic.org\/wp-content\/uploads\/2026\/02\/Medical-Website-Images-6-x-4-in-6-18x12.jpg 18w\" sizes=\"(max-width: 800px) 100vw, 800px\" \/>\t\t\t\t\t\t\t\t\t\t\t\t\t\t\t<\/div>\n\t\t\t\t<\/div>\n\t\t\t\t\t<\/div>\n\t\t<\/div>\n\t\t\t\t\t<\/div>\n\t\t<\/section>\n\t\t\t\t<section class=\"elementor-section elementor-top-section elementor-element elementor-element-aa74d17 elementor-section-boxed elementor-section-height-default elementor-section-height-default\" data-id=\"aa74d17\" data-element_type=\"section\" data-e-type=\"section\">\n\t\t\t\t\t\t<div class=\"elementor-container elementor-column-gap-default\">\n\t\t\t\t\t<div class=\"elementor-column elementor-col-100 elementor-top-column elementor-element elementor-element-b20f6ef\" data-id=\"b20f6ef\" data-element_type=\"column\" data-e-type=\"column\">\n\t\t\t<div class=\"elementor-widget-wrap elementor-element-populated\">\n\t\t\t\t\t\t<div class=\"elementor-element elementor-element-1832e2e elementor-widget elementor-widget-google_maps\" data-id=\"1832e2e\" data-element_type=\"widget\" data-e-type=\"widget\" data-widget_type=\"google_maps.default\">\n\t\t\t\t<div class=\"elementor-widget-container\">\n\t\t\t\t\t\t\t<div class=\"elementor-custom-embed\">\n\t\t\t<iframe loading=\"lazy\"\n\t\t\t\t\tsrc=\"https:\/\/maps.google.com\/maps?q=720%20W.%20Association%20Drive%20Appleton%20WI&#038;t=m&#038;z=12&#038;output=embed&#038;iwloc=near\"\n\t\t\t\t\ttitle=\"720 W. Asociaci\u00f3n Drive Appleton WI\"\n\t\t\t\t\taria-label=\"720 W. Asociaci\u00f3n Drive Appleton WI\"\n\t\t\t><\/iframe>\n\t\t<\/div>\n\t\t\t\t\t\t<\/div>\n\t\t\t\t<\/div>\n\t\t\t\t\t<\/div>\n\t\t<\/div>\n\t\t\t\t\t<\/div>\n\t\t<\/section>\n\t\t\t\t<\/div>","protected":false},"excerpt":{"rendered":"<p>Vida Medical Clinic Vida provides free medical support including pregnancy testing, ultrasounds, STI testing and treatment, Pap\/pelvic and breast exams, and more. Learn more about our medical services here. Location:\u00a0670 Cormier Road, Suite B, Green Bay WI 54304Medical Clinic enterance is located at the back of the building (Suite B) Hours:\u00a0Tuesday-Wednesday 9am-5pm<\/p>","protected":false},"author":12,"featured_media":0,"parent":0,"menu_order":0,"comment_status":"closed","ping_status":"closed","template":"","meta":{"footnotes":""},"class_list":["post-8805","page","type-page","status-publish","hentry"],"yoast_head":"<!-- This site is optimized with the Yoast SEO plugin v27.3 - https:\/\/yoast.com\/product\/yoast-seo-wordpress\/ -->\n<title>Green Bay - Vida Medical Clinic<\/title>\n<meta name=\"robots\" content=\"index, follow, max-snippet:-1, max-image-preview:large, max-video-preview:-1\" \/>\n<link rel=\"canonical\" href=\"https:\/\/vidamedicalclinic.org\/es\/greenbay\/\" \/>\n<meta property=\"og:locale\" content=\"es_MX\" \/>\n<meta property=\"og:type\" content=\"article\" \/>\n<meta property=\"og:title\" content=\"Green Bay - Vida Medical Clinic\" \/>\n<meta property=\"og:description\" content=\"Vida Medical Clinic Vida provides free medical support including pregnancy testing, ultrasounds, STI testing and treatment, Pap\/pelvic and breast exams, and more. Learn more about our medical services here. Location:\u00a0670 Cormier Road, Suite B, Green Bay WI 54304Medical Clinic enterance is located at the back of the building (Suite B) Hours:\u00a0Tuesday-Wednesday 9am-5pm\" \/>\n<meta property=\"og:url\" content=\"https:\/\/vidamedicalclinic.org\/es\/greenbay\/\" \/>\n<meta property=\"og:site_name\" content=\"Vida Medical Clinic\" \/>\n<meta property=\"article:modified_time\" content=\"2026-02-23T17:49:54+00:00\" \/>\n<meta property=\"og:image\" content=\"https:\/\/vidamedicalclinic.org\/wp-content\/uploads\/2026\/02\/Medical-Website-Images-6-x-4-in-7.jpg\" \/>\n\t<meta property=\"og:image:width\" content=\"900\" \/>\n\t<meta property=\"og:image:height\" content=\"600\" \/>\n\t<meta property=\"og:image:type\" content=\"image\/jpeg\" \/>\n<meta name=\"twitter:card\" content=\"summary_large_image\" \/>\n<meta name=\"twitter:label1\" content=\"Tiempo de lectura\" \/>\n\t<meta name=\"twitter:data1\" content=\"2 minutos\" \/>\n<!-- \/ Yoast SEO plugin. -->","yoast_head_json":{"title":"Green Bay - Vida Medical Clinic","robots":{"index":"index","follow":"follow","max-snippet":"max-snippet:-1","max-image-preview":"max-image-preview:large","max-video-preview":"max-video-preview:-1"},"canonical":"https:\/\/vidamedicalclinic.org\/es\/greenbay\/","og_locale":"es_MX","og_type":"article","og_title":"Green Bay - Vida Medical Clinic","og_description":"Vida Medical Clinic Vida provides free medical support including pregnancy testing, ultrasounds, STI testing and treatment, Pap\/pelvic and breast exams, and more. Learn more about our medical services here. Location:\u00a0670 Cormier Road, Suite B, Green Bay WI 54304Medical Clinic enterance is located at the back of the building (Suite B) Hours:\u00a0Tuesday-Wednesday 9am-5pm","og_url":"https:\/\/vidamedicalclinic.org\/es\/greenbay\/","og_site_name":"Vida Medical Clinic","article_modified_time":"2026-02-23T17:49:54+00:00","og_image":[{"width":900,"height":600,"url":"https:\/\/vidamedicalclinic.org\/wp-content\/uploads\/2026\/02\/Medical-Website-Images-6-x-4-in-7.jpg","type":"image\/jpeg"}],"twitter_card":"summary_large_image","twitter_misc":{"Tiempo de lectura":"2 minutos"},"schema":{"@context":"https:\/\/schema.org","@graph":[{"@type":"WebPage","@id":"https:\/\/vidamedicalclinic.org\/greenbay\/","url":"https:\/\/vidamedicalclinic.org\/greenbay\/","name":"Green Bay - Vida Medical Clinic","isPartOf":{"@id":"https:\/\/vidamedicalclinic.org\/#website"},"primaryImageOfPage":{"@id":"https:\/\/vidamedicalclinic.org\/greenbay\/#primaryimage"},"image":{"@id":"https:\/\/vidamedicalclinic.org\/greenbay\/#primaryimage"},"thumbnailUrl":"https:\/\/vidamedicalclinic.org\/wp-content\/uploads\/2026\/02\/Medical-Website-Images-6-x-4-in-7.jpg","datePublished":"2026-02-23T17:26:09+00:00","dateModified":"2026-02-23T17:49:54+00:00","breadcrumb":{"@id":"https:\/\/vidamedicalclinic.org\/greenbay\/#breadcrumb"},"inLanguage":"es","potentialAction":[{"@type":"ReadAction","target":["https:\/\/vidamedicalclinic.org\/greenbay\/"]}]},{"@type":"ImageObject","inLanguage":"es","@id":"https:\/\/vidamedicalclinic.org\/greenbay\/#primaryimage","url":"https:\/\/vidamedicalclinic.org\/wp-content\/uploads\/2026\/02\/Medical-Website-Images-6-x-4-in-7.jpg","contentUrl":"https:\/\/vidamedicalclinic.org\/wp-content\/uploads\/2026\/02\/Medical-Website-Images-6-x-4-in-7.jpg"},{"@type":"BreadcrumbList","@id":"https:\/\/vidamedicalclinic.org\/greenbay\/#breadcrumb","itemListElement":[{"@type":"ListItem","position":1,"name":"Home","item":"https:\/\/vidamedicalclinic.org\/"},{"@type":"ListItem","position":2,"name":"Green Bay"}]},{"@type":"WebSite","@id":"https:\/\/vidamedicalclinic.org\/#website","url":"https:\/\/vidamedicalclinic.org\/","name":"Cl\u00ednica M\u00e9dica Vida","description":"","publisher":{"@id":"https:\/\/vidamedicalclinic.org\/#organization"},"potentialAction":[{"@type":"SearchAction","target":{"@type":"EntryPoint","urlTemplate":"https:\/\/vidamedicalclinic.org\/?s={search_term_string}"},"query-input":{"@type":"PropertyValueSpecification","valueRequired":true,"valueName":"search_term_string"}}],"inLanguage":"es"},{"@type":"Organization","@id":"https:\/\/vidamedicalclinic.org\/#organization","name":"Cl\u00ednica M\u00e9dica Vida","url":"https:\/\/vidamedicalclinic.org\/","logo":{"@type":"ImageObject","inLanguage":"es","@id":"https:\/\/vidamedicalclinic.org\/#\/schema\/logo\/image\/","url":"https:\/\/vidamedicalclinic.org\/wp-content\/uploads\/2022\/08\/vida-desktop-logo.png","contentUrl":"https:\/\/vidamedicalclinic.org\/wp-content\/uploads\/2022\/08\/vida-desktop-logo.png","width":176,"height":91,"caption":"Vida Medical Clinic"},"image":{"@id":"https:\/\/vidamedicalclinic.org\/#\/schema\/logo\/image\/"}}]}},"_links":{"self":[{"href":"https:\/\/vidamedicalclinic.org\/es\/wp-json\/wp\/v2\/pages\/8805","targetHints":{"allow":["GET"]}}],"collection":[{"href":"https:\/\/vidamedicalclinic.org\/es\/wp-json\/wp\/v2\/pages"}],"about":[{"href":"https:\/\/vidamedicalclinic.org\/es\/wp-json\/wp\/v2\/types\/page"}],"author":[{"embeddable":true,"href":"https:\/\/vidamedicalclinic.org\/es\/wp-json\/wp\/v2\/users\/12"}],"replies":[{"embeddable":true,"href":"https:\/\/vidamedicalclinic.org\/es\/wp-json\/wp\/v2\/comments?post=8805"}],"version-history":[{"count":10,"href":"https:\/\/vidamedicalclinic.org\/es\/wp-json\/wp\/v2\/pages\/8805\/revisions"}],"predecessor-version":[{"id":8824,"href":"https:\/\/vidamedicalclinic.org\/es\/wp-json\/wp\/v2\/pages\/8805\/revisions\/8824"}],"wp:attachment":[{"href":"https:\/\/vidamedicalclinic.org\/es\/wp-json\/wp\/v2\/media?parent=8805"}],"curies":[{"name":"gracias","href":"https:\/\/api.w.org\/{rel}","templated":true}]}}