{"id":425,"date":"2019-10-24T12:24:11","date_gmt":"2019-10-24T17:24:11","guid":{"rendered":"http:\/\/bellamedicalclinic.tempurl.host\/?page_id=425"},"modified":"2026-01-27T16:20:17","modified_gmt":"2026-01-27T22:20:17","slug":"pregnancy","status":"publish","type":"page","link":"https:\/\/vidamedicalclinic.org\/es\/pregnancy\/","title":{"rendered":"El embarazo"},"content":{"rendered":"<div data-elementor-type=\"wp-page\" data-elementor-id=\"425\" class=\"elementor elementor-425\" data-elementor-post-type=\"page\">\n\t\t\t\t\t\t<section class=\"elementor-section elementor-top-section elementor-element elementor-element-50a931 elementor-section-height-min-height elementor-section-boxed elementor-section-height-default elementor-section-items-middle\" data-id=\"50a931\" data-element_type=\"section\" data-e-type=\"section\" data-settings=\"{&quot;background_background&quot;:&quot;classic&quot;,&quot;shape_divider_bottom&quot;:&quot;mountains&quot;}\">\n\t\t\t\t\t<div class=\"elementor-shape elementor-shape-bottom\" aria-hidden=\"true\" data-negative=\"false\">\n\t\t\t<svg xmlns=\"http:\/\/www.w3.org\/2000\/svg\" viewbox=\"0 0 1000 100\" preserveaspectratio=\"none\">\n\t<path class=\"elementor-shape-fill\" opacity=\"0.33\" d=\"M473,67.3c-203.9,88.3-263.1-34-320.3,0C66,119.1,0,59.7,0,59.7V0h1000v59.7 c0,0-62.1,26.1-94.9,29.3c-32.8,3.3-62.8-12.3-75.8-22.1C806,49.6,745.3,8.7,694.9,4.7S492.4,59,473,67.3z\"\/>\n\t<path class=\"elementor-shape-fill\" opacity=\"0.66\" d=\"M734,67.3c-45.5,0-77.2-23.2-129.1-39.1c-28.6-8.7-150.3-10.1-254,39.1 s-91.7-34.4-149.2,0C115.7,118.3,0,39.8,0,39.8V0h1000v36.5c0,0-28.2-18.5-92.1-18.5C810.2,18.1,775.7,67.3,734,67.3z\"\/>\n\t<path class=\"elementor-shape-fill\" d=\"M766.1,28.9c-200-57.5-266,65.5-395.1,19.5C242,1.8,242,5.4,184.8,20.6C128,35.8,132.3,44.9,89.9,52.5C28.6,63.7,0,0,0,0 h1000c0,0-9.9,40.9-83.6,48.1S829.6,47,766.1,28.9z\"\/>\n<\/svg>\t\t<\/div>\n\t\t\t\t\t<div class=\"elementor-container elementor-column-gap-default\">\n\t\t\t\t\t<div class=\"elementor-column elementor-col-100 elementor-top-column elementor-element elementor-element-4a20553e\" data-id=\"4a20553e\" data-element_type=\"column\" data-e-type=\"column\">\n\t\t\t<div class=\"elementor-widget-wrap elementor-element-populated\">\n\t\t\t\t\t\t<div class=\"elementor-element elementor-element-f6727cc elementor-widget elementor-widget-heading\" data-id=\"f6727cc\" data-element_type=\"widget\" data-e-type=\"widget\" data-widget_type=\"heading.default\">\n\t\t\t\t<div class=\"elementor-widget-container\">\n\t\t\t\t\t<h2 class=\"elementor-heading-title elementor-size-large\">&quot;Creo que podr\u00eda estar embarazada y no s\u00e9 qu\u00e9 hacer&quot;.<\/h2>\t\t\t\t<\/div>\n\t\t\t\t<\/div>\n\t\t\t\t\t<\/div>\n\t\t<\/div>\n\t\t\t\t\t<\/div>\n\t\t<\/section>\n\t\t\t\t<section class=\"elementor-section elementor-top-section elementor-element elementor-element-4bc47c4 elementor-section-boxed elementor-section-height-default elementor-section-height-default\" data-id=\"4bc47c4\" data-element_type=\"section\" data-e-type=\"section\">\n\t\t\t\t\t\t<div class=\"elementor-container elementor-column-gap-default\">\n\t\t\t\t\t<div class=\"elementor-column elementor-col-100 elementor-top-column elementor-element elementor-element-a910ff2\" data-id=\"a910ff2\" data-element_type=\"column\" data-e-type=\"column\">\n\t\t\t<div class=\"elementor-widget-wrap elementor-element-populated\">\n\t\t\t\t\t\t<div class=\"elementor-element elementor-element-ba29a7f elementor-widget elementor-widget-heading\" data-id=\"ba29a7f\" data-element_type=\"widget\" data-e-type=\"widget\" data-widget_type=\"heading.default\">\n\t\t\t\t<div class=\"elementor-widget-container\">\n\t\t\t\t\t<h2 class=\"elementor-heading-title elementor-size-default\">Si eres t\u00fa, podemos ayudarte.<\/h2>\t\t\t\t<\/div>\n\t\t\t\t<\/div>\n\t\t\t\t<div class=\"elementor-element elementor-element-2ff6c79 elementor-widget elementor-widget-text-editor\" data-id=\"2ff6c79\" data-element_type=\"widget\" data-e-type=\"widget\" data-widget_type=\"text-editor.default\">\n\t\t\t\t<div class=\"elementor-widget-container\">\n\t\t\t\t\t\t\t\t\t<p>Un embarazo no planificado puede provocar ansiedad y estr\u00e9s. Vida Medical Clinic cree que cada mujer merece acceso a una atenci\u00f3n m\u00e9dica excepcional y es por eso que brindamos servicios confidenciales sin costo para usted. Tambi\u00e9n creemos que ninguna mujer deber\u00eda recorrer este camino sola. Estamos aqu\u00ed y listos para ayudarle.<\/p>\t\t\t\t\t\t\t\t<\/div>\n\t\t\t\t<\/div>\n\t\t\t\t\t<\/div>\n\t\t<\/div>\n\t\t\t\t\t<\/div>\n\t\t<\/section>\n\t\t\t\t<section class=\"elementor-section elementor-top-section elementor-element elementor-element-4137c4b elementor-section-boxed elementor-section-height-default elementor-section-height-default\" data-id=\"4137c4b\" data-element_type=\"section\" data-e-type=\"section\">\n\t\t\t\t\t\t<div class=\"elementor-container elementor-column-gap-default\">\n\t\t\t\t\t<div class=\"elementor-column elementor-col-33 elementor-top-column elementor-element elementor-element-49e12bd\" data-id=\"49e12bd\" data-element_type=\"column\" data-e-type=\"column\">\n\t\t\t<div class=\"elementor-widget-wrap elementor-element-populated\">\n\t\t\t\t\t\t<div class=\"elementor-element elementor-element-5d43f6d elementor-position-top elementor-widget elementor-widget-image-box\" data-id=\"5d43f6d\" data-element_type=\"widget\" data-e-type=\"widget\" data-widget_type=\"image-box.default\">\n\t\t\t\t<div class=\"elementor-widget-container\">\n\t\t\t\t\t<div class=\"elementor-image-box-wrapper\"><figure class=\"elementor-image-box-img\"><a href=\"http:\/\/vidamedicalclinic.org\/es\/symptoms\/\" tabindex=\"-1\" data-wpel-link=\"external\" rel=\"external noopener noreferrer\"><img fetchpriority=\"high\" decoding=\"async\" width=\"768\" height=\"512\" src=\"https:\/\/vidamedicalclinic.org\/wp-content\/uploads\/2024\/04\/Website-Images-29-768x512.png\" class=\"attachment-medium_large size-medium_large wp-image-2248\" alt=\"\" srcset=\"https:\/\/vidamedicalclinic.org\/wp-content\/uploads\/2024\/04\/Website-Images-29-768x512.png 768w, https:\/\/vidamedicalclinic.org\/wp-content\/uploads\/2024\/04\/Website-Images-29-300x200.png 300w, https:\/\/vidamedicalclinic.org\/wp-content\/uploads\/2024\/04\/Website-Images-29-1024x682.png 1024w, https:\/\/vidamedicalclinic.org\/wp-content\/uploads\/2024\/04\/Website-Images-29-1536x1024.png 1536w, https:\/\/vidamedicalclinic.org\/wp-content\/uploads\/2024\/04\/Website-Images-29.png 2000w\" sizes=\"(max-width: 768px) 100vw, 768px\" \/><\/a><\/figure><div class=\"elementor-image-box-content\"><h3 class=\"elementor-image-box-title\"><a href=\"http:\/\/vidamedicalclinic.org\/es\/symptoms\/\" data-wpel-link=\"external\" rel=\"external noopener noreferrer\">S\u00edntomas del embarazo<\/a><\/h3><\/div><\/div>\t\t\t\t<\/div>\n\t\t\t\t<\/div>\n\t\t\t\t<div class=\"elementor-element elementor-element-a9f0bc2 elementor-align-center elementor-widget elementor-widget-button\" data-id=\"a9f0bc2\" data-element_type=\"widget\" data-e-type=\"widget\" data-widget_type=\"button.default\">\n\t\t\t\t<div class=\"elementor-widget-container\">\n\t\t\t\t\t\t\t\t\t<div class=\"elementor-button-wrapper\">\n\t\t\t\t\t<a class=\"elementor-button elementor-button-link elementor-size-sm\" href=\"http:\/\/vidamedicalclinic.org\/es\/symptoms\/\" data-wpel-link=\"external\" rel=\"external noopener noreferrer\">\n\t\t\t\t\t\t<span class=\"elementor-button-content-wrapper\">\n\t\t\t\t\t\t\t\t\t<span class=\"elementor-button-text\">Aprende m\u00e1s<\/span>\n\t\t\t\t\t<\/span>\n\t\t\t\t\t<\/a>\n\t\t\t\t<\/div>\n\t\t\t\t\t\t\t\t<\/div>\n\t\t\t\t<\/div>\n\t\t\t\t\t<\/div>\n\t\t<\/div>\n\t\t\t\t<div class=\"elementor-column elementor-col-33 elementor-top-column elementor-element elementor-element-243aa0d\" data-id=\"243aa0d\" data-element_type=\"column\" data-e-type=\"column\">\n\t\t\t<div class=\"elementor-widget-wrap elementor-element-populated\">\n\t\t\t\t\t\t<div class=\"elementor-element elementor-element-c251dc6 elementor-position-top elementor-widget elementor-widget-image-box\" data-id=\"c251dc6\" data-element_type=\"widget\" data-e-type=\"widget\" data-widget_type=\"image-box.default\">\n\t\t\t\t<div class=\"elementor-widget-container\">\n\t\t\t\t\t<div class=\"elementor-image-box-wrapper\"><figure class=\"elementor-image-box-img\"><a href=\"http:\/\/vidamedicalclinic.org\/es\/pregnancy-testing\/\" tabindex=\"-1\" data-wpel-link=\"external\" rel=\"external noopener noreferrer\"><img decoding=\"async\" width=\"768\" height=\"512\" src=\"https:\/\/vidamedicalclinic.org\/wp-content\/uploads\/2024\/04\/Website-Images-30-768x512.png\" class=\"attachment-medium_large size-medium_large wp-image-2247\" alt=\"\" srcset=\"https:\/\/vidamedicalclinic.org\/wp-content\/uploads\/2024\/04\/Website-Images-30-768x512.png 768w, https:\/\/vidamedicalclinic.org\/wp-content\/uploads\/2024\/04\/Website-Images-30-300x200.png 300w, https:\/\/vidamedicalclinic.org\/wp-content\/uploads\/2024\/04\/Website-Images-30-1024x682.png 1024w, https:\/\/vidamedicalclinic.org\/wp-content\/uploads\/2024\/04\/Website-Images-30-1536x1024.png 1536w, https:\/\/vidamedicalclinic.org\/wp-content\/uploads\/2024\/04\/Website-Images-30.png 2000w\" sizes=\"(max-width: 768px) 100vw, 768px\" \/><\/a><\/figure><div class=\"elementor-image-box-content\"><h3 class=\"elementor-image-box-title\"><a href=\"http:\/\/vidamedicalclinic.org\/es\/pregnancy-testing\/\" data-wpel-link=\"external\" rel=\"external noopener noreferrer\">Prueba de embarazo<\/a><\/h3><\/div><\/div>\t\t\t\t<\/div>\n\t\t\t\t<\/div>\n\t\t\t\t<div class=\"elementor-element elementor-element-0fb1169 elementor-align-center elementor-widget elementor-widget-button\" data-id=\"0fb1169\" data-element_type=\"widget\" data-e-type=\"widget\" data-widget_type=\"button.default\">\n\t\t\t\t<div class=\"elementor-widget-container\">\n\t\t\t\t\t\t\t\t\t<div class=\"elementor-button-wrapper\">\n\t\t\t\t\t<a class=\"elementor-button elementor-button-link elementor-size-sm\" href=\"http:\/\/vidamedicalclinic.org\/es\/pregnancy-testing\/\" data-wpel-link=\"external\" rel=\"external noopener noreferrer\">\n\t\t\t\t\t\t<span class=\"elementor-button-content-wrapper\">\n\t\t\t\t\t\t\t\t\t<span class=\"elementor-button-text\">Aprende m\u00e1s<\/span>\n\t\t\t\t\t<\/span>\n\t\t\t\t\t<\/a>\n\t\t\t\t<\/div>\n\t\t\t\t\t\t\t\t<\/div>\n\t\t\t\t<\/div>\n\t\t\t\t\t<\/div>\n\t\t<\/div>\n\t\t\t\t<div class=\"elementor-column elementor-col-33 elementor-top-column elementor-element elementor-element-5533499\" data-id=\"5533499\" data-element_type=\"column\" data-e-type=\"column\">\n\t\t\t<div class=\"elementor-widget-wrap elementor-element-populated\">\n\t\t\t\t\t\t<div class=\"elementor-element elementor-element-da13c7d elementor-position-top elementor-widget elementor-widget-image-box\" data-id=\"da13c7d\" data-element_type=\"widget\" data-e-type=\"widget\" data-widget_type=\"image-box.default\">\n\t\t\t\t<div class=\"elementor-widget-container\">\n\t\t\t\t\t<div class=\"elementor-image-box-wrapper\"><figure class=\"elementor-image-box-img\"><a href=\"http:\/\/vidamedicalclinic.org\/es\/ultrasounds\/\" tabindex=\"-1\" data-wpel-link=\"external\" rel=\"external noopener noreferrer\"><img decoding=\"async\" width=\"768\" height=\"512\" src=\"https:\/\/vidamedicalclinic.org\/wp-content\/uploads\/2024\/04\/Website-Images-52-768x512.png\" class=\"attachment-medium_large size-medium_large wp-image-2317\" alt=\"\" srcset=\"https:\/\/vidamedicalclinic.org\/wp-content\/uploads\/2024\/04\/Website-Images-52-768x512.png 768w, https:\/\/vidamedicalclinic.org\/wp-content\/uploads\/2024\/04\/Website-Images-52-300x200.png 300w, https:\/\/vidamedicalclinic.org\/wp-content\/uploads\/2024\/04\/Website-Images-52-1024x682.png 1024w, https:\/\/vidamedicalclinic.org\/wp-content\/uploads\/2024\/04\/Website-Images-52-1536x1024.png 1536w, https:\/\/vidamedicalclinic.org\/wp-content\/uploads\/2024\/04\/Website-Images-52.png 2000w\" sizes=\"(max-width: 768px) 100vw, 768px\" \/><\/a><\/figure><div class=\"elementor-image-box-content\"><h3 class=\"elementor-image-box-title\"><a href=\"http:\/\/vidamedicalclinic.org\/es\/ultrasounds\/\" data-wpel-link=\"external\" rel=\"external noopener noreferrer\">Ultrasonidos<\/a><\/h3><\/div><\/div>\t\t\t\t<\/div>\n\t\t\t\t<\/div>\n\t\t\t\t<div class=\"elementor-element elementor-element-801b202 elementor-align-center elementor-widget elementor-widget-button\" data-id=\"801b202\" data-element_type=\"widget\" data-e-type=\"widget\" data-widget_type=\"button.default\">\n\t\t\t\t<div class=\"elementor-widget-container\">\n\t\t\t\t\t\t\t\t\t<div class=\"elementor-button-wrapper\">\n\t\t\t\t\t<a class=\"elementor-button elementor-button-link elementor-size-sm\" href=\"http:\/\/vidamedicalclinic.org\/es\/ultrasounds\/\" data-wpel-link=\"external\" rel=\"external noopener noreferrer\">\n\t\t\t\t\t\t<span class=\"elementor-button-content-wrapper\">\n\t\t\t\t\t\t\t\t\t<span class=\"elementor-button-text\">Aprende m\u00e1s<\/span>\n\t\t\t\t\t<\/span>\n\t\t\t\t\t<\/a>\n\t\t\t\t<\/div>\n\t\t\t\t\t\t\t\t<\/div>\n\t\t\t\t<\/div>\n\t\t\t\t\t<\/div>\n\t\t<\/div>\n\t\t\t\t\t<\/div>\n\t\t<\/section>\n\t\t\t\t<section class=\"elementor-section elementor-top-section elementor-element elementor-element-72a540c elementor-section-boxed elementor-section-height-default elementor-section-height-default\" data-id=\"72a540c\" data-element_type=\"section\" data-e-type=\"section\" data-settings=\"{&quot;background_background&quot;:&quot;classic&quot;}\">\n\t\t\t\t\t\t<div class=\"elementor-container elementor-column-gap-wide\">\n\t\t\t\t\t<div class=\"elementor-column elementor-col-100 elementor-top-column elementor-element elementor-element-081c40b\" data-id=\"081c40b\" data-element_type=\"column\" data-e-type=\"column\">\n\t\t\t<div class=\"elementor-widget-wrap elementor-element-populated\">\n\t\t\t\t\t\t<div class=\"elementor-element elementor-element-6ff22c2 elementor-widget elementor-widget-heading\" data-id=\"6ff22c2\" data-element_type=\"widget\" data-e-type=\"widget\" data-widget_type=\"heading.default\">\n\t\t\t\t<div class=\"elementor-widget-container\">\n\t\t\t\t\t<h2 class=\"elementor-heading-title elementor-size-default\">Solicite una cita con nosotros hoy<\/h2>\t\t\t\t<\/div>\n\t\t\t\t<\/div>\n\t\t\t\t\t<\/div>\n\t\t<\/div>\n\t\t\t\t\t<\/div>\n\t\t<\/section>\n\t\t\t\t<section class=\"elementor-section elementor-top-section elementor-element elementor-element-15d3ae8 elementor-section-boxed elementor-section-height-default elementor-section-height-default\" data-id=\"15d3ae8\" data-element_type=\"section\" data-e-type=\"section\">\n\t\t\t\t\t\t<div class=\"elementor-container elementor-column-gap-default\">\n\t\t\t\t\t<div class=\"elementor-column elementor-col-50 elementor-top-column elementor-element elementor-element-dbf86b8\" data-id=\"dbf86b8\" data-element_type=\"column\" data-e-type=\"column\">\n\t\t\t<div class=\"elementor-widget-wrap elementor-element-populated\">\n\t\t\t\t\t\t<div class=\"elementor-element elementor-element-84033a1 elementor-align-center elementor-widget elementor-widget-button\" data-id=\"84033a1\" data-element_type=\"widget\" data-e-type=\"widget\" data-widget_type=\"button.default\">\n\t\t\t\t<div class=\"elementor-widget-container\">\n\t\t\t\t\t\t\t\t\t<div class=\"elementor-button-wrapper\">\n\t\t\t\t\t<a class=\"elementor-button elementor-button-link elementor-size-xl\" href=\"tel:9207314354\" data-wpel-link=\"internal\">\n\t\t\t\t\t\t<span class=\"elementor-button-content-wrapper\">\n\t\t\t\t\t\t<span class=\"elementor-button-icon\">\n\t\t\t\t<i aria-hidden=\"true\" class=\"fas fa-phone-alt\"><\/i>\t\t\t<\/span>\n\t\t\t\t\t\t\t\t\t<span class=\"elementor-button-text\">Llamar<\/span>\n\t\t\t\t\t<\/span>\n\t\t\t\t\t<\/a>\n\t\t\t\t<\/div>\n\t\t\t\t\t\t\t\t<\/div>\n\t\t\t\t<\/div>\n\t\t\t\t\t<\/div>\n\t\t<\/div>\n\t\t\t\t<div class=\"elementor-column elementor-col-50 elementor-top-column elementor-element elementor-element-71a316c\" data-id=\"71a316c\" data-element_type=\"column\" data-e-type=\"column\">\n\t\t\t<div class=\"elementor-widget-wrap elementor-element-populated\">\n\t\t\t\t\t\t<div class=\"elementor-element elementor-element-fd32eac elementor-align-left elementor-widget elementor-widget-button\" data-id=\"fd32eac\" data-element_type=\"widget\" data-e-type=\"widget\" data-widget_type=\"button.default\">\n\t\t\t\t<div class=\"elementor-widget-container\">\n\t\t\t\t\t\t\t\t\t<div class=\"elementor-button-wrapper\">\n\t\t\t\t\t<a class=\"elementor-button elementor-button-link elementor-size-xl\" href=\"http:\/\/vidamedicalclinic.org\/es\/request-an-appointment\/\" data-wpel-link=\"external\" rel=\"external noopener noreferrer\">\n\t\t\t\t\t\t<span class=\"elementor-button-content-wrapper\">\n\t\t\t\t\t\t<span class=\"elementor-button-icon\">\n\t\t\t\t<i aria-hidden=\"true\" class=\"far fa-calendar-check\"><\/i>\t\t\t<\/span>\n\t\t\t\t\t\t\t\t\t<span class=\"elementor-button-text\">Pedir una cita<\/span>\n\t\t\t\t\t<\/span>\n\t\t\t\t\t<\/a>\n\t\t\t\t<\/div>\n\t\t\t\t\t\t\t\t<\/div>\n\t\t\t\t<\/div>\n\t\t\t\t\t<\/div>\n\t\t<\/div>\n\t\t\t\t\t<\/div>\n\t\t<\/section>\n\t\t\t\t<section class=\"elementor-section elementor-top-section elementor-element elementor-element-195c1e6 elementor-section-boxed elementor-section-height-default elementor-section-height-default\" data-id=\"195c1e6\" data-element_type=\"section\" data-e-type=\"section\">\n\t\t\t\t\t\t<div class=\"elementor-container elementor-column-gap-default\">\n\t\t\t\t\t<div class=\"elementor-column elementor-col-100 elementor-top-column elementor-element elementor-element-21088a5\" data-id=\"21088a5\" data-element_type=\"column\" data-e-type=\"column\">\n\t\t\t<div class=\"elementor-widget-wrap elementor-element-populated\">\n\t\t\t\t\t\t<div class=\"elementor-element elementor-element-6121abd elementor-widget elementor-widget-spacer\" data-id=\"6121abd\" data-element_type=\"widget\" data-e-type=\"widget\" data-widget_type=\"spacer.default\">\n\t\t\t\t<div class=\"elementor-widget-container\">\n\t\t\t\t\t\t\t<div class=\"elementor-spacer\">\n\t\t\t<div class=\"elementor-spacer-inner\"><\/div>\n\t\t<\/div>\n\t\t\t\t\t\t<\/div>\n\t\t\t\t<\/div>\n\t\t\t\t\t<\/div>\n\t\t<\/div>\n\t\t\t\t\t<\/div>\n\t\t<\/section>\n\t\t\t\t<\/div>","protected":false},"excerpt":{"rendered":"<p>&#8220;I think I might be pregnant, and I don&#8217;t know what to do.&#8221; If this is you, we can help. An unplanned pregnancy can cause anxiety and stress. Vida Medical Clinic believes that every woman deserves access to exceptional health care and that is why we provide confidential services at no cost to you. We [&hellip;]<\/p>\n","protected":false},"author":7,"featured_media":1552,"parent":0,"menu_order":27,"comment_status":"closed","ping_status":"closed","template":"elementor_header_footer","meta":{"footnotes":""},"class_list":["post-425","page","type-page","status-publish","has-post-thumbnail","hentry"],"yoast_head":"<!-- This site is optimized with the Yoast SEO plugin v27.3 - https:\/\/yoast.com\/product\/yoast-seo-wordpress\/ -->\n<title>Pregnancy - Vida Medical Clinic<\/title>\n<meta name=\"description\" content=\"Discover compassionate, confidential support at Vida Medical Clinic. Learn about pregnancy symptoms, next steps, and free medical services designed to give you clarity and confidence in your decision-making.\" \/>\n<meta name=\"robots\" content=\"index, follow, max-snippet:-1, max-image-preview:large, max-video-preview:-1\" \/>\n<link rel=\"canonical\" href=\"https:\/\/vidamedicalclinic.org\/es\/pregnancy\/\" \/>\n<meta property=\"og:locale\" content=\"es_MX\" \/>\n<meta property=\"og:type\" content=\"article\" \/>\n<meta property=\"og:title\" content=\"Pregnancy - Vida Medical Clinic\" \/>\n<meta property=\"og:description\" content=\"Discover compassionate, confidential support at Vida Medical Clinic. Learn about pregnancy symptoms, next steps, and free medical services designed to give you clarity and confidence in your decision-making.\" \/>\n<meta property=\"og:url\" content=\"https:\/\/vidamedicalclinic.org\/es\/pregnancy\/\" \/>\n<meta property=\"og:site_name\" content=\"Vida Medical Clinic\" \/>\n<meta property=\"article:modified_time\" content=\"2026-01-27T22:20:17+00:00\" \/>\n<meta property=\"og:image\" content=\"https:\/\/vidamedicalclinic.org\/wp-content\/uploads\/2022\/08\/Vida-Card.png\" \/>\n\t<meta property=\"og:image:width\" content=\"1050\" \/>\n\t<meta property=\"og:image:height\" content=\"600\" \/>\n\t<meta property=\"og:image:type\" content=\"image\/png\" \/>\n<meta name=\"twitter:card\" content=\"summary_large_image\" \/>\n<meta name=\"twitter:label1\" content=\"Tiempo de lectura\" \/>\n\t<meta name=\"twitter:data1\" content=\"2 minutos\" \/>\n<!-- \/ Yoast SEO plugin. -->","yoast_head_json":{"title":"Embarazo - Cl\u00ednica M\u00e9dica Vida","description":"Discover compassionate, confidential support at Vida Medical Clinic. Learn about pregnancy symptoms, next steps, and free medical services designed to give you clarity and confidence in your decision-making.","robots":{"index":"index","follow":"follow","max-snippet":"max-snippet:-1","max-image-preview":"max-image-preview:large","max-video-preview":"max-video-preview:-1"},"canonical":"https:\/\/vidamedicalclinic.org\/es\/pregnancy\/","og_locale":"es_MX","og_type":"article","og_title":"Pregnancy - Vida Medical Clinic","og_description":"Discover compassionate, confidential support at Vida Medical Clinic. Learn about pregnancy symptoms, next steps, and free medical services designed to give you clarity and confidence in your decision-making.","og_url":"https:\/\/vidamedicalclinic.org\/es\/pregnancy\/","og_site_name":"Vida Medical Clinic","article_modified_time":"2026-01-27T22:20:17+00:00","og_image":[{"width":1050,"height":600,"url":"https:\/\/vidamedicalclinic.org\/wp-content\/uploads\/2022\/08\/Vida-Card.png","type":"image\/png"}],"twitter_card":"summary_large_image","twitter_misc":{"Tiempo de lectura":"2 minutos"},"schema":{"@context":"https:\/\/schema.org","@graph":[{"@type":"WebPage","@id":"https:\/\/vidamedicalclinic.org\/pregnancy\/","url":"https:\/\/vidamedicalclinic.org\/pregnancy\/","name":"Embarazo - Cl\u00ednica M\u00e9dica Vida","isPartOf":{"@id":"https:\/\/vidamedicalclinic.org\/#website"},"primaryImageOfPage":{"@id":"https:\/\/vidamedicalclinic.org\/pregnancy\/#primaryimage"},"image":{"@id":"https:\/\/vidamedicalclinic.org\/pregnancy\/#primaryimage"},"thumbnailUrl":"https:\/\/vidamedicalclinic.org\/wp-content\/uploads\/2022\/08\/Vida-Card.png","datePublished":"2019-10-24T17:24:11+00:00","dateModified":"2026-01-27T22:20:17+00:00","description":"Discover compassionate, confidential support at Vida Medical Clinic. Learn about pregnancy symptoms, next steps, and free medical services designed to give you clarity and confidence in your decision-making.","breadcrumb":{"@id":"https:\/\/vidamedicalclinic.org\/pregnancy\/#breadcrumb"},"inLanguage":"es","potentialAction":[{"@type":"ReadAction","target":["https:\/\/vidamedicalclinic.org\/pregnancy\/"]}]},{"@type":"ImageObject","inLanguage":"es","@id":"https:\/\/vidamedicalclinic.org\/pregnancy\/#primaryimage","url":"https:\/\/vidamedicalclinic.org\/wp-content\/uploads\/2022\/08\/Vida-Card.png","contentUrl":"https:\/\/vidamedicalclinic.org\/wp-content\/uploads\/2022\/08\/Vida-Card.png","width":1050,"height":600},{"@type":"BreadcrumbList","@id":"https:\/\/vidamedicalclinic.org\/pregnancy\/#breadcrumb","itemListElement":[{"@type":"ListItem","position":1,"name":"Home","item":"https:\/\/vidamedicalclinic.org\/"},{"@type":"ListItem","position":2,"name":"Pregnancy"}]},{"@type":"WebSite","@id":"https:\/\/vidamedicalclinic.org\/#website","url":"https:\/\/vidamedicalclinic.org\/","name":"Cl\u00ednica M\u00e9dica Vida","description":"","publisher":{"@id":"https:\/\/vidamedicalclinic.org\/#organization"},"potentialAction":[{"@type":"SearchAction","target":{"@type":"EntryPoint","urlTemplate":"https:\/\/vidamedicalclinic.org\/?s={search_term_string}"},"query-input":{"@type":"PropertyValueSpecification","valueRequired":true,"valueName":"search_term_string"}}],"inLanguage":"es"},{"@type":"Organization","@id":"https:\/\/vidamedicalclinic.org\/#organization","name":"Cl\u00ednica M\u00e9dica Vida","url":"https:\/\/vidamedicalclinic.org\/","logo":{"@type":"ImageObject","inLanguage":"es","@id":"https:\/\/vidamedicalclinic.org\/#\/schema\/logo\/image\/","url":"https:\/\/vidamedicalclinic.org\/wp-content\/uploads\/2022\/08\/vida-desktop-logo.png","contentUrl":"https:\/\/vidamedicalclinic.org\/wp-content\/uploads\/2022\/08\/vida-desktop-logo.png","width":176,"height":91,"caption":"Vida Medical Clinic"},"image":{"@id":"https:\/\/vidamedicalclinic.org\/#\/schema\/logo\/image\/"}}]}},"_links":{"self":[{"href":"https:\/\/vidamedicalclinic.org\/es\/wp-json\/wp\/v2\/pages\/425","targetHints":{"allow":["GET"]}}],"collection":[{"href":"https:\/\/vidamedicalclinic.org\/es\/wp-json\/wp\/v2\/pages"}],"about":[{"href":"https:\/\/vidamedicalclinic.org\/es\/wp-json\/wp\/v2\/types\/page"}],"author":[{"embeddable":true,"href":"https:\/\/vidamedicalclinic.org\/es\/wp-json\/wp\/v2\/users\/7"}],"replies":[{"embeddable":true,"href":"https:\/\/vidamedicalclinic.org\/es\/wp-json\/wp\/v2\/comments?post=425"}],"version-history":[{"count":1,"href":"https:\/\/vidamedicalclinic.org\/es\/wp-json\/wp\/v2\/pages\/425\/revisions"}],"predecessor-version":[{"id":8726,"href":"https:\/\/vidamedicalclinic.org\/es\/wp-json\/wp\/v2\/pages\/425\/revisions\/8726"}],"wp:featuredmedia":[{"embeddable":true,"href":"https:\/\/vidamedicalclinic.org\/es\/wp-json\/wp\/v2\/media\/1552"}],"wp:attachment":[{"href":"https:\/\/vidamedicalclinic.org\/es\/wp-json\/wp\/v2\/media?parent=425"}],"curies":[{"name":"gracias","href":"https:\/\/api.w.org\/{rel}","templated":true}]}}