{"id":2439,"date":"2025-02-14T11:23:10","date_gmt":"2025-02-14T17:23:10","guid":{"rendered":"https:\/\/vidamedicalclinic.org\/?page_id=2439"},"modified":"2025-02-14T11:25:11","modified_gmt":"2025-02-14T17:25:11","slug":"services","status":"publish","type":"page","link":"https:\/\/vidamedicalclinic.org\/es\/services\/","title":{"rendered":"Servicios de Cl\u00ednica M\u00e9dica"},"content":{"rendered":"<div data-elementor-type=\"wp-page\" data-elementor-id=\"2439\" class=\"elementor elementor-2439\" data-elementor-post-type=\"page\">\n\t\t\t\t\t\t<section class=\"elementor-section elementor-top-section elementor-element elementor-element-182355b elementor-section-height-min-height elementor-section-boxed elementor-section-height-default elementor-section-items-middle\" data-id=\"182355b\" data-element_type=\"section\" data-e-type=\"section\" data-settings=\"{&quot;background_background&quot;:&quot;classic&quot;,&quot;shape_divider_bottom&quot;:&quot;mountains&quot;}\">\n\t\t\t\t\t<div class=\"elementor-shape elementor-shape-bottom\" aria-hidden=\"true\" data-negative=\"false\">\n\t\t\t<svg xmlns=\"http:\/\/www.w3.org\/2000\/svg\" viewbox=\"0 0 1000 100\" preserveaspectratio=\"none\">\n\t<path class=\"elementor-shape-fill\" opacity=\"0.33\" d=\"M473,67.3c-203.9,88.3-263.1-34-320.3,0C66,119.1,0,59.7,0,59.7V0h1000v59.7 c0,0-62.1,26.1-94.9,29.3c-32.8,3.3-62.8-12.3-75.8-22.1C806,49.6,745.3,8.7,694.9,4.7S492.4,59,473,67.3z\"\/>\n\t<path class=\"elementor-shape-fill\" opacity=\"0.66\" d=\"M734,67.3c-45.5,0-77.2-23.2-129.1-39.1c-28.6-8.7-150.3-10.1-254,39.1 s-91.7-34.4-149.2,0C115.7,118.3,0,39.8,0,39.8V0h1000v36.5c0,0-28.2-18.5-92.1-18.5C810.2,18.1,775.7,67.3,734,67.3z\"\/>\n\t<path class=\"elementor-shape-fill\" d=\"M766.1,28.9c-200-57.5-266,65.5-395.1,19.5C242,1.8,242,5.4,184.8,20.6C128,35.8,132.3,44.9,89.9,52.5C28.6,63.7,0,0,0,0 h1000c0,0-9.9,40.9-83.6,48.1S829.6,47,766.1,28.9z\"\/>\n<\/svg>\t\t<\/div>\n\t\t\t\t\t<div class=\"elementor-container elementor-column-gap-default\">\n\t\t\t\t\t<div class=\"elementor-column elementor-col-100 elementor-top-column elementor-element elementor-element-718705c\" data-id=\"718705c\" data-element_type=\"column\" data-e-type=\"column\">\n\t\t\t<div class=\"elementor-widget-wrap elementor-element-populated\">\n\t\t\t\t\t\t\t<\/div>\n\t\t<\/div>\n\t\t\t\t\t<\/div>\n\t\t<\/section>\n\t\t\t\t<section class=\"elementor-section elementor-top-section elementor-element elementor-element-1296c04 elementor-section-boxed elementor-section-height-default elementor-section-height-default\" data-id=\"1296c04\" data-element_type=\"section\" data-e-type=\"section\">\n\t\t\t\t\t\t<div class=\"elementor-container elementor-column-gap-default\">\n\t\t\t\t\t<div class=\"elementor-column elementor-col-100 elementor-top-column elementor-element elementor-element-70cc2da\" data-id=\"70cc2da\" data-element_type=\"column\" data-e-type=\"column\">\n\t\t\t<div class=\"elementor-widget-wrap elementor-element-populated\">\n\t\t\t\t\t\t<div class=\"elementor-element elementor-element-9f5323f elementor-widget elementor-widget-heading\" data-id=\"9f5323f\" data-element_type=\"widget\" data-e-type=\"widget\" data-widget_type=\"heading.default\">\n\t\t\t\t<div class=\"elementor-widget-container\">\n\t\t\t\t\t<h2 class=\"elementor-heading-title elementor-size-xl\">Nuestros servicios m\u00e9dicos<\/h2>\t\t\t\t<\/div>\n\t\t\t\t<\/div>\n\t\t\t\t<div class=\"elementor-element elementor-element-050a585 elementor-widget elementor-widget-spacer\" data-id=\"050a585\" data-element_type=\"widget\" data-e-type=\"widget\" data-widget_type=\"spacer.default\">\n\t\t\t\t<div class=\"elementor-widget-container\">\n\t\t\t\t\t\t\t<div class=\"elementor-spacer\">\n\t\t\t<div class=\"elementor-spacer-inner\"><\/div>\n\t\t<\/div>\n\t\t\t\t\t\t<\/div>\n\t\t\t\t<\/div>\n\t\t\t\t\t<\/div>\n\t\t<\/div>\n\t\t\t\t\t<\/div>\n\t\t<\/section>\n\t\t\t\t<section class=\"elementor-section elementor-top-section elementor-element elementor-element-a4a80e9 elementor-section-boxed elementor-section-height-default elementor-section-height-default\" data-id=\"a4a80e9\" data-element_type=\"section\" data-e-type=\"section\" data-settings=\"{&quot;background_background&quot;:&quot;classic&quot;}\">\n\t\t\t\t\t\t<div class=\"elementor-container elementor-column-gap-narrow\">\n\t\t\t\t\t<div class=\"elementor-column elementor-col-16 elementor-top-column elementor-element elementor-element-0f39a8a\" data-id=\"0f39a8a\" data-element_type=\"column\" data-e-type=\"column\">\n\t\t\t<div class=\"elementor-widget-wrap elementor-element-populated\">\n\t\t\t\t\t\t<div class=\"elementor-element elementor-element-18a6ab6 elementor-position-top elementor-widget elementor-widget-image-box\" data-id=\"18a6ab6\" data-element_type=\"widget\" data-e-type=\"widget\" data-widget_type=\"image-box.default\">\n\t\t\t\t<div class=\"elementor-widget-container\">\n\t\t\t\t\t<div class=\"elementor-image-box-wrapper\"><figure class=\"elementor-image-box-img\"><a href=\"http:\/\/vidamedicalclinic.org\/es\/pregnancy-testing\/\" tabindex=\"-1\" data-wpel-link=\"external\" rel=\"external noopener noreferrer\"><img fetchpriority=\"high\" decoding=\"async\" width=\"300\" height=\"200\" src=\"https:\/\/vidamedicalclinic.org\/wp-content\/uploads\/2024\/04\/Website-Images-30-300x200.png\" class=\"attachment-medium size-medium wp-image-2247\" alt=\"\" srcset=\"https:\/\/vidamedicalclinic.org\/wp-content\/uploads\/2024\/04\/Website-Images-30-300x200.png 300w, https:\/\/vidamedicalclinic.org\/wp-content\/uploads\/2024\/04\/Website-Images-30-1024x682.png 1024w, https:\/\/vidamedicalclinic.org\/wp-content\/uploads\/2024\/04\/Website-Images-30-768x512.png 768w, https:\/\/vidamedicalclinic.org\/wp-content\/uploads\/2024\/04\/Website-Images-30-1536x1024.png 1536w, https:\/\/vidamedicalclinic.org\/wp-content\/uploads\/2024\/04\/Website-Images-30.png 2000w\" sizes=\"(max-width: 300px) 100vw, 300px\" \/><\/a><\/figure><div class=\"elementor-image-box-content\"><h3 class=\"elementor-image-box-title\"><a href=\"http:\/\/vidamedicalclinic.org\/es\/pregnancy-testing\/\" data-wpel-link=\"external\" rel=\"external noopener noreferrer\">Prueba de embarazo<\/a><\/h3><\/div><\/div>\t\t\t\t<\/div>\n\t\t\t\t<\/div>\n\t\t\t\t<div class=\"elementor-element elementor-element-308dda4 elementor-align-center elementor-widget elementor-widget-button\" data-id=\"308dda4\" data-element_type=\"widget\" data-e-type=\"widget\" data-widget_type=\"button.default\">\n\t\t\t\t<div class=\"elementor-widget-container\">\n\t\t\t\t\t\t\t\t\t<div class=\"elementor-button-wrapper\">\n\t\t\t\t\t<a class=\"elementor-button elementor-button-link elementor-size-sm\" href=\"http:\/\/vidamedicalclinic.org\/es\/pregnancy-testing\/\" data-wpel-link=\"external\" rel=\"external noopener noreferrer\">\n\t\t\t\t\t\t<span class=\"elementor-button-content-wrapper\">\n\t\t\t\t\t\t\t\t\t<span class=\"elementor-button-text\">Aprende m\u00e1s<\/span>\n\t\t\t\t\t<\/span>\n\t\t\t\t\t<\/a>\n\t\t\t\t<\/div>\n\t\t\t\t\t\t\t\t<\/div>\n\t\t\t\t<\/div>\n\t\t\t\t\t<\/div>\n\t\t<\/div>\n\t\t\t\t<div class=\"elementor-column elementor-col-16 elementor-top-column elementor-element elementor-element-444798d\" data-id=\"444798d\" data-element_type=\"column\" data-e-type=\"column\">\n\t\t\t<div class=\"elementor-widget-wrap elementor-element-populated\">\n\t\t\t\t\t\t<div class=\"elementor-element elementor-element-00d79ce elementor-position-top elementor-widget elementor-widget-image-box\" data-id=\"00d79ce\" data-element_type=\"widget\" data-e-type=\"widget\" data-widget_type=\"image-box.default\">\n\t\t\t\t<div class=\"elementor-widget-container\">\n\t\t\t\t\t<div class=\"elementor-image-box-wrapper\"><figure class=\"elementor-image-box-img\"><a href=\"http:\/\/vidamedicalclinic.org\/es\/ultrasounds\/\" tabindex=\"-1\" data-wpel-link=\"external\" rel=\"external noopener noreferrer\"><img decoding=\"async\" width=\"300\" height=\"200\" src=\"https:\/\/vidamedicalclinic.org\/wp-content\/uploads\/2024\/04\/Website-Images-52-300x200.png\" class=\"attachment-medium size-medium wp-image-2317\" alt=\"\" srcset=\"https:\/\/vidamedicalclinic.org\/wp-content\/uploads\/2024\/04\/Website-Images-52-300x200.png 300w, https:\/\/vidamedicalclinic.org\/wp-content\/uploads\/2024\/04\/Website-Images-52-1024x682.png 1024w, https:\/\/vidamedicalclinic.org\/wp-content\/uploads\/2024\/04\/Website-Images-52-768x512.png 768w, https:\/\/vidamedicalclinic.org\/wp-content\/uploads\/2024\/04\/Website-Images-52-1536x1024.png 1536w, https:\/\/vidamedicalclinic.org\/wp-content\/uploads\/2024\/04\/Website-Images-52.png 2000w\" sizes=\"(max-width: 300px) 100vw, 300px\" \/><\/a><\/figure><div class=\"elementor-image-box-content\"><h3 class=\"elementor-image-box-title\"><a href=\"http:\/\/vidamedicalclinic.org\/es\/ultrasounds\/\" data-wpel-link=\"external\" rel=\"external noopener noreferrer\">Ultrasonidos<\/a><\/h3><\/div><\/div>\t\t\t\t<\/div>\n\t\t\t\t<\/div>\n\t\t\t\t<div class=\"elementor-element elementor-element-5f18523 elementor-align-center elementor-widget elementor-widget-button\" data-id=\"5f18523\" data-element_type=\"widget\" data-e-type=\"widget\" data-widget_type=\"button.default\">\n\t\t\t\t<div class=\"elementor-widget-container\">\n\t\t\t\t\t\t\t\t\t<div class=\"elementor-button-wrapper\">\n\t\t\t\t\t<a class=\"elementor-button elementor-button-link elementor-size-sm\" href=\"http:\/\/vidamedicalclinic.org\/es\/ultrasounds\/\" data-wpel-link=\"external\" rel=\"external noopener noreferrer\">\n\t\t\t\t\t\t<span class=\"elementor-button-content-wrapper\">\n\t\t\t\t\t\t\t\t\t<span class=\"elementor-button-text\">Aprende m\u00e1s<\/span>\n\t\t\t\t\t<\/span>\n\t\t\t\t\t<\/a>\n\t\t\t\t<\/div>\n\t\t\t\t\t\t\t\t<\/div>\n\t\t\t\t<\/div>\n\t\t\t\t\t<\/div>\n\t\t<\/div>\n\t\t\t\t<div class=\"elementor-column elementor-col-16 elementor-top-column elementor-element elementor-element-2a1b70e\" data-id=\"2a1b70e\" data-element_type=\"column\" data-e-type=\"column\">\n\t\t\t<div class=\"elementor-widget-wrap elementor-element-populated\">\n\t\t\t\t\t\t<div class=\"elementor-element elementor-element-63b7c62 elementor-position-top elementor-widget elementor-widget-image-box\" data-id=\"63b7c62\" data-element_type=\"widget\" data-e-type=\"widget\" data-widget_type=\"image-box.default\">\n\t\t\t\t<div class=\"elementor-widget-container\">\n\t\t\t\t\t<div class=\"elementor-image-box-wrapper\"><figure class=\"elementor-image-box-img\"><a href=\"http:\/\/vidamedicalclinic.org\/es\/abortion-information-consultation\/\" tabindex=\"-1\" data-wpel-link=\"external\" rel=\"external noopener noreferrer\"><img decoding=\"async\" width=\"300\" height=\"200\" src=\"https:\/\/vidamedicalclinic.org\/wp-content\/uploads\/2024\/10\/Medical-Website-Images-2-300x200.png\" class=\"attachment-medium size-medium wp-image-2404\" alt=\"\" srcset=\"https:\/\/vidamedicalclinic.org\/wp-content\/uploads\/2024\/10\/Medical-Website-Images-2-300x200.png 300w, https:\/\/vidamedicalclinic.org\/wp-content\/uploads\/2024\/10\/Medical-Website-Images-2-1024x682.png 1024w, https:\/\/vidamedicalclinic.org\/wp-content\/uploads\/2024\/10\/Medical-Website-Images-2-768x512.png 768w, https:\/\/vidamedicalclinic.org\/wp-content\/uploads\/2024\/10\/Medical-Website-Images-2-1536x1024.png 1536w, https:\/\/vidamedicalclinic.org\/wp-content\/uploads\/2024\/10\/Medical-Website-Images-2-18x12.png 18w, https:\/\/vidamedicalclinic.org\/wp-content\/uploads\/2024\/10\/Medical-Website-Images-2.png 2000w\" sizes=\"(max-width: 300px) 100vw, 300px\" \/><\/a><\/figure><div class=\"elementor-image-box-content\"><h3 class=\"elementor-image-box-title\"><a href=\"http:\/\/vidamedicalclinic.org\/es\/abortion-information-consultation\/\" data-wpel-link=\"external\" rel=\"external noopener noreferrer\">Consulta de informaci\u00f3n sobre el aborto<\/a><\/h3><\/div><\/div>\t\t\t\t<\/div>\n\t\t\t\t<\/div>\n\t\t\t\t<div class=\"elementor-element elementor-element-fcf2676 elementor-align-center elementor-widget elementor-widget-button\" data-id=\"fcf2676\" data-element_type=\"widget\" data-e-type=\"widget\" data-widget_type=\"button.default\">\n\t\t\t\t<div class=\"elementor-widget-container\">\n\t\t\t\t\t\t\t\t\t<div class=\"elementor-button-wrapper\">\n\t\t\t\t\t<a class=\"elementor-button elementor-button-link elementor-size-sm\" href=\"http:\/\/vidamedicalclinic.org\/es\/abortion-information-consultation\/\" data-wpel-link=\"external\" rel=\"external noopener noreferrer\">\n\t\t\t\t\t\t<span class=\"elementor-button-content-wrapper\">\n\t\t\t\t\t\t\t\t\t<span class=\"elementor-button-text\">Aprende m\u00e1s<\/span>\n\t\t\t\t\t<\/span>\n\t\t\t\t\t<\/a>\n\t\t\t\t<\/div>\n\t\t\t\t\t\t\t\t<\/div>\n\t\t\t\t<\/div>\n\t\t\t\t\t<\/div>\n\t\t<\/div>\n\t\t\t\t<div class=\"elementor-column elementor-col-16 elementor-top-column elementor-element elementor-element-4b143fa\" data-id=\"4b143fa\" data-element_type=\"column\" data-e-type=\"column\">\n\t\t\t<div class=\"elementor-widget-wrap elementor-element-populated\">\n\t\t\t\t\t\t<div class=\"elementor-element elementor-element-afe9683 elementor-position-top elementor-widget elementor-widget-image-box\" data-id=\"afe9683\" data-element_type=\"widget\" data-e-type=\"widget\" data-widget_type=\"image-box.default\">\n\t\t\t\t<div class=\"elementor-widget-container\">\n\t\t\t\t\t<div class=\"elementor-image-box-wrapper\"><figure class=\"elementor-image-box-img\"><a href=\"http:\/\/vidamedicalclinic.org\/es\/pap-breast-exam\/\" tabindex=\"-1\" data-wpel-link=\"external\" rel=\"external noopener noreferrer\"><img loading=\"lazy\" decoding=\"async\" width=\"300\" height=\"200\" src=\"https:\/\/vidamedicalclinic.org\/wp-content\/uploads\/2024\/10\/Medical-Website-Images-300x200.png\" class=\"attachment-medium size-medium wp-image-2402\" alt=\"\" srcset=\"https:\/\/vidamedicalclinic.org\/wp-content\/uploads\/2024\/10\/Medical-Website-Images-300x200.png 300w, https:\/\/vidamedicalclinic.org\/wp-content\/uploads\/2024\/10\/Medical-Website-Images-1024x682.png 1024w, https:\/\/vidamedicalclinic.org\/wp-content\/uploads\/2024\/10\/Medical-Website-Images-768x512.png 768w, https:\/\/vidamedicalclinic.org\/wp-content\/uploads\/2024\/10\/Medical-Website-Images-1536x1024.png 1536w, https:\/\/vidamedicalclinic.org\/wp-content\/uploads\/2024\/10\/Medical-Website-Images-18x12.png 18w, https:\/\/vidamedicalclinic.org\/wp-content\/uploads\/2024\/10\/Medical-Website-Images.png 2000w\" sizes=\"(max-width: 300px) 100vw, 300px\" \/><\/a><\/figure><div class=\"elementor-image-box-content\"><h3 class=\"elementor-image-box-title\"><a href=\"http:\/\/vidamedicalclinic.org\/es\/pap-breast-exam\/\" data-wpel-link=\"external\" rel=\"external noopener noreferrer\">Ex\u00e1menes de Papanicolaou y de mama<\/a><\/h3><\/div><\/div>\t\t\t\t<\/div>\n\t\t\t\t<\/div>\n\t\t\t\t<div class=\"elementor-element elementor-element-0b1301d elementor-align-center elementor-widget elementor-widget-button\" data-id=\"0b1301d\" data-element_type=\"widget\" data-e-type=\"widget\" data-widget_type=\"button.default\">\n\t\t\t\t<div class=\"elementor-widget-container\">\n\t\t\t\t\t\t\t\t\t<div class=\"elementor-button-wrapper\">\n\t\t\t\t\t<a class=\"elementor-button elementor-button-link elementor-size-sm\" href=\"http:\/\/vidamedicalclinic.org\/es\/pap-breast-exam\/\" data-wpel-link=\"external\" rel=\"external noopener noreferrer\">\n\t\t\t\t\t\t<span class=\"elementor-button-content-wrapper\">\n\t\t\t\t\t\t\t\t\t<span class=\"elementor-button-text\">Aprende m\u00e1s<\/span>\n\t\t\t\t\t<\/span>\n\t\t\t\t\t<\/a>\n\t\t\t\t<\/div>\n\t\t\t\t\t\t\t\t<\/div>\n\t\t\t\t<\/div>\n\t\t\t\t\t<\/div>\n\t\t<\/div>\n\t\t\t\t<div class=\"elementor-column elementor-col-16 elementor-top-column elementor-element elementor-element-f29e30a\" data-id=\"f29e30a\" data-element_type=\"column\" data-e-type=\"column\">\n\t\t\t<div class=\"elementor-widget-wrap elementor-element-populated\">\n\t\t\t\t\t\t<div class=\"elementor-element elementor-element-820486f elementor-position-top elementor-widget elementor-widget-image-box\" data-id=\"820486f\" data-element_type=\"widget\" data-e-type=\"widget\" data-widget_type=\"image-box.default\">\n\t\t\t\t<div class=\"elementor-widget-container\">\n\t\t\t\t\t<div class=\"elementor-image-box-wrapper\"><figure class=\"elementor-image-box-img\"><a href=\"http:\/\/vidamedicalclinic.org\/es\/stis\/\" tabindex=\"-1\" data-wpel-link=\"external\" rel=\"external noopener noreferrer\"><img loading=\"lazy\" decoding=\"async\" width=\"300\" height=\"200\" src=\"https:\/\/vidamedicalclinic.org\/wp-content\/uploads\/2024\/04\/Website-Images-33-300x200.png\" class=\"attachment-medium size-medium wp-image-2268\" alt=\"\" srcset=\"https:\/\/vidamedicalclinic.org\/wp-content\/uploads\/2024\/04\/Website-Images-33-300x200.png 300w, https:\/\/vidamedicalclinic.org\/wp-content\/uploads\/2024\/04\/Website-Images-33-1024x682.png 1024w, https:\/\/vidamedicalclinic.org\/wp-content\/uploads\/2024\/04\/Website-Images-33-768x512.png 768w, https:\/\/vidamedicalclinic.org\/wp-content\/uploads\/2024\/04\/Website-Images-33-1536x1024.png 1536w, https:\/\/vidamedicalclinic.org\/wp-content\/uploads\/2024\/04\/Website-Images-33.png 2000w\" sizes=\"(max-width: 300px) 100vw, 300px\" \/><\/a><\/figure><div class=\"elementor-image-box-content\"><h3 class=\"elementor-image-box-title\"><a href=\"http:\/\/vidamedicalclinic.org\/es\/stis\/\" data-wpel-link=\"external\" rel=\"external noopener noreferrer\">Pruebas y tratamiento de ITS<\/a><\/h3><\/div><\/div>\t\t\t\t<\/div>\n\t\t\t\t<\/div>\n\t\t\t\t<div class=\"elementor-element elementor-element-e638932 elementor-align-center elementor-widget elementor-widget-button\" data-id=\"e638932\" data-element_type=\"widget\" data-e-type=\"widget\" data-widget_type=\"button.default\">\n\t\t\t\t<div class=\"elementor-widget-container\">\n\t\t\t\t\t\t\t\t\t<div class=\"elementor-button-wrapper\">\n\t\t\t\t\t<a class=\"elementor-button elementor-button-link elementor-size-sm\" href=\"http:\/\/vidamedicalclinic.org\/es\/stis\/\" data-wpel-link=\"external\" rel=\"external noopener noreferrer\">\n\t\t\t\t\t\t<span class=\"elementor-button-content-wrapper\">\n\t\t\t\t\t\t\t\t\t<span class=\"elementor-button-text\">Aprende m\u00e1s<\/span>\n\t\t\t\t\t<\/span>\n\t\t\t\t\t<\/a>\n\t\t\t\t<\/div>\n\t\t\t\t\t\t\t\t<\/div>\n\t\t\t\t<\/div>\n\t\t\t\t\t<\/div>\n\t\t<\/div>\n\t\t\t\t<div class=\"elementor-column elementor-col-16 elementor-top-column elementor-element elementor-element-23ec1c8\" data-id=\"23ec1c8\" data-element_type=\"column\" data-e-type=\"column\">\n\t\t\t<div class=\"elementor-widget-wrap elementor-element-populated\">\n\t\t\t\t\t\t<div class=\"elementor-element elementor-element-94be98a elementor-position-top elementor-widget elementor-widget-image-box\" data-id=\"94be98a\" data-element_type=\"widget\" data-e-type=\"widget\" data-widget_type=\"image-box.default\">\n\t\t\t\t<div class=\"elementor-widget-container\">\n\t\t\t\t\t<div class=\"elementor-image-box-wrapper\"><figure class=\"elementor-image-box-img\"><a href=\"http:\/\/vidamedicalclinic.org\/es\/sports-physicals\/\" tabindex=\"-1\" data-wpel-link=\"external\" rel=\"external noopener noreferrer\"><img loading=\"lazy\" decoding=\"async\" width=\"300\" height=\"200\" src=\"https:\/\/vidamedicalclinic.org\/wp-content\/uploads\/2024\/04\/Website-Images-32-300x200.png\" class=\"attachment-medium size-medium wp-image-2269\" alt=\"\" srcset=\"https:\/\/vidamedicalclinic.org\/wp-content\/uploads\/2024\/04\/Website-Images-32-300x200.png 300w, https:\/\/vidamedicalclinic.org\/wp-content\/uploads\/2024\/04\/Website-Images-32-1024x682.png 1024w, https:\/\/vidamedicalclinic.org\/wp-content\/uploads\/2024\/04\/Website-Images-32-768x512.png 768w, https:\/\/vidamedicalclinic.org\/wp-content\/uploads\/2024\/04\/Website-Images-32-1536x1024.png 1536w, https:\/\/vidamedicalclinic.org\/wp-content\/uploads\/2024\/04\/Website-Images-32.png 2000w\" sizes=\"(max-width: 300px) 100vw, 300px\" \/><\/a><\/figure><div class=\"elementor-image-box-content\"><h3 class=\"elementor-image-box-title\"><a href=\"http:\/\/vidamedicalclinic.org\/es\/sports-physicals\/\" data-wpel-link=\"external\" rel=\"external noopener noreferrer\">Ex\u00e1menes f\u00edsicos deportivos<\/a><\/h3><\/div><\/div>\t\t\t\t<\/div>\n\t\t\t\t<\/div>\n\t\t\t\t<div class=\"elementor-element elementor-element-83132a6 elementor-align-center elementor-widget elementor-widget-button\" data-id=\"83132a6\" data-element_type=\"widget\" data-e-type=\"widget\" data-widget_type=\"button.default\">\n\t\t\t\t<div class=\"elementor-widget-container\">\n\t\t\t\t\t\t\t\t\t<div class=\"elementor-button-wrapper\">\n\t\t\t\t\t<a class=\"elementor-button elementor-button-link elementor-size-sm\" href=\"http:\/\/vidamedicalclinic.org\/es\/sports-physicals\/\" data-wpel-link=\"external\" rel=\"external noopener noreferrer\">\n\t\t\t\t\t\t<span class=\"elementor-button-content-wrapper\">\n\t\t\t\t\t\t\t\t\t<span class=\"elementor-button-text\">Aprende m\u00e1s<\/span>\n\t\t\t\t\t<\/span>\n\t\t\t\t\t<\/a>\n\t\t\t\t<\/div>\n\t\t\t\t\t\t\t\t<\/div>\n\t\t\t\t<\/div>\n\t\t\t\t\t<\/div>\n\t\t<\/div>\n\t\t\t\t\t<\/div>\n\t\t<\/section>\n\t\t\t\t<\/div>","protected":false},"excerpt":{"rendered":"<p>Nuestros Servicios M\u00e9dicos Pruebas de Embarazo Aprende M\u00e1s Ultrasonidos Aprende M\u00e1s Informaci\u00f3n sobre el Aborto Consulta Aprende M\u00e1s Ex\u00e1menes de Papanicolaou y de Mama Aprende M\u00e1s Pruebas y Tratamiento de ITS Aprende M\u00e1s Ex\u00e1menes F\u00edsicos Deportivos Aprende M\u00e1s<\/p>","protected":false},"author":7,"featured_media":0,"parent":0,"menu_order":0,"comment_status":"closed","ping_status":"closed","template":"","meta":{"footnotes":""},"class_list":["post-2439","page","type-page","status-publish","hentry"],"yoast_head":"<!-- This site is optimized with the Yoast SEO plugin v27.3 - https:\/\/yoast.com\/product\/yoast-seo-wordpress\/ -->\n<title>Medical Clinic Services - Vida Medical Clinic<\/title>\n<meta name=\"robots\" content=\"index, follow, max-snippet:-1, max-image-preview:large, max-video-preview:-1\" \/>\n<link rel=\"canonical\" href=\"https:\/\/vidamedicalclinic.org\/es\/services\/\" \/>\n<meta property=\"og:locale\" content=\"es_MX\" \/>\n<meta property=\"og:type\" content=\"article\" \/>\n<meta property=\"og:title\" content=\"Medical Clinic Services - Vida Medical Clinic\" \/>\n<meta property=\"og:description\" content=\"Our Medical Services Pregnancy Testing Learn More Ultrasounds Learn More Abortion Information Consultation Learn More Pap &#038; Breast Exams Learn More STI Testing &amp; Treatment Learn More Sports Physicals Learn More\" \/>\n<meta property=\"og:url\" content=\"https:\/\/vidamedicalclinic.org\/es\/services\/\" \/>\n<meta property=\"og:site_name\" content=\"Vida Medical Clinic\" \/>\n<meta property=\"article:modified_time\" content=\"2025-02-14T17:25:11+00:00\" \/>\n<meta property=\"og:image\" content=\"https:\/\/vidamedicalclinic.org\/wp-content\/uploads\/2024\/04\/Website-Images-30-1024x682.png\" \/>\n\t<meta property=\"og:image:width\" content=\"1024\" \/>\n\t<meta property=\"og:image:height\" content=\"682\" \/>\n\t<meta property=\"og:image:type\" content=\"image\/png\" \/>\n<meta name=\"twitter:card\" content=\"summary_large_image\" \/>\n<!-- \/ Yoast SEO plugin. -->","yoast_head_json":{"title":"Medical Clinic Services - Vida Medical Clinic","robots":{"index":"index","follow":"follow","max-snippet":"max-snippet:-1","max-image-preview":"max-image-preview:large","max-video-preview":"max-video-preview:-1"},"canonical":"https:\/\/vidamedicalclinic.org\/es\/services\/","og_locale":"es_MX","og_type":"article","og_title":"Medical Clinic Services - Vida Medical Clinic","og_description":"Our Medical Services Pregnancy Testing Learn More Ultrasounds Learn More Abortion Information Consultation Learn More Pap &#038; Breast Exams Learn More STI Testing &amp; Treatment Learn More Sports Physicals Learn More","og_url":"https:\/\/vidamedicalclinic.org\/es\/services\/","og_site_name":"Vida Medical Clinic","article_modified_time":"2025-02-14T17:25:11+00:00","og_image":[{"width":1024,"height":682,"url":"https:\/\/vidamedicalclinic.org\/wp-content\/uploads\/2024\/04\/Website-Images-30-1024x682.png","type":"image\/png"}],"twitter_card":"summary_large_image","schema":{"@context":"https:\/\/schema.org","@graph":[{"@type":"WebPage","@id":"https:\/\/vidamedicalclinic.org\/services\/","url":"https:\/\/vidamedicalclinic.org\/services\/","name":"Medical Clinic Services - Vida Medical Clinic","isPartOf":{"@id":"https:\/\/vidamedicalclinic.org\/#website"},"primaryImageOfPage":{"@id":"https:\/\/vidamedicalclinic.org\/services\/#primaryimage"},"image":{"@id":"https:\/\/vidamedicalclinic.org\/services\/#primaryimage"},"thumbnailUrl":"https:\/\/vidamedicalclinic.org\/wp-content\/uploads\/2024\/04\/Website-Images-30-300x200.png","datePublished":"2025-02-14T17:23:10+00:00","dateModified":"2025-02-14T17:25:11+00:00","breadcrumb":{"@id":"https:\/\/vidamedicalclinic.org\/services\/#breadcrumb"},"inLanguage":"es","potentialAction":[{"@type":"ReadAction","target":["https:\/\/vidamedicalclinic.org\/services\/"]}]},{"@type":"ImageObject","inLanguage":"es","@id":"https:\/\/vidamedicalclinic.org\/services\/#primaryimage","url":"https:\/\/vidamedicalclinic.org\/wp-content\/uploads\/2024\/04\/Website-Images-30-300x200.png","contentUrl":"https:\/\/vidamedicalclinic.org\/wp-content\/uploads\/2024\/04\/Website-Images-30-300x200.png"},{"@type":"BreadcrumbList","@id":"https:\/\/vidamedicalclinic.org\/services\/#breadcrumb","itemListElement":[{"@type":"ListItem","position":1,"name":"Home","item":"https:\/\/vidamedicalclinic.org\/"},{"@type":"ListItem","position":2,"name":"Medical Clinic Services"}]},{"@type":"WebSite","@id":"https:\/\/vidamedicalclinic.org\/#website","url":"https:\/\/vidamedicalclinic.org\/","name":"Cl\u00ednica M\u00e9dica Vida","description":"","publisher":{"@id":"https:\/\/vidamedicalclinic.org\/#organization"},"potentialAction":[{"@type":"SearchAction","target":{"@type":"EntryPoint","urlTemplate":"https:\/\/vidamedicalclinic.org\/?s={search_term_string}"},"query-input":{"@type":"PropertyValueSpecification","valueRequired":true,"valueName":"search_term_string"}}],"inLanguage":"es"},{"@type":"Organization","@id":"https:\/\/vidamedicalclinic.org\/#organization","name":"Cl\u00ednica M\u00e9dica Vida","url":"https:\/\/vidamedicalclinic.org\/","logo":{"@type":"ImageObject","inLanguage":"es","@id":"https:\/\/vidamedicalclinic.org\/#\/schema\/logo\/image\/","url":"https:\/\/vidamedicalclinic.org\/wp-content\/uploads\/2022\/08\/vida-desktop-logo.png","contentUrl":"https:\/\/vidamedicalclinic.org\/wp-content\/uploads\/2022\/08\/vida-desktop-logo.png","width":176,"height":91,"caption":"Vida Medical Clinic"},"image":{"@id":"https:\/\/vidamedicalclinic.org\/#\/schema\/logo\/image\/"}}]}},"_links":{"self":[{"href":"https:\/\/vidamedicalclinic.org\/es\/wp-json\/wp\/v2\/pages\/2439","targetHints":{"allow":["GET"]}}],"collection":[{"href":"https:\/\/vidamedicalclinic.org\/es\/wp-json\/wp\/v2\/pages"}],"about":[{"href":"https:\/\/vidamedicalclinic.org\/es\/wp-json\/wp\/v2\/types\/page"}],"author":[{"embeddable":true,"href":"https:\/\/vidamedicalclinic.org\/es\/wp-json\/wp\/v2\/users\/7"}],"replies":[{"embeddable":true,"href":"https:\/\/vidamedicalclinic.org\/es\/wp-json\/wp\/v2\/comments?post=2439"}],"version-history":[{"count":0,"href":"https:\/\/vidamedicalclinic.org\/es\/wp-json\/wp\/v2\/pages\/2439\/revisions"}],"wp:attachment":[{"href":"https:\/\/vidamedicalclinic.org\/es\/wp-json\/wp\/v2\/media?parent=2439"}],"curies":[{"name":"gracias","href":"https:\/\/api.w.org\/{rel}","templated":true}]}}