{"id":2431,"date":"2025-01-02T13:02:37","date_gmt":"2025-01-02T19:02:37","guid":{"rendered":"https:\/\/vidamedicalclinic.org\/?page_id=2431"},"modified":"2025-08-21T10:55:29","modified_gmt":"2025-08-21T15:55:29","slug":"appleton","status":"publish","type":"page","link":"https:\/\/vidamedicalclinic.org\/es\/appleton\/","title":{"rendered":"Appleton"},"content":{"rendered":"<div data-elementor-type=\"wp-page\" data-elementor-id=\"2431\" class=\"elementor elementor-2431\" data-elementor-post-type=\"page\">\n\t\t\t\t\t\t<section class=\"elementor-section elementor-top-section elementor-element elementor-element-af5853f elementor-section-height-min-height elementor-section-boxed elementor-section-height-default elementor-section-items-middle\" data-id=\"af5853f\" data-element_type=\"section\" data-e-type=\"section\" data-settings=\"{&quot;background_background&quot;:&quot;classic&quot;,&quot;shape_divider_bottom&quot;:&quot;mountains&quot;}\">\n\t\t\t\t\t<div class=\"elementor-shape elementor-shape-bottom\" aria-hidden=\"true\" data-negative=\"false\">\n\t\t\t<svg xmlns=\"http:\/\/www.w3.org\/2000\/svg\" viewbox=\"0 0 1000 100\" preserveaspectratio=\"none\">\n\t<path class=\"elementor-shape-fill\" opacity=\"0.33\" d=\"M473,67.3c-203.9,88.3-263.1-34-320.3,0C66,119.1,0,59.7,0,59.7V0h1000v59.7 c0,0-62.1,26.1-94.9,29.3c-32.8,3.3-62.8-12.3-75.8-22.1C806,49.6,745.3,8.7,694.9,4.7S492.4,59,473,67.3z\"\/>\n\t<path class=\"elementor-shape-fill\" opacity=\"0.66\" d=\"M734,67.3c-45.5,0-77.2-23.2-129.1-39.1c-28.6-8.7-150.3-10.1-254,39.1 s-91.7-34.4-149.2,0C115.7,118.3,0,39.8,0,39.8V0h1000v36.5c0,0-28.2-18.5-92.1-18.5C810.2,18.1,775.7,67.3,734,67.3z\"\/>\n\t<path class=\"elementor-shape-fill\" d=\"M766.1,28.9c-200-57.5-266,65.5-395.1,19.5C242,1.8,242,5.4,184.8,20.6C128,35.8,132.3,44.9,89.9,52.5C28.6,63.7,0,0,0,0 h1000c0,0-9.9,40.9-83.6,48.1S829.6,47,766.1,28.9z\"\/>\n<\/svg>\t\t<\/div>\n\t\t\t\t\t<div class=\"elementor-container elementor-column-gap-default\">\n\t\t\t\t\t<div class=\"elementor-column elementor-col-100 elementor-top-column elementor-element elementor-element-2ef3ce7\" data-id=\"2ef3ce7\" data-element_type=\"column\" data-e-type=\"column\">\n\t\t\t<div class=\"elementor-widget-wrap elementor-element-populated\">\n\t\t\t\t\t\t\t<\/div>\n\t\t<\/div>\n\t\t\t\t\t<\/div>\n\t\t<\/section>\n\t\t\t\t<section class=\"elementor-section elementor-top-section elementor-element elementor-element-2ac4a02 elementor-section-boxed elementor-section-height-default elementor-section-height-default\" data-id=\"2ac4a02\" data-element_type=\"section\" data-e-type=\"section\">\n\t\t\t\t\t\t<div class=\"elementor-container elementor-column-gap-default\">\n\t\t\t\t\t<div class=\"elementor-column elementor-col-100 elementor-top-column elementor-element elementor-element-7c16c20\" data-id=\"7c16c20\" data-element_type=\"column\" data-e-type=\"column\">\n\t\t\t<div class=\"elementor-widget-wrap elementor-element-populated\">\n\t\t\t\t\t\t<div class=\"elementor-element elementor-element-744b404 elementor-widget elementor-widget-text-editor\" data-id=\"744b404\" data-element_type=\"widget\" data-e-type=\"widget\" data-widget_type=\"text-editor.default\">\n\t\t\t\t<div class=\"elementor-widget-container\">\n\t\t\t\t\t\t\t\t\t<div data-id=\"10c77f6\" data-element_type=\"widget\" data-widget_type=\"heading.default\">\n<div>\n<h2>Cl\u00ednica M\u00e9dica Vida<\/h2>\n<\/div>\n<\/div>\n<div data-id=\"12a2a0d\" data-element_type=\"widget\" data-widget_type=\"text-editor.default\">\n<div>\n<p>Vida en Appleton es nuestro centro principal. En este centro, Vida ofrece apoyo m\u00e9dico gratuito, incluyendo pruebas de embarazo, ecograf\u00edas, pruebas y tratamiento de ITS, ex\u00e1menes p\u00e9lvicos y de mama, ex\u00e1menes f\u00edsicos deportivos y m\u00e1s. Conozca m\u00e1s sobre nuestros servicios m\u00e9dicos.&nbsp;<a href=\"http:\/\/vidamedicalclinic.org\/es\/\" target=\"_blank\" rel=\"noopener\" data-wpel-link=\"internal\" style=\"background-color: rgb(255, 255, 255); color: rgb(3, 92, 142);\">aqu\u00ed<\/a>.<\/p>\n<p><strong>Ubicaci\u00f3n:&nbsp;<\/strong><a href=\"https:\/\/maps.app.goo.gl\/71wndbyz4XuYN6FYA\" target=\"_blank\" rel=\"noopener external noreferrer\" data-wpel-link=\"external\">720 W Asociaci\u00f3n Dr. Appleton, WI 54914<\/a><\/p>\n<p><strong>Horas:&nbsp;<\/strong>Lunes a jueves de 9 a 17 horas<\/p>\n<\/div>\n<\/div>\t\t\t\t\t\t\t\t<\/div>\n\t\t\t\t<\/div>\n\t\t\t\t\t<\/div>\n\t\t<\/div>\n\t\t\t\t\t<\/div>\n\t\t<\/section>\n\t\t\t\t<section class=\"elementor-section elementor-top-section elementor-element elementor-element-dd5ba95 elementor-section-boxed elementor-section-height-default elementor-section-height-default\" data-id=\"dd5ba95\" data-element_type=\"section\" data-e-type=\"section\">\n\t\t\t\t\t\t<div class=\"elementor-container elementor-column-gap-default\">\n\t\t\t\t\t<div class=\"elementor-column elementor-col-33 elementor-top-column elementor-element elementor-element-ed993a8\" data-id=\"ed993a8\" data-element_type=\"column\" data-e-type=\"column\">\n\t\t\t<div class=\"elementor-widget-wrap elementor-element-populated\">\n\t\t\t\t\t\t<div class=\"elementor-element elementor-element-af86efe elementor-widget elementor-widget-image\" data-id=\"af86efe\" data-element_type=\"widget\" data-e-type=\"widget\" data-widget_type=\"image.default\">\n\t\t\t\t<div class=\"elementor-widget-container\">\n\t\t\t\t\t\t\t\t\t\t\t\t\t\t\t<img fetchpriority=\"high\" decoding=\"async\" width=\"800\" height=\"533\" src=\"https:\/\/vidamedicalclinic.org\/wp-content\/uploads\/2025\/08\/Medical-Website-Images-5-1024x682.png\" class=\"attachment-large size-large wp-image-8632\" alt=\"\" srcset=\"https:\/\/vidamedicalclinic.org\/wp-content\/uploads\/2025\/08\/Medical-Website-Images-5-1024x682.png 1024w, https:\/\/vidamedicalclinic.org\/wp-content\/uploads\/2025\/08\/Medical-Website-Images-5-300x200.png 300w, https:\/\/vidamedicalclinic.org\/wp-content\/uploads\/2025\/08\/Medical-Website-Images-5-768x512.png 768w, https:\/\/vidamedicalclinic.org\/wp-content\/uploads\/2025\/08\/Medical-Website-Images-5-1536x1024.png 1536w, https:\/\/vidamedicalclinic.org\/wp-content\/uploads\/2025\/08\/Medical-Website-Images-5-18x12.png 18w, https:\/\/vidamedicalclinic.org\/wp-content\/uploads\/2025\/08\/Medical-Website-Images-5.png 2000w\" sizes=\"(max-width: 800px) 100vw, 800px\" \/>\t\t\t\t\t\t\t\t\t\t\t\t\t\t\t<\/div>\n\t\t\t\t<\/div>\n\t\t\t\t\t<\/div>\n\t\t<\/div>\n\t\t\t\t<div class=\"elementor-column elementor-col-33 elementor-top-column elementor-element elementor-element-7f41885\" data-id=\"7f41885\" data-element_type=\"column\" data-e-type=\"column\">\n\t\t\t<div class=\"elementor-widget-wrap elementor-element-populated\">\n\t\t\t\t\t\t<div class=\"elementor-element elementor-element-bbcd8ef elementor-widget elementor-widget-image\" data-id=\"bbcd8ef\" data-element_type=\"widget\" data-e-type=\"widget\" data-widget_type=\"image.default\">\n\t\t\t\t<div class=\"elementor-widget-container\">\n\t\t\t\t\t\t\t\t\t\t\t\t\t\t\t<img decoding=\"async\" width=\"800\" height=\"533\" src=\"https:\/\/vidamedicalclinic.org\/wp-content\/uploads\/2025\/08\/Medical-Website-Images-2-1024x682.png\" class=\"attachment-large size-large wp-image-8629\" alt=\"\" srcset=\"https:\/\/vidamedicalclinic.org\/wp-content\/uploads\/2025\/08\/Medical-Website-Images-2-1024x682.png 1024w, https:\/\/vidamedicalclinic.org\/wp-content\/uploads\/2025\/08\/Medical-Website-Images-2-300x200.png 300w, https:\/\/vidamedicalclinic.org\/wp-content\/uploads\/2025\/08\/Medical-Website-Images-2-768x512.png 768w, https:\/\/vidamedicalclinic.org\/wp-content\/uploads\/2025\/08\/Medical-Website-Images-2-1536x1024.png 1536w, https:\/\/vidamedicalclinic.org\/wp-content\/uploads\/2025\/08\/Medical-Website-Images-2-18x12.png 18w, https:\/\/vidamedicalclinic.org\/wp-content\/uploads\/2025\/08\/Medical-Website-Images-2.png 2000w\" sizes=\"(max-width: 800px) 100vw, 800px\" \/>\t\t\t\t\t\t\t\t\t\t\t\t\t\t\t<\/div>\n\t\t\t\t<\/div>\n\t\t\t\t\t<\/div>\n\t\t<\/div>\n\t\t\t\t<div class=\"elementor-column elementor-col-33 elementor-top-column elementor-element elementor-element-6db3427\" data-id=\"6db3427\" data-element_type=\"column\" data-e-type=\"column\">\n\t\t\t<div class=\"elementor-widget-wrap elementor-element-populated\">\n\t\t\t\t\t\t<div class=\"elementor-element elementor-element-9dbf843 elementor-widget elementor-widget-image\" data-id=\"9dbf843\" data-element_type=\"widget\" data-e-type=\"widget\" data-widget_type=\"image.default\">\n\t\t\t\t<div class=\"elementor-widget-container\">\n\t\t\t\t\t\t\t\t\t\t\t\t\t\t\t<img decoding=\"async\" width=\"800\" height=\"533\" src=\"https:\/\/vidamedicalclinic.org\/wp-content\/uploads\/2025\/08\/Medical-Website-Images-1024x682.png\" class=\"attachment-large size-large wp-image-8631\" alt=\"\" srcset=\"https:\/\/vidamedicalclinic.org\/wp-content\/uploads\/2025\/08\/Medical-Website-Images-1024x682.png 1024w, https:\/\/vidamedicalclinic.org\/wp-content\/uploads\/2025\/08\/Medical-Website-Images-300x200.png 300w, https:\/\/vidamedicalclinic.org\/wp-content\/uploads\/2025\/08\/Medical-Website-Images-768x512.png 768w, https:\/\/vidamedicalclinic.org\/wp-content\/uploads\/2025\/08\/Medical-Website-Images-1536x1024.png 1536w, https:\/\/vidamedicalclinic.org\/wp-content\/uploads\/2025\/08\/Medical-Website-Images-18x12.png 18w, https:\/\/vidamedicalclinic.org\/wp-content\/uploads\/2025\/08\/Medical-Website-Images.png 2000w\" sizes=\"(max-width: 800px) 100vw, 800px\" \/>\t\t\t\t\t\t\t\t\t\t\t\t\t\t\t<\/div>\n\t\t\t\t<\/div>\n\t\t\t\t\t<\/div>\n\t\t<\/div>\n\t\t\t\t\t<\/div>\n\t\t<\/section>\n\t\t\t\t<section class=\"elementor-section elementor-top-section elementor-element elementor-element-cada8cc elementor-section-boxed elementor-section-height-default elementor-section-height-default\" data-id=\"cada8cc\" data-element_type=\"section\" data-e-type=\"section\">\n\t\t\t\t\t\t<div class=\"elementor-container elementor-column-gap-default\">\n\t\t\t\t\t<div class=\"elementor-column elementor-col-33 elementor-top-column elementor-element elementor-element-3d8ebad\" data-id=\"3d8ebad\" data-element_type=\"column\" data-e-type=\"column\">\n\t\t\t<div class=\"elementor-widget-wrap elementor-element-populated\">\n\t\t\t\t\t\t<div class=\"elementor-element elementor-element-6e93cf3 elementor-widget elementor-widget-image\" data-id=\"6e93cf3\" data-element_type=\"widget\" data-e-type=\"widget\" data-widget_type=\"image.default\">\n\t\t\t\t<div class=\"elementor-widget-container\">\n\t\t\t\t\t\t\t\t\t\t\t\t\t\t\t<img loading=\"lazy\" decoding=\"async\" width=\"800\" height=\"533\" src=\"https:\/\/vidamedicalclinic.org\/wp-content\/uploads\/2025\/08\/Medical-Website-Images-1-1024x682.png\" class=\"attachment-large size-large wp-image-8630\" alt=\"\" srcset=\"https:\/\/vidamedicalclinic.org\/wp-content\/uploads\/2025\/08\/Medical-Website-Images-1-1024x682.png 1024w, https:\/\/vidamedicalclinic.org\/wp-content\/uploads\/2025\/08\/Medical-Website-Images-1-300x200.png 300w, https:\/\/vidamedicalclinic.org\/wp-content\/uploads\/2025\/08\/Medical-Website-Images-1-768x512.png 768w, https:\/\/vidamedicalclinic.org\/wp-content\/uploads\/2025\/08\/Medical-Website-Images-1-1536x1024.png 1536w, https:\/\/vidamedicalclinic.org\/wp-content\/uploads\/2025\/08\/Medical-Website-Images-1-18x12.png 18w, https:\/\/vidamedicalclinic.org\/wp-content\/uploads\/2025\/08\/Medical-Website-Images-1.png 2000w\" sizes=\"(max-width: 800px) 100vw, 800px\" \/>\t\t\t\t\t\t\t\t\t\t\t\t\t\t\t<\/div>\n\t\t\t\t<\/div>\n\t\t\t\t\t<\/div>\n\t\t<\/div>\n\t\t\t\t<div class=\"elementor-column elementor-col-33 elementor-top-column elementor-element elementor-element-b811dfd\" data-id=\"b811dfd\" data-element_type=\"column\" data-e-type=\"column\">\n\t\t\t<div class=\"elementor-widget-wrap elementor-element-populated\">\n\t\t\t\t\t\t<div class=\"elementor-element elementor-element-2a75994 elementor-widget elementor-widget-image\" data-id=\"2a75994\" data-element_type=\"widget\" data-e-type=\"widget\" data-widget_type=\"image.default\">\n\t\t\t\t<div class=\"elementor-widget-container\">\n\t\t\t\t\t\t\t\t\t\t\t\t\t\t\t<img loading=\"lazy\" decoding=\"async\" width=\"800\" height=\"533\" src=\"https:\/\/vidamedicalclinic.org\/wp-content\/uploads\/2025\/08\/Medical-Website-Images-4-1024x682.png\" class=\"attachment-large size-large wp-image-8627\" alt=\"\" srcset=\"https:\/\/vidamedicalclinic.org\/wp-content\/uploads\/2025\/08\/Medical-Website-Images-4-1024x682.png 1024w, https:\/\/vidamedicalclinic.org\/wp-content\/uploads\/2025\/08\/Medical-Website-Images-4-300x200.png 300w, https:\/\/vidamedicalclinic.org\/wp-content\/uploads\/2025\/08\/Medical-Website-Images-4-768x512.png 768w, https:\/\/vidamedicalclinic.org\/wp-content\/uploads\/2025\/08\/Medical-Website-Images-4-1536x1024.png 1536w, https:\/\/vidamedicalclinic.org\/wp-content\/uploads\/2025\/08\/Medical-Website-Images-4-18x12.png 18w, https:\/\/vidamedicalclinic.org\/wp-content\/uploads\/2025\/08\/Medical-Website-Images-4.png 2000w\" sizes=\"(max-width: 800px) 100vw, 800px\" \/>\t\t\t\t\t\t\t\t\t\t\t\t\t\t\t<\/div>\n\t\t\t\t<\/div>\n\t\t\t\t\t<\/div>\n\t\t<\/div>\n\t\t\t\t<div class=\"elementor-column elementor-col-33 elementor-top-column elementor-element elementor-element-2e77e3f\" data-id=\"2e77e3f\" data-element_type=\"column\" data-e-type=\"column\">\n\t\t\t<div class=\"elementor-widget-wrap elementor-element-populated\">\n\t\t\t\t\t\t<div class=\"elementor-element elementor-element-56dde26 elementor-widget elementor-widget-image\" data-id=\"56dde26\" data-element_type=\"widget\" data-e-type=\"widget\" data-widget_type=\"image.default\">\n\t\t\t\t<div class=\"elementor-widget-container\">\n\t\t\t\t\t\t\t\t\t\t\t\t\t\t\t<img loading=\"lazy\" decoding=\"async\" width=\"800\" height=\"533\" src=\"https:\/\/vidamedicalclinic.org\/wp-content\/uploads\/2025\/08\/Medical-Website-Images-3-1024x682.png\" class=\"attachment-large size-large wp-image-8628\" alt=\"\" srcset=\"https:\/\/vidamedicalclinic.org\/wp-content\/uploads\/2025\/08\/Medical-Website-Images-3-1024x682.png 1024w, https:\/\/vidamedicalclinic.org\/wp-content\/uploads\/2025\/08\/Medical-Website-Images-3-300x200.png 300w, https:\/\/vidamedicalclinic.org\/wp-content\/uploads\/2025\/08\/Medical-Website-Images-3-768x512.png 768w, https:\/\/vidamedicalclinic.org\/wp-content\/uploads\/2025\/08\/Medical-Website-Images-3-1536x1024.png 1536w, https:\/\/vidamedicalclinic.org\/wp-content\/uploads\/2025\/08\/Medical-Website-Images-3-18x12.png 18w, https:\/\/vidamedicalclinic.org\/wp-content\/uploads\/2025\/08\/Medical-Website-Images-3.png 2000w\" sizes=\"(max-width: 800px) 100vw, 800px\" \/>\t\t\t\t\t\t\t\t\t\t\t\t\t\t\t<\/div>\n\t\t\t\t<\/div>\n\t\t\t\t\t<\/div>\n\t\t<\/div>\n\t\t\t\t\t<\/div>\n\t\t<\/section>\n\t\t\t\t<section class=\"elementor-section elementor-top-section elementor-element elementor-element-b4bb0f9 elementor-section-boxed elementor-section-height-default elementor-section-height-default\" data-id=\"b4bb0f9\" data-element_type=\"section\" data-e-type=\"section\">\n\t\t\t\t\t\t<div class=\"elementor-container elementor-column-gap-default\">\n\t\t\t\t\t<div class=\"elementor-column elementor-col-100 elementor-top-column elementor-element elementor-element-2df30c5\" data-id=\"2df30c5\" data-element_type=\"column\" data-e-type=\"column\">\n\t\t\t<div class=\"elementor-widget-wrap elementor-element-populated\">\n\t\t\t\t\t\t<div class=\"elementor-element elementor-element-21013ec elementor-widget elementor-widget-google_maps\" data-id=\"21013ec\" data-element_type=\"widget\" data-e-type=\"widget\" data-widget_type=\"google_maps.default\">\n\t\t\t\t<div class=\"elementor-widget-container\">\n\t\t\t\t\t\t\t<div class=\"elementor-custom-embed\">\n\t\t\t<iframe loading=\"lazy\"\n\t\t\t\t\tsrc=\"https:\/\/maps.google.com\/maps?q=720%20W.%20Association%20Drive%20Appleton%20WI&#038;t=m&#038;z=12&#038;output=embed&#038;iwloc=near\"\n\t\t\t\t\ttitle=\"720 W. Asociaci\u00f3n Drive Appleton WI\"\n\t\t\t\t\taria-label=\"720 W. Asociaci\u00f3n Drive Appleton WI\"\n\t\t\t><\/iframe>\n\t\t<\/div>\n\t\t\t\t\t\t<\/div>\n\t\t\t\t<\/div>\n\t\t\t\t\t<\/div>\n\t\t<\/div>\n\t\t\t\t\t<\/div>\n\t\t<\/section>\n\t\t\t\t<\/div>","protected":false},"excerpt":{"rendered":"<p>Vida Medical Clinic Vida in Appleton is our main center. At this location, Vida provides free medical support including pregnancy testing, ultrasounds, STI testing and treatment, Pap\/pelvic and breast exams, sports physicals, and more. Learn more about our medical services&nbsp;here. Location:&nbsp;720 W Association Dr. Appleton, WI 54914 Hours:&nbsp;Monday-Thursday 9am-5pm<\/p>","protected":false},"author":7,"featured_media":0,"parent":0,"menu_order":0,"comment_status":"closed","ping_status":"closed","template":"","meta":{"footnotes":""},"class_list":["post-2431","page","type-page","status-publish","hentry"],"yoast_head":"<!-- This site is optimized with the Yoast SEO plugin v27.3 - https:\/\/yoast.com\/product\/yoast-seo-wordpress\/ -->\n<title>Appleton - Vida Medical Clinic<\/title>\n<meta name=\"robots\" content=\"index, follow, max-snippet:-1, max-image-preview:large, max-video-preview:-1\" \/>\n<link rel=\"canonical\" href=\"https:\/\/vidamedicalclinic.org\/es\/appleton\/\" \/>\n<meta property=\"og:locale\" content=\"es_MX\" \/>\n<meta property=\"og:type\" content=\"article\" \/>\n<meta property=\"og:title\" content=\"Appleton - Vida Medical Clinic\" \/>\n<meta property=\"og:description\" content=\"Vida Medical Clinic Vida in Appleton is our main center. At this location, Vida provides free medical support including pregnancy testing, ultrasounds, STI testing and treatment, Pap\/pelvic and breast exams, sports physicals, and more. Learn more about our medical services&nbsp;here. Location:&nbsp;720 W Association Dr. Appleton, WI 54914 Hours:&nbsp;Monday-Thursday 9am-5pm\" \/>\n<meta property=\"og:url\" content=\"https:\/\/vidamedicalclinic.org\/es\/appleton\/\" \/>\n<meta property=\"og:site_name\" content=\"Vida Medical Clinic\" \/>\n<meta property=\"article:modified_time\" content=\"2025-08-21T15:55:29+00:00\" \/>\n<meta property=\"og:image\" content=\"https:\/\/vidamedicalclinic.org\/wp-content\/uploads\/2025\/08\/Medical-Website-Images-5-1024x682.png\" \/>\n\t<meta property=\"og:image:width\" content=\"1024\" \/>\n\t<meta property=\"og:image:height\" content=\"682\" \/>\n\t<meta property=\"og:image:type\" content=\"image\/png\" \/>\n<meta name=\"twitter:card\" content=\"summary_large_image\" \/>\n<meta name=\"twitter:label1\" content=\"Tiempo de lectura\" \/>\n\t<meta name=\"twitter:data1\" content=\"2 minutos\" \/>\n<!-- \/ Yoast SEO plugin. -->","yoast_head_json":{"title":"Appleton - Vida Medical Clinic","robots":{"index":"index","follow":"follow","max-snippet":"max-snippet:-1","max-image-preview":"max-image-preview:large","max-video-preview":"max-video-preview:-1"},"canonical":"https:\/\/vidamedicalclinic.org\/es\/appleton\/","og_locale":"es_MX","og_type":"article","og_title":"Appleton - Vida Medical Clinic","og_description":"Vida Medical Clinic Vida in Appleton is our main center. At this location, Vida provides free medical support including pregnancy testing, ultrasounds, STI testing and treatment, Pap\/pelvic and breast exams, sports physicals, and more. Learn more about our medical services&nbsp;here. Location:&nbsp;720 W Association Dr. Appleton, WI 54914 Hours:&nbsp;Monday-Thursday 9am-5pm","og_url":"https:\/\/vidamedicalclinic.org\/es\/appleton\/","og_site_name":"Vida Medical Clinic","article_modified_time":"2025-08-21T15:55:29+00:00","og_image":[{"width":1024,"height":682,"url":"https:\/\/vidamedicalclinic.org\/wp-content\/uploads\/2025\/08\/Medical-Website-Images-5-1024x682.png","type":"image\/png"}],"twitter_card":"summary_large_image","twitter_misc":{"Tiempo de lectura":"2 minutos"},"schema":{"@context":"https:\/\/schema.org","@graph":[{"@type":"WebPage","@id":"https:\/\/vidamedicalclinic.org\/appleton\/","url":"https:\/\/vidamedicalclinic.org\/appleton\/","name":"Appleton - Vida Medical Clinic","isPartOf":{"@id":"https:\/\/vidamedicalclinic.org\/#website"},"primaryImageOfPage":{"@id":"https:\/\/vidamedicalclinic.org\/appleton\/#primaryimage"},"image":{"@id":"https:\/\/vidamedicalclinic.org\/appleton\/#primaryimage"},"thumbnailUrl":"https:\/\/vidamedicalclinic.org\/wp-content\/uploads\/2025\/08\/Medical-Website-Images-5-1024x682.png","datePublished":"2025-01-02T19:02:37+00:00","dateModified":"2025-08-21T15:55:29+00:00","breadcrumb":{"@id":"https:\/\/vidamedicalclinic.org\/appleton\/#breadcrumb"},"inLanguage":"es","potentialAction":[{"@type":"ReadAction","target":["https:\/\/vidamedicalclinic.org\/appleton\/"]}]},{"@type":"ImageObject","inLanguage":"es","@id":"https:\/\/vidamedicalclinic.org\/appleton\/#primaryimage","url":"https:\/\/vidamedicalclinic.org\/wp-content\/uploads\/2025\/08\/Medical-Website-Images-5-1024x682.png","contentUrl":"https:\/\/vidamedicalclinic.org\/wp-content\/uploads\/2025\/08\/Medical-Website-Images-5-1024x682.png"},{"@type":"BreadcrumbList","@id":"https:\/\/vidamedicalclinic.org\/appleton\/#breadcrumb","itemListElement":[{"@type":"ListItem","position":1,"name":"Home","item":"https:\/\/vidamedicalclinic.org\/"},{"@type":"ListItem","position":2,"name":"Appleton"}]},{"@type":"WebSite","@id":"https:\/\/vidamedicalclinic.org\/#website","url":"https:\/\/vidamedicalclinic.org\/","name":"Cl\u00ednica M\u00e9dica Vida","description":"","publisher":{"@id":"https:\/\/vidamedicalclinic.org\/#organization"},"potentialAction":[{"@type":"SearchAction","target":{"@type":"EntryPoint","urlTemplate":"https:\/\/vidamedicalclinic.org\/?s={search_term_string}"},"query-input":{"@type":"PropertyValueSpecification","valueRequired":true,"valueName":"search_term_string"}}],"inLanguage":"es"},{"@type":"Organization","@id":"https:\/\/vidamedicalclinic.org\/#organization","name":"Cl\u00ednica M\u00e9dica Vida","url":"https:\/\/vidamedicalclinic.org\/","logo":{"@type":"ImageObject","inLanguage":"es","@id":"https:\/\/vidamedicalclinic.org\/#\/schema\/logo\/image\/","url":"https:\/\/vidamedicalclinic.org\/wp-content\/uploads\/2022\/08\/vida-desktop-logo.png","contentUrl":"https:\/\/vidamedicalclinic.org\/wp-content\/uploads\/2022\/08\/vida-desktop-logo.png","width":176,"height":91,"caption":"Vida Medical Clinic"},"image":{"@id":"https:\/\/vidamedicalclinic.org\/#\/schema\/logo\/image\/"}}]}},"_links":{"self":[{"href":"https:\/\/vidamedicalclinic.org\/es\/wp-json\/wp\/v2\/pages\/2431","targetHints":{"allow":["GET"]}}],"collection":[{"href":"https:\/\/vidamedicalclinic.org\/es\/wp-json\/wp\/v2\/pages"}],"about":[{"href":"https:\/\/vidamedicalclinic.org\/es\/wp-json\/wp\/v2\/types\/page"}],"author":[{"embeddable":true,"href":"https:\/\/vidamedicalclinic.org\/es\/wp-json\/wp\/v2\/users\/7"}],"replies":[{"embeddable":true,"href":"https:\/\/vidamedicalclinic.org\/es\/wp-json\/wp\/v2\/comments?post=2431"}],"version-history":[{"count":0,"href":"https:\/\/vidamedicalclinic.org\/es\/wp-json\/wp\/v2\/pages\/2431\/revisions"}],"wp:attachment":[{"href":"https:\/\/vidamedicalclinic.org\/es\/wp-json\/wp\/v2\/media?parent=2431"}],"curies":[{"name":"gracias","href":"https:\/\/api.w.org\/{rel}","templated":true}]}}