{"id":2429,"date":"2025-01-02T12:55:24","date_gmt":"2025-01-02T18:55:24","guid":{"rendered":"https:\/\/vidamedicalclinic.org\/?page_id=2429"},"modified":"2025-08-21T11:13:50","modified_gmt":"2025-08-21T16:13:50","slug":"fond-du-lac","status":"publish","type":"page","link":"https:\/\/vidamedicalclinic.org\/es\/fond-du-lac\/","title":{"rendered":"Fondo del lago"},"content":{"rendered":"<div data-elementor-type=\"wp-page\" data-elementor-id=\"2429\" class=\"elementor elementor-2429\" data-elementor-post-type=\"page\">\n\t\t\t\t\t\t<section class=\"elementor-section elementor-top-section elementor-element elementor-element-1f879bb elementor-section-height-min-height elementor-section-boxed elementor-section-height-default elementor-section-items-middle\" data-id=\"1f879bb\" data-element_type=\"section\" data-e-type=\"section\" data-settings=\"{&quot;background_background&quot;:&quot;classic&quot;,&quot;shape_divider_bottom&quot;:&quot;mountains&quot;}\">\n\t\t\t\t\t<div class=\"elementor-shape elementor-shape-bottom\" aria-hidden=\"true\" data-negative=\"false\">\n\t\t\t<svg xmlns=\"http:\/\/www.w3.org\/2000\/svg\" viewbox=\"0 0 1000 100\" preserveaspectratio=\"none\">\n\t<path class=\"elementor-shape-fill\" opacity=\"0.33\" d=\"M473,67.3c-203.9,88.3-263.1-34-320.3,0C66,119.1,0,59.7,0,59.7V0h1000v59.7 c0,0-62.1,26.1-94.9,29.3c-32.8,3.3-62.8-12.3-75.8-22.1C806,49.6,745.3,8.7,694.9,4.7S492.4,59,473,67.3z\"\/>\n\t<path class=\"elementor-shape-fill\" opacity=\"0.66\" d=\"M734,67.3c-45.5,0-77.2-23.2-129.1-39.1c-28.6-8.7-150.3-10.1-254,39.1 s-91.7-34.4-149.2,0C115.7,118.3,0,39.8,0,39.8V0h1000v36.5c0,0-28.2-18.5-92.1-18.5C810.2,18.1,775.7,67.3,734,67.3z\"\/>\n\t<path class=\"elementor-shape-fill\" d=\"M766.1,28.9c-200-57.5-266,65.5-395.1,19.5C242,1.8,242,5.4,184.8,20.6C128,35.8,132.3,44.9,89.9,52.5C28.6,63.7,0,0,0,0 h1000c0,0-9.9,40.9-83.6,48.1S829.6,47,766.1,28.9z\"\/>\n<\/svg>\t\t<\/div>\n\t\t\t\t\t<div class=\"elementor-container elementor-column-gap-default\">\n\t\t\t\t\t<div class=\"elementor-column elementor-col-100 elementor-top-column elementor-element elementor-element-35908cb\" data-id=\"35908cb\" data-element_type=\"column\" data-e-type=\"column\">\n\t\t\t<div class=\"elementor-widget-wrap elementor-element-populated\">\n\t\t\t\t\t\t\t<\/div>\n\t\t<\/div>\n\t\t\t\t\t<\/div>\n\t\t<\/section>\n\t\t\t\t<section class=\"elementor-section elementor-top-section elementor-element elementor-element-0652edb elementor-section-boxed elementor-section-height-default elementor-section-height-default\" data-id=\"0652edb\" data-element_type=\"section\" data-e-type=\"section\">\n\t\t\t\t\t\t<div class=\"elementor-container elementor-column-gap-default\">\n\t\t\t\t\t<div class=\"elementor-column elementor-col-100 elementor-top-column elementor-element elementor-element-697e7bb\" data-id=\"697e7bb\" data-element_type=\"column\" data-e-type=\"column\">\n\t\t\t<div class=\"elementor-widget-wrap elementor-element-populated\">\n\t\t\t\t\t\t<div class=\"elementor-element elementor-element-b8b0711 elementor-widget elementor-widget-text-editor\" data-id=\"b8b0711\" data-element_type=\"widget\" data-e-type=\"widget\" data-widget_type=\"text-editor.default\">\n\t\t\t\t<div class=\"elementor-widget-container\">\n\t\t\t\t\t\t\t\t\t<div class=\"elementor-element elementor-element-af8defe elementor-widget elementor-widget-heading\" data-id=\"af8defe\" data-element_type=\"widget\" data-widget_type=\"heading.default\"><div class=\"elementor-widget-container\"><h2 class=\"elementor-heading-title elementor-size-default\">Cl\u00ednica M\u00e9dica Vida<\/h2><\/div><\/div><div class=\"elementor-element elementor-element-a4d56fa elementor-widget elementor-widget-text-editor\" data-id=\"a4d56fa\" data-element_type=\"widget\" data-widget_type=\"text-editor.default\"><div class=\"elementor-widget-container\"><p>Vida estableci\u00f3 su segundo\u00a0<a href=\"http:\/\/vidamedicalclinic.org\/es\/\" target=\"_blank\" rel=\"noopener external noreferrer\" data-wpel-link=\"external\">Cl\u00ednica M\u00e9dica<\/a>\u00a0Ubicaci\u00f3n en Fond du Lac el 1 de febrero de 2024. En esta ubicaci\u00f3n, Vida brinda asistencia m\u00e9dica gratuita que incluye pruebas de embarazo, ecograf\u00edas, pruebas y tratamiento de ETS, ex\u00e1menes de Papanicolaou\/p\u00e9lvicos y de mamas, ex\u00e1menes f\u00edsicos deportivos y m\u00e1s. Obtenga m\u00e1s informaci\u00f3n sobre nuestros servicios m\u00e9dicos\u00a0<a href=\"http:\/\/vidamedicalclinic.org\/es\/\" target=\"_blank\" rel=\"noopener external noreferrer\" data-wpel-link=\"external\">aqu\u00ed<\/a>.<\/p><p><strong>Ubicaci\u00f3n:\u00a0<\/strong><a href=\"https:\/\/maps.app.goo.gl\/9mtsjhoaxyBNxHLX6\" target=\"_blank\" rel=\"noopener external noreferrer\" data-wpel-link=\"external\">207 N Main St. Suite 1, Fond du Lac, WI 54935<\/a><\/p><p><strong>Horas:\u00a0<\/strong>viernes 9 am-5 pm<\/p><\/div><\/div>\t\t\t\t\t\t\t\t<\/div>\n\t\t\t\t<\/div>\n\t\t\t\t\t<\/div>\n\t\t<\/div>\n\t\t\t\t\t<\/div>\n\t\t<\/section>\n\t\t\t\t<section class=\"elementor-section elementor-top-section elementor-element elementor-element-cb889d3 elementor-section-boxed elementor-section-height-default elementor-section-height-default\" data-id=\"cb889d3\" data-element_type=\"section\" data-e-type=\"section\">\n\t\t\t\t\t\t<div class=\"elementor-container elementor-column-gap-default\">\n\t\t\t\t\t<div class=\"elementor-column elementor-col-33 elementor-top-column elementor-element elementor-element-5eab725\" data-id=\"5eab725\" data-element_type=\"column\" data-e-type=\"column\">\n\t\t\t<div class=\"elementor-widget-wrap elementor-element-populated\">\n\t\t\t\t\t\t<div class=\"elementor-element elementor-element-5e6fc20 elementor-widget elementor-widget-image\" data-id=\"5e6fc20\" data-element_type=\"widget\" data-e-type=\"widget\" data-widget_type=\"image.default\">\n\t\t\t\t<div class=\"elementor-widget-container\">\n\t\t\t\t\t\t\t\t\t\t\t\t\t\t\t<img fetchpriority=\"high\" decoding=\"async\" width=\"800\" height=\"533\" src=\"https:\/\/vidamedicalclinic.org\/wp-content\/uploads\/2025\/08\/Medical-Website-Images-11-1024x682.png\" class=\"attachment-large size-large wp-image-8637\" alt=\"\" srcset=\"https:\/\/vidamedicalclinic.org\/wp-content\/uploads\/2025\/08\/Medical-Website-Images-11-1024x682.png 1024w, https:\/\/vidamedicalclinic.org\/wp-content\/uploads\/2025\/08\/Medical-Website-Images-11-300x200.png 300w, https:\/\/vidamedicalclinic.org\/wp-content\/uploads\/2025\/08\/Medical-Website-Images-11-768x512.png 768w, https:\/\/vidamedicalclinic.org\/wp-content\/uploads\/2025\/08\/Medical-Website-Images-11-1536x1024.png 1536w, https:\/\/vidamedicalclinic.org\/wp-content\/uploads\/2025\/08\/Medical-Website-Images-11-18x12.png 18w, https:\/\/vidamedicalclinic.org\/wp-content\/uploads\/2025\/08\/Medical-Website-Images-11.png 2000w\" sizes=\"(max-width: 800px) 100vw, 800px\" \/>\t\t\t\t\t\t\t\t\t\t\t\t\t\t\t<\/div>\n\t\t\t\t<\/div>\n\t\t\t\t\t<\/div>\n\t\t<\/div>\n\t\t\t\t<div class=\"elementor-column elementor-col-33 elementor-top-column elementor-element elementor-element-d97374d\" data-id=\"d97374d\" data-element_type=\"column\" data-e-type=\"column\">\n\t\t\t<div class=\"elementor-widget-wrap elementor-element-populated\">\n\t\t\t\t\t\t<div class=\"elementor-element elementor-element-27b7539 elementor-widget elementor-widget-image\" data-id=\"27b7539\" data-element_type=\"widget\" data-e-type=\"widget\" data-widget_type=\"image.default\">\n\t\t\t\t<div class=\"elementor-widget-container\">\n\t\t\t\t\t\t\t\t\t\t\t\t\t\t\t<img decoding=\"async\" width=\"800\" height=\"533\" src=\"https:\/\/vidamedicalclinic.org\/wp-content\/uploads\/2025\/08\/Medical-Website-Images-10-1024x682.png\" class=\"attachment-large size-large wp-image-8634\" alt=\"\" srcset=\"https:\/\/vidamedicalclinic.org\/wp-content\/uploads\/2025\/08\/Medical-Website-Images-10-1024x682.png 1024w, https:\/\/vidamedicalclinic.org\/wp-content\/uploads\/2025\/08\/Medical-Website-Images-10-300x200.png 300w, https:\/\/vidamedicalclinic.org\/wp-content\/uploads\/2025\/08\/Medical-Website-Images-10-768x512.png 768w, https:\/\/vidamedicalclinic.org\/wp-content\/uploads\/2025\/08\/Medical-Website-Images-10-1536x1024.png 1536w, https:\/\/vidamedicalclinic.org\/wp-content\/uploads\/2025\/08\/Medical-Website-Images-10-18x12.png 18w, https:\/\/vidamedicalclinic.org\/wp-content\/uploads\/2025\/08\/Medical-Website-Images-10.png 2000w\" sizes=\"(max-width: 800px) 100vw, 800px\" \/>\t\t\t\t\t\t\t\t\t\t\t\t\t\t\t<\/div>\n\t\t\t\t<\/div>\n\t\t\t\t\t<\/div>\n\t\t<\/div>\n\t\t\t\t<div class=\"elementor-column elementor-col-33 elementor-top-column elementor-element elementor-element-567c217\" data-id=\"567c217\" data-element_type=\"column\" data-e-type=\"column\">\n\t\t\t<div class=\"elementor-widget-wrap elementor-element-populated\">\n\t\t\t\t\t\t<div class=\"elementor-element elementor-element-023ec76 elementor-widget elementor-widget-image\" data-id=\"023ec76\" data-element_type=\"widget\" data-e-type=\"widget\" data-widget_type=\"image.default\">\n\t\t\t\t<div class=\"elementor-widget-container\">\n\t\t\t\t\t\t\t\t\t\t\t\t\t\t\t<img decoding=\"async\" width=\"800\" height=\"533\" src=\"https:\/\/vidamedicalclinic.org\/wp-content\/uploads\/2025\/08\/Medical-Website-Images-7-1024x682.png\" class=\"attachment-large size-large wp-image-8638\" alt=\"\" srcset=\"https:\/\/vidamedicalclinic.org\/wp-content\/uploads\/2025\/08\/Medical-Website-Images-7-1024x682.png 1024w, https:\/\/vidamedicalclinic.org\/wp-content\/uploads\/2025\/08\/Medical-Website-Images-7-300x200.png 300w, https:\/\/vidamedicalclinic.org\/wp-content\/uploads\/2025\/08\/Medical-Website-Images-7-768x512.png 768w, https:\/\/vidamedicalclinic.org\/wp-content\/uploads\/2025\/08\/Medical-Website-Images-7-1536x1024.png 1536w, https:\/\/vidamedicalclinic.org\/wp-content\/uploads\/2025\/08\/Medical-Website-Images-7-18x12.png 18w, https:\/\/vidamedicalclinic.org\/wp-content\/uploads\/2025\/08\/Medical-Website-Images-7.png 2000w\" sizes=\"(max-width: 800px) 100vw, 800px\" \/>\t\t\t\t\t\t\t\t\t\t\t\t\t\t\t<\/div>\n\t\t\t\t<\/div>\n\t\t\t\t\t<\/div>\n\t\t<\/div>\n\t\t\t\t\t<\/div>\n\t\t<\/section>\n\t\t\t\t<section class=\"elementor-section elementor-top-section elementor-element elementor-element-150da60 elementor-section-boxed elementor-section-height-default elementor-section-height-default\" data-id=\"150da60\" data-element_type=\"section\" data-e-type=\"section\">\n\t\t\t\t\t\t<div class=\"elementor-container elementor-column-gap-default\">\n\t\t\t\t\t<div class=\"elementor-column elementor-col-33 elementor-top-column elementor-element elementor-element-dec8bf1\" data-id=\"dec8bf1\" data-element_type=\"column\" data-e-type=\"column\">\n\t\t\t<div class=\"elementor-widget-wrap elementor-element-populated\">\n\t\t\t\t\t\t<div class=\"elementor-element elementor-element-35b165f elementor-widget elementor-widget-image\" data-id=\"35b165f\" data-element_type=\"widget\" data-e-type=\"widget\" data-widget_type=\"image.default\">\n\t\t\t\t<div class=\"elementor-widget-container\">\n\t\t\t\t\t\t\t\t\t\t\t\t\t\t\t<img loading=\"lazy\" decoding=\"async\" width=\"800\" height=\"533\" src=\"https:\/\/vidamedicalclinic.org\/wp-content\/uploads\/2025\/08\/Medical-Website-Images-6-1024x682.png\" class=\"attachment-large size-large wp-image-8639\" alt=\"\" srcset=\"https:\/\/vidamedicalclinic.org\/wp-content\/uploads\/2025\/08\/Medical-Website-Images-6-1024x682.png 1024w, https:\/\/vidamedicalclinic.org\/wp-content\/uploads\/2025\/08\/Medical-Website-Images-6-300x200.png 300w, https:\/\/vidamedicalclinic.org\/wp-content\/uploads\/2025\/08\/Medical-Website-Images-6-768x512.png 768w, https:\/\/vidamedicalclinic.org\/wp-content\/uploads\/2025\/08\/Medical-Website-Images-6-1536x1024.png 1536w, https:\/\/vidamedicalclinic.org\/wp-content\/uploads\/2025\/08\/Medical-Website-Images-6-18x12.png 18w, https:\/\/vidamedicalclinic.org\/wp-content\/uploads\/2025\/08\/Medical-Website-Images-6.png 2000w\" sizes=\"(max-width: 800px) 100vw, 800px\" \/>\t\t\t\t\t\t\t\t\t\t\t\t\t\t\t<\/div>\n\t\t\t\t<\/div>\n\t\t\t\t\t<\/div>\n\t\t<\/div>\n\t\t\t\t<div class=\"elementor-column elementor-col-33 elementor-top-column elementor-element elementor-element-d8d00e6\" data-id=\"d8d00e6\" data-element_type=\"column\" data-e-type=\"column\">\n\t\t\t<div class=\"elementor-widget-wrap elementor-element-populated\">\n\t\t\t\t\t\t<div class=\"elementor-element elementor-element-54b6e77 elementor-widget elementor-widget-image\" data-id=\"54b6e77\" data-element_type=\"widget\" data-e-type=\"widget\" data-widget_type=\"image.default\">\n\t\t\t\t<div class=\"elementor-widget-container\">\n\t\t\t\t\t\t\t\t\t\t\t\t\t\t\t<img loading=\"lazy\" decoding=\"async\" width=\"800\" height=\"533\" src=\"https:\/\/vidamedicalclinic.org\/wp-content\/uploads\/2025\/08\/Medical-Website-Images-9-1024x682.png\" class=\"attachment-large size-large wp-image-8635\" alt=\"\" srcset=\"https:\/\/vidamedicalclinic.org\/wp-content\/uploads\/2025\/08\/Medical-Website-Images-9-1024x682.png 1024w, https:\/\/vidamedicalclinic.org\/wp-content\/uploads\/2025\/08\/Medical-Website-Images-9-300x200.png 300w, https:\/\/vidamedicalclinic.org\/wp-content\/uploads\/2025\/08\/Medical-Website-Images-9-768x512.png 768w, https:\/\/vidamedicalclinic.org\/wp-content\/uploads\/2025\/08\/Medical-Website-Images-9-1536x1024.png 1536w, https:\/\/vidamedicalclinic.org\/wp-content\/uploads\/2025\/08\/Medical-Website-Images-9-18x12.png 18w, https:\/\/vidamedicalclinic.org\/wp-content\/uploads\/2025\/08\/Medical-Website-Images-9.png 2000w\" sizes=\"(max-width: 800px) 100vw, 800px\" \/>\t\t\t\t\t\t\t\t\t\t\t\t\t\t\t<\/div>\n\t\t\t\t<\/div>\n\t\t\t\t\t<\/div>\n\t\t<\/div>\n\t\t\t\t<div class=\"elementor-column elementor-col-33 elementor-top-column elementor-element elementor-element-245b239\" data-id=\"245b239\" data-element_type=\"column\" data-e-type=\"column\">\n\t\t\t<div class=\"elementor-widget-wrap elementor-element-populated\">\n\t\t\t\t\t\t<div class=\"elementor-element elementor-element-5e878ae elementor-widget elementor-widget-image\" data-id=\"5e878ae\" data-element_type=\"widget\" data-e-type=\"widget\" data-widget_type=\"image.default\">\n\t\t\t\t<div class=\"elementor-widget-container\">\n\t\t\t\t\t\t\t\t\t\t\t\t\t\t\t<img loading=\"lazy\" decoding=\"async\" width=\"800\" height=\"533\" src=\"https:\/\/vidamedicalclinic.org\/wp-content\/uploads\/2025\/08\/Medical-Website-Images-8-1024x682.png\" class=\"attachment-large size-large wp-image-8636\" alt=\"\" srcset=\"https:\/\/vidamedicalclinic.org\/wp-content\/uploads\/2025\/08\/Medical-Website-Images-8-1024x682.png 1024w, https:\/\/vidamedicalclinic.org\/wp-content\/uploads\/2025\/08\/Medical-Website-Images-8-300x200.png 300w, https:\/\/vidamedicalclinic.org\/wp-content\/uploads\/2025\/08\/Medical-Website-Images-8-768x512.png 768w, https:\/\/vidamedicalclinic.org\/wp-content\/uploads\/2025\/08\/Medical-Website-Images-8-1536x1024.png 1536w, https:\/\/vidamedicalclinic.org\/wp-content\/uploads\/2025\/08\/Medical-Website-Images-8-18x12.png 18w, https:\/\/vidamedicalclinic.org\/wp-content\/uploads\/2025\/08\/Medical-Website-Images-8.png 2000w\" sizes=\"(max-width: 800px) 100vw, 800px\" \/>\t\t\t\t\t\t\t\t\t\t\t\t\t\t\t<\/div>\n\t\t\t\t<\/div>\n\t\t\t\t\t<\/div>\n\t\t<\/div>\n\t\t\t\t\t<\/div>\n\t\t<\/section>\n\t\t\t\t<section class=\"elementor-section elementor-top-section elementor-element elementor-element-cb03b5e elementor-section-boxed elementor-section-height-default elementor-section-height-default\" data-id=\"cb03b5e\" data-element_type=\"section\" data-e-type=\"section\">\n\t\t\t\t\t\t<div class=\"elementor-container elementor-column-gap-default\">\n\t\t\t\t\t<div class=\"elementor-column elementor-col-100 elementor-top-column elementor-element elementor-element-2804758\" data-id=\"2804758\" data-element_type=\"column\" data-e-type=\"column\">\n\t\t\t<div class=\"elementor-widget-wrap elementor-element-populated\">\n\t\t\t\t\t\t<div class=\"elementor-element elementor-element-709b58c elementor-widget elementor-widget-google_maps\" data-id=\"709b58c\" data-element_type=\"widget\" data-e-type=\"widget\" data-widget_type=\"google_maps.default\">\n\t\t\t\t<div class=\"elementor-widget-container\">\n\t\t\t\t\t\t\t<div class=\"elementor-custom-embed\">\n\t\t\t<iframe loading=\"lazy\"\n\t\t\t\t\tsrc=\"https:\/\/maps.google.com\/maps?q=207%20N%20Main%20St%20Suite%201%2C%20Fond%20du%20Lac%2C%20WI%2054935&#038;t=m&#038;z=13&#038;output=embed&#038;iwloc=near\"\n\t\t\t\t\ttitle=\"207 N Main St Suite 1, Fond du Lac, WI 54935\"\n\t\t\t\t\taria-label=\"207 N Main St Suite 1, Fond du Lac, WI 54935\"\n\t\t\t><\/iframe>\n\t\t<\/div>\n\t\t\t\t\t\t<\/div>\n\t\t\t\t<\/div>\n\t\t\t\t\t<\/div>\n\t\t<\/div>\n\t\t\t\t\t<\/div>\n\t\t<\/section>\n\t\t\t\t<\/div>","protected":false},"excerpt":{"rendered":"<p>Vida Medical Clinic Vida established it\u2019s second\u00a0Medical Clinic\u00a0location in Fond du Lac on February 1, 2024.\u00a0At this location, Vida provides free medical support including pregnancy testing, ultrasounds, STI testing and treatment, Pap\/pelvic and breast exams, sports physicals, and more. Learn more about our medical services\u00a0here. Location:\u00a0207 N Main St. Suite 1, Fond du Lac, WI [&hellip;]<\/p>\n","protected":false},"author":7,"featured_media":0,"parent":0,"menu_order":0,"comment_status":"closed","ping_status":"closed","template":"","meta":{"footnotes":""},"class_list":["post-2429","page","type-page","status-publish","hentry"],"yoast_head":"<!-- This site is optimized with the Yoast SEO plugin v27.4 - https:\/\/yoast.com\/product\/yoast-seo-wordpress\/ -->\n<title>Fond du Lac - Vida Medical Clinic<\/title>\n<meta name=\"robots\" content=\"index, follow, max-snippet:-1, max-image-preview:large, max-video-preview:-1\" \/>\n<link rel=\"canonical\" href=\"https:\/\/vidamedicalclinic.org\/es\/fond-du-lac\/\" \/>\n<meta property=\"og:locale\" content=\"es_MX\" \/>\n<meta property=\"og:type\" content=\"article\" \/>\n<meta property=\"og:title\" content=\"Fond du Lac - Vida Medical Clinic\" \/>\n<meta property=\"og:description\" content=\"Vida Medical Clinic Vida established it\u2019s second\u00a0Medical Clinic\u00a0location in Fond du Lac on February 1, 2024.\u00a0At this location, Vida provides free medical support including pregnancy testing, ultrasounds, STI testing and treatment, Pap\/pelvic and breast exams, sports physicals, and more. Learn more about our medical services\u00a0here. Location:\u00a0207 N Main St. Suite 1, Fond du Lac, WI [&hellip;]\" \/>\n<meta property=\"og:url\" content=\"https:\/\/vidamedicalclinic.org\/es\/fond-du-lac\/\" \/>\n<meta property=\"og:site_name\" content=\"Vida Medical Clinic\" \/>\n<meta property=\"article:modified_time\" content=\"2025-08-21T16:13:50+00:00\" \/>\n<meta property=\"og:image\" content=\"https:\/\/vidamedicalclinic.org\/wp-content\/uploads\/2025\/08\/Medical-Website-Images-11-1024x682.png\" \/>\n\t<meta property=\"og:image:width\" content=\"1024\" \/>\n\t<meta property=\"og:image:height\" content=\"682\" \/>\n\t<meta property=\"og:image:type\" content=\"image\/png\" \/>\n<meta name=\"twitter:card\" content=\"summary_large_image\" \/>\n<meta name=\"twitter:label1\" content=\"Tiempo de lectura\" \/>\n\t<meta name=\"twitter:data1\" content=\"2 minutos\" \/>\n<!-- \/ Yoast SEO plugin. -->","yoast_head_json":{"title":"Fond du Lac - Cl\u00ednica M\u00e9dica Vida","robots":{"index":"index","follow":"follow","max-snippet":"max-snippet:-1","max-image-preview":"max-image-preview:large","max-video-preview":"max-video-preview:-1"},"canonical":"https:\/\/vidamedicalclinic.org\/es\/fond-du-lac\/","og_locale":"es_MX","og_type":"article","og_title":"Fond du Lac - Vida Medical Clinic","og_description":"Vida Medical Clinic Vida established it\u2019s second\u00a0Medical Clinic\u00a0location in Fond du Lac on February 1, 2024.\u00a0At this location, Vida provides free medical support including pregnancy testing, ultrasounds, STI testing and treatment, Pap\/pelvic and breast exams, sports physicals, and more. Learn more about our medical services\u00a0here. Location:\u00a0207 N Main St. Suite 1, Fond du Lac, WI [&hellip;]","og_url":"https:\/\/vidamedicalclinic.org\/es\/fond-du-lac\/","og_site_name":"Vida Medical Clinic","article_modified_time":"2025-08-21T16:13:50+00:00","og_image":[{"width":1024,"height":682,"url":"https:\/\/vidamedicalclinic.org\/wp-content\/uploads\/2025\/08\/Medical-Website-Images-11-1024x682.png","type":"image\/png"}],"twitter_card":"summary_large_image","twitter_misc":{"Tiempo de lectura":"2 minutos"},"schema":{"@context":"https:\/\/schema.org","@graph":[{"@type":"WebPage","@id":"https:\/\/vidamedicalclinic.org\/fond-du-lac\/","url":"https:\/\/vidamedicalclinic.org\/fond-du-lac\/","name":"Fond du Lac - Cl\u00ednica M\u00e9dica Vida","isPartOf":{"@id":"https:\/\/vidamedicalclinic.org\/#website"},"primaryImageOfPage":{"@id":"https:\/\/vidamedicalclinic.org\/fond-du-lac\/#primaryimage"},"image":{"@id":"https:\/\/vidamedicalclinic.org\/fond-du-lac\/#primaryimage"},"thumbnailUrl":"https:\/\/vidamedicalclinic.org\/wp-content\/uploads\/2025\/08\/Medical-Website-Images-11-1024x682.png","datePublished":"2025-01-02T18:55:24+00:00","dateModified":"2025-08-21T16:13:50+00:00","breadcrumb":{"@id":"https:\/\/vidamedicalclinic.org\/fond-du-lac\/#breadcrumb"},"inLanguage":"es","potentialAction":[{"@type":"ReadAction","target":["https:\/\/vidamedicalclinic.org\/fond-du-lac\/"]}]},{"@type":"ImageObject","inLanguage":"es","@id":"https:\/\/vidamedicalclinic.org\/fond-du-lac\/#primaryimage","url":"https:\/\/vidamedicalclinic.org\/wp-content\/uploads\/2025\/08\/Medical-Website-Images-11-1024x682.png","contentUrl":"https:\/\/vidamedicalclinic.org\/wp-content\/uploads\/2025\/08\/Medical-Website-Images-11-1024x682.png"},{"@type":"BreadcrumbList","@id":"https:\/\/vidamedicalclinic.org\/fond-du-lac\/#breadcrumb","itemListElement":[{"@type":"ListItem","position":1,"name":"Home","item":"https:\/\/vidamedicalclinic.org\/"},{"@type":"ListItem","position":2,"name":"Fond du Lac"}]},{"@type":"WebSite","@id":"https:\/\/vidamedicalclinic.org\/#website","url":"https:\/\/vidamedicalclinic.org\/","name":"Cl\u00ednica M\u00e9dica Vida","description":"","publisher":{"@id":"https:\/\/vidamedicalclinic.org\/#organization"},"potentialAction":[{"@type":"SearchAction","target":{"@type":"EntryPoint","urlTemplate":"https:\/\/vidamedicalclinic.org\/?s={search_term_string}"},"query-input":{"@type":"PropertyValueSpecification","valueRequired":true,"valueName":"search_term_string"}}],"inLanguage":"es"},{"@type":"Organization","@id":"https:\/\/vidamedicalclinic.org\/#organization","name":"Cl\u00ednica M\u00e9dica Vida","url":"https:\/\/vidamedicalclinic.org\/","logo":{"@type":"ImageObject","inLanguage":"es","@id":"https:\/\/vidamedicalclinic.org\/#\/schema\/logo\/image\/","url":"https:\/\/vidamedicalclinic.org\/wp-content\/uploads\/2022\/08\/vida-desktop-logo.png","contentUrl":"https:\/\/vidamedicalclinic.org\/wp-content\/uploads\/2022\/08\/vida-desktop-logo.png","width":176,"height":91,"caption":"Vida Medical Clinic"},"image":{"@id":"https:\/\/vidamedicalclinic.org\/#\/schema\/logo\/image\/"}}]}},"_links":{"self":[{"href":"https:\/\/vidamedicalclinic.org\/es\/wp-json\/wp\/v2\/pages\/2429","targetHints":{"allow":["GET"]}}],"collection":[{"href":"https:\/\/vidamedicalclinic.org\/es\/wp-json\/wp\/v2\/pages"}],"about":[{"href":"https:\/\/vidamedicalclinic.org\/es\/wp-json\/wp\/v2\/types\/page"}],"author":[{"embeddable":true,"href":"https:\/\/vidamedicalclinic.org\/es\/wp-json\/wp\/v2\/users\/7"}],"replies":[{"embeddable":true,"href":"https:\/\/vidamedicalclinic.org\/es\/wp-json\/wp\/v2\/comments?post=2429"}],"version-history":[{"count":0,"href":"https:\/\/vidamedicalclinic.org\/es\/wp-json\/wp\/v2\/pages\/2429\/revisions"}],"wp:attachment":[{"href":"https:\/\/vidamedicalclinic.org\/es\/wp-json\/wp\/v2\/media?parent=2429"}],"curies":[{"name":"gracias","href":"https:\/\/api.w.org\/{rel}","templated":true}]}}