{"id":2426,"date":"2025-01-02T12:51:41","date_gmt":"2025-01-02T18:51:41","guid":{"rendered":"https:\/\/vidamedicalclinic.org\/?page_id=2426"},"modified":"2025-10-31T11:02:47","modified_gmt":"2025-10-31T16:02:47","slug":"oshkosh","status":"publish","type":"page","link":"https:\/\/vidamedicalclinic.org\/es\/oshkosh\/","title":{"rendered":"Oshkosh"},"content":{"rendered":"<div data-elementor-type=\"wp-page\" data-elementor-id=\"2426\" class=\"elementor elementor-2426\" data-elementor-post-type=\"page\">\n\t\t\t\t\t\t<section class=\"elementor-section elementor-top-section elementor-element elementor-element-21fcaa6 elementor-section-height-min-height elementor-section-boxed elementor-section-height-default elementor-section-items-middle\" data-id=\"21fcaa6\" data-element_type=\"section\" data-e-type=\"section\" data-settings=\"{&quot;background_background&quot;:&quot;classic&quot;,&quot;shape_divider_bottom&quot;:&quot;mountains&quot;}\">\n\t\t\t\t\t<div class=\"elementor-shape elementor-shape-bottom\" aria-hidden=\"true\" data-negative=\"false\">\n\t\t\t<svg xmlns=\"http:\/\/www.w3.org\/2000\/svg\" viewbox=\"0 0 1000 100\" preserveaspectratio=\"none\">\n\t<path class=\"elementor-shape-fill\" opacity=\"0.33\" d=\"M473,67.3c-203.9,88.3-263.1-34-320.3,0C66,119.1,0,59.7,0,59.7V0h1000v59.7 c0,0-62.1,26.1-94.9,29.3c-32.8,3.3-62.8-12.3-75.8-22.1C806,49.6,745.3,8.7,694.9,4.7S492.4,59,473,67.3z\"\/>\n\t<path class=\"elementor-shape-fill\" opacity=\"0.66\" d=\"M734,67.3c-45.5,0-77.2-23.2-129.1-39.1c-28.6-8.7-150.3-10.1-254,39.1 s-91.7-34.4-149.2,0C115.7,118.3,0,39.8,0,39.8V0h1000v36.5c0,0-28.2-18.5-92.1-18.5C810.2,18.1,775.7,67.3,734,67.3z\"\/>\n\t<path class=\"elementor-shape-fill\" d=\"M766.1,28.9c-200-57.5-266,65.5-395.1,19.5C242,1.8,242,5.4,184.8,20.6C128,35.8,132.3,44.9,89.9,52.5C28.6,63.7,0,0,0,0 h1000c0,0-9.9,40.9-83.6,48.1S829.6,47,766.1,28.9z\"\/>\n<\/svg>\t\t<\/div>\n\t\t\t\t\t<div class=\"elementor-container elementor-column-gap-default\">\n\t\t\t\t\t<div class=\"elementor-column elementor-col-100 elementor-top-column elementor-element elementor-element-8014584\" data-id=\"8014584\" data-element_type=\"column\" data-e-type=\"column\">\n\t\t\t<div class=\"elementor-widget-wrap elementor-element-populated\">\n\t\t\t\t\t\t\t<\/div>\n\t\t<\/div>\n\t\t\t\t\t<\/div>\n\t\t<\/section>\n\t\t\t\t<section class=\"elementor-section elementor-top-section elementor-element elementor-element-8bf0db1 elementor-section-boxed elementor-section-height-default elementor-section-height-default\" data-id=\"8bf0db1\" data-element_type=\"section\" data-e-type=\"section\">\n\t\t\t\t\t\t<div class=\"elementor-container elementor-column-gap-default\">\n\t\t\t\t\t<div class=\"elementor-column elementor-col-100 elementor-top-column elementor-element elementor-element-99e05f2\" data-id=\"99e05f2\" data-element_type=\"column\" data-e-type=\"column\">\n\t\t\t<div class=\"elementor-widget-wrap elementor-element-populated\">\n\t\t\t\t\t\t<div class=\"elementor-element elementor-element-addda23 elementor-widget elementor-widget-text-editor\" data-id=\"addda23\" data-element_type=\"widget\" data-e-type=\"widget\" data-widget_type=\"text-editor.default\">\n\t\t\t\t<div class=\"elementor-widget-container\">\n\t\t\t\t\t\t\t\t\t<div class=\"elementor-element elementor-element-bb70b34 elementor-widget elementor-widget-heading\" style=\"flex-basis: var(--flex-basis); flex-grow: var(--flex-grow); flex-shrink: var(--flex-shrink); order: var(--order); align-self: var(--align-self); flex-direction: var(--flex-direction); flex-wrap: var(--flex-wrap); justify-content: var(--justify-content); align-items: var(--align-items); align-content: var(--align-content); gap: var(--gap); --swiper-theme-color: #000; --swiper-navigation-size: 44px; --swiper-pagination-bullet-size: 6px; --swiper-pagination-bullet-horizontal-gap: 6px; --widgets-spacing: 20px 20px; width: 1120px; margin-bottom: 20px;\" data-id=\"bb70b34\" data-element_type=\"widget\" data-widget_type=\"heading.default\"><div class=\"elementor-widget-container\" style=\"transition: background .3s,border .3s,border-radius .3s,box-shadow .3s,transform var(--e-transform-transition-duration,.4s);\"><h2 class=\"elementor-heading-title elementor-size-default\" style=\"font-weight: bold;\">Cl\u00ednica M\u00e9dica Vida<\/h2><\/div><\/div><div class=\"elementor-element elementor-element-207ecb3 elementor-widget elementor-widget-text-editor\" style=\"flex-basis: var(--flex-basis); flex-grow: var(--flex-grow); flex-shrink: var(--flex-shrink); order: var(--order); align-self: var(--align-self); flex-direction: var(--flex-direction); flex-wrap: var(--flex-wrap); justify-content: var(--justify-content); align-items: var(--align-items); align-content: var(--align-content); gap: var(--gap); --swiper-theme-color: #000; --swiper-navigation-size: 44px; --swiper-pagination-bullet-size: 6px; --swiper-pagination-bullet-horizontal-gap: 6px; --widgets-spacing: 20px 20px; width: 1120px;\" data-id=\"207ecb3\" data-element_type=\"widget\" data-widget_type=\"text-editor.default\"><div class=\"elementor-widget-container\" style=\"transition: background .3s,border .3s,border-radius .3s,box-shadow .3s,transform var(--e-transform-transition-duration,.4s);\"><p><span style=\"color: #000000;\">En este centro, Vida ofrece atenci\u00f3n m\u00e9dica gratuita que incluye pruebas de embarazo, ecograf\u00edas, pruebas y tratamiento de ITS, citolog\u00edas vaginales y ex\u00e1menes de mama, reconocimientos m\u00e9dicos para la pr\u00e1ctica de deportes y mucho m\u00e1s. Obtenga m\u00e1s informaci\u00f3n sobre nuestros servicios m\u00e9dicos. <a href=\"http:\/\/vidamedicalclinic.org\/es\/\" target=\"_blank\" rel=\"noopener external noreferrer\" data-wpel-link=\"external\">aqu\u00ed<\/a>.<\/span><\/p><p><span style=\"font-weight: bolder;\"><span style=\"font-family: var( --e-global-typography-text-font-family ), Sans-serif; font-size: var( --e-global-typography-text-font-size ); color: #000000; font-kerning: none;\">Ubicaci\u00f3n:\u00a0<\/span><\/span><a href=\"https:\/\/maps.app.goo.gl\/ZN6TPSMsSNHCLdvU8\" target=\"_blank\" rel=\"noopener external noreferrer\" data-wpel-link=\"external\">1484 W South Park Ave., Oshkosh, Wisconsin 54902<\/a><\/p><p><span style=\"font-weight: bolder;\"><span style=\"color: #000000;\">Horas: <\/span><\/span><span style=\"color: #000000;\">Mi\u00e9rcoles de 13:00 a 17:00 (solo con cita previa), jueves de 9:00 a 17:00 y viernes de 9:00 a 17:00.<\/span><\/p><\/div><\/div>\t\t\t\t\t\t\t\t<\/div>\n\t\t\t\t<\/div>\n\t\t\t\t\t<\/div>\n\t\t<\/div>\n\t\t\t\t\t<\/div>\n\t\t<\/section>\n\t\t\t\t<section class=\"elementor-section elementor-top-section elementor-element elementor-element-f906614 elementor-section-boxed elementor-section-height-default elementor-section-height-default\" data-id=\"f906614\" data-element_type=\"section\" data-e-type=\"section\">\n\t\t\t\t\t\t<div class=\"elementor-container elementor-column-gap-default\">\n\t\t\t\t\t<div class=\"elementor-column elementor-col-33 elementor-top-column elementor-element elementor-element-7b05605\" data-id=\"7b05605\" data-element_type=\"column\" data-e-type=\"column\">\n\t\t\t<div class=\"elementor-widget-wrap elementor-element-populated\">\n\t\t\t\t\t\t<div class=\"elementor-element elementor-element-e3b6710 elementor-widget elementor-widget-image\" data-id=\"e3b6710\" data-element_type=\"widget\" data-e-type=\"widget\" data-widget_type=\"image.default\">\n\t\t\t\t<div class=\"elementor-widget-container\">\n\t\t\t\t\t\t\t\t\t\t\t\t\t\t\t<img fetchpriority=\"high\" decoding=\"async\" width=\"800\" height=\"533\" src=\"https:\/\/vidamedicalclinic.org\/wp-content\/uploads\/2025\/08\/Medical-Website-Images-15-1024x682.png\" class=\"attachment-large size-large wp-image-8642\" alt=\"\" srcset=\"https:\/\/vidamedicalclinic.org\/wp-content\/uploads\/2025\/08\/Medical-Website-Images-15-1024x682.png 1024w, https:\/\/vidamedicalclinic.org\/wp-content\/uploads\/2025\/08\/Medical-Website-Images-15-300x200.png 300w, https:\/\/vidamedicalclinic.org\/wp-content\/uploads\/2025\/08\/Medical-Website-Images-15-768x512.png 768w, https:\/\/vidamedicalclinic.org\/wp-content\/uploads\/2025\/08\/Medical-Website-Images-15-1536x1024.png 1536w, https:\/\/vidamedicalclinic.org\/wp-content\/uploads\/2025\/08\/Medical-Website-Images-15-18x12.png 18w, https:\/\/vidamedicalclinic.org\/wp-content\/uploads\/2025\/08\/Medical-Website-Images-15.png 2000w\" sizes=\"(max-width: 800px) 100vw, 800px\" \/>\t\t\t\t\t\t\t\t\t\t\t\t\t\t\t<\/div>\n\t\t\t\t<\/div>\n\t\t\t\t\t<\/div>\n\t\t<\/div>\n\t\t\t\t<div class=\"elementor-column elementor-col-33 elementor-top-column elementor-element elementor-element-d8558d1\" data-id=\"d8558d1\" data-element_type=\"column\" data-e-type=\"column\">\n\t\t\t<div class=\"elementor-widget-wrap elementor-element-populated\">\n\t\t\t\t\t\t<div class=\"elementor-element elementor-element-b2277e1 elementor-widget elementor-widget-image\" data-id=\"b2277e1\" data-element_type=\"widget\" data-e-type=\"widget\" data-widget_type=\"image.default\">\n\t\t\t\t<div class=\"elementor-widget-container\">\n\t\t\t\t\t\t\t\t\t\t\t\t\t\t\t<img decoding=\"async\" width=\"800\" height=\"533\" src=\"https:\/\/vidamedicalclinic.org\/wp-content\/uploads\/2025\/08\/Medical-Website-Images-16-1024x682.png\" class=\"attachment-large size-large wp-image-8641\" alt=\"\" srcset=\"https:\/\/vidamedicalclinic.org\/wp-content\/uploads\/2025\/08\/Medical-Website-Images-16-1024x682.png 1024w, https:\/\/vidamedicalclinic.org\/wp-content\/uploads\/2025\/08\/Medical-Website-Images-16-300x200.png 300w, https:\/\/vidamedicalclinic.org\/wp-content\/uploads\/2025\/08\/Medical-Website-Images-16-768x512.png 768w, https:\/\/vidamedicalclinic.org\/wp-content\/uploads\/2025\/08\/Medical-Website-Images-16-1536x1024.png 1536w, https:\/\/vidamedicalclinic.org\/wp-content\/uploads\/2025\/08\/Medical-Website-Images-16-18x12.png 18w, https:\/\/vidamedicalclinic.org\/wp-content\/uploads\/2025\/08\/Medical-Website-Images-16.png 2000w\" sizes=\"(max-width: 800px) 100vw, 800px\" \/>\t\t\t\t\t\t\t\t\t\t\t\t\t\t\t<\/div>\n\t\t\t\t<\/div>\n\t\t\t\t\t<\/div>\n\t\t<\/div>\n\t\t\t\t<div class=\"elementor-column elementor-col-33 elementor-top-column elementor-element elementor-element-933eb08\" data-id=\"933eb08\" data-element_type=\"column\" data-e-type=\"column\">\n\t\t\t<div class=\"elementor-widget-wrap elementor-element-populated\">\n\t\t\t\t\t\t<div class=\"elementor-element elementor-element-36f963b elementor-widget elementor-widget-image\" data-id=\"36f963b\" data-element_type=\"widget\" data-e-type=\"widget\" data-widget_type=\"image.default\">\n\t\t\t\t<div class=\"elementor-widget-container\">\n\t\t\t\t\t\t\t\t\t\t\t\t\t\t\t<img decoding=\"async\" width=\"800\" height=\"533\" src=\"https:\/\/vidamedicalclinic.org\/wp-content\/uploads\/2025\/08\/Medical-Website-Images-14-1024x682.png\" class=\"attachment-large size-large wp-image-8643\" alt=\"\" srcset=\"https:\/\/vidamedicalclinic.org\/wp-content\/uploads\/2025\/08\/Medical-Website-Images-14-1024x682.png 1024w, https:\/\/vidamedicalclinic.org\/wp-content\/uploads\/2025\/08\/Medical-Website-Images-14-300x200.png 300w, https:\/\/vidamedicalclinic.org\/wp-content\/uploads\/2025\/08\/Medical-Website-Images-14-768x512.png 768w, https:\/\/vidamedicalclinic.org\/wp-content\/uploads\/2025\/08\/Medical-Website-Images-14-1536x1024.png 1536w, https:\/\/vidamedicalclinic.org\/wp-content\/uploads\/2025\/08\/Medical-Website-Images-14-18x12.png 18w, https:\/\/vidamedicalclinic.org\/wp-content\/uploads\/2025\/08\/Medical-Website-Images-14.png 2000w\" sizes=\"(max-width: 800px) 100vw, 800px\" \/>\t\t\t\t\t\t\t\t\t\t\t\t\t\t\t<\/div>\n\t\t\t\t<\/div>\n\t\t\t\t\t<\/div>\n\t\t<\/div>\n\t\t\t\t\t<\/div>\n\t\t<\/section>\n\t\t\t\t<section class=\"elementor-section elementor-top-section elementor-element elementor-element-7d25db6 elementor-section-boxed elementor-section-height-default elementor-section-height-default\" data-id=\"7d25db6\" data-element_type=\"section\" data-e-type=\"section\">\n\t\t\t\t\t\t<div class=\"elementor-container elementor-column-gap-default\">\n\t\t\t\t\t<div class=\"elementor-column elementor-col-100 elementor-top-column elementor-element elementor-element-947adef\" data-id=\"947adef\" data-element_type=\"column\" data-e-type=\"column\">\n\t\t\t<div class=\"elementor-widget-wrap elementor-element-populated\">\n\t\t\t\t\t\t<div class=\"elementor-element elementor-element-c581b92 elementor-widget elementor-widget-google_maps\" data-id=\"c581b92\" data-element_type=\"widget\" data-e-type=\"widget\" data-widget_type=\"google_maps.default\">\n\t\t\t\t<div class=\"elementor-widget-container\">\n\t\t\t\t\t\t\t<div class=\"elementor-custom-embed\">\n\t\t\t<iframe loading=\"lazy\"\n\t\t\t\t\tsrc=\"https:\/\/maps.google.com\/maps?q=1484%20W%20South%20Park%20Ave%2C%20Oshkosh%2C%20WI%2054902&#038;t=m&#038;z=13&#038;output=embed&#038;iwloc=near\"\n\t\t\t\t\ttitle=\"1484 W South Park Ave, Oshkosh, Wisconsin 54902\"\n\t\t\t\t\taria-label=\"1484 W South Park Ave, Oshkosh, Wisconsin 54902\"\n\t\t\t><\/iframe>\n\t\t<\/div>\n\t\t\t\t\t\t<\/div>\n\t\t\t\t<\/div>\n\t\t\t\t\t<\/div>\n\t\t<\/div>\n\t\t\t\t\t<\/div>\n\t\t<\/section>\n\t\t\t\t<\/div>","protected":false},"excerpt":{"rendered":"<p>Vida Medical Clinic At this location, Vida provides free medical support including pregnancy testing, ultrasounds, STI testing and treatment, Pap\/pelvic and breast exams, sports physicals, and more. Learn more about our medical services here. Location:\u00a01484 W South Park Ave., Oshkosh, WI 54902 Hours: Wednesday 1pm-5pm (by appointment only), Thursday 9am-5pm, and Friday 9am-5pm<\/p>","protected":false},"author":7,"featured_media":0,"parent":0,"menu_order":0,"comment_status":"closed","ping_status":"closed","template":"","meta":{"footnotes":""},"class_list":["post-2426","page","type-page","status-publish","hentry"],"yoast_head":"<!-- This site is optimized with the Yoast SEO plugin v27.3 - https:\/\/yoast.com\/product\/yoast-seo-wordpress\/ -->\n<title>Oshkosh - Vida Medical Clinic<\/title>\n<meta name=\"robots\" content=\"index, follow, max-snippet:-1, max-image-preview:large, max-video-preview:-1\" \/>\n<link rel=\"canonical\" href=\"https:\/\/vidamedicalclinic.org\/es\/oshkosh\/\" \/>\n<meta property=\"og:locale\" content=\"es_MX\" \/>\n<meta property=\"og:type\" content=\"article\" \/>\n<meta property=\"og:title\" content=\"Oshkosh - Vida Medical Clinic\" \/>\n<meta property=\"og:description\" content=\"Vida Medical Clinic At this location, Vida provides free medical support including pregnancy testing, ultrasounds, STI testing and treatment, Pap\/pelvic and breast exams, sports physicals, and more. Learn more about our medical services here. Location:\u00a01484 W South Park Ave., Oshkosh, WI 54902 Hours: Wednesday 1pm-5pm (by appointment only), Thursday 9am-5pm, and Friday 9am-5pm\" \/>\n<meta property=\"og:url\" content=\"https:\/\/vidamedicalclinic.org\/es\/oshkosh\/\" \/>\n<meta property=\"og:site_name\" content=\"Vida Medical Clinic\" \/>\n<meta property=\"article:modified_time\" content=\"2025-10-31T16:02:47+00:00\" \/>\n<meta property=\"og:image\" content=\"https:\/\/vidamedicalclinic.org\/wp-content\/uploads\/2025\/08\/Medical-Website-Images-15-1024x682.png\" \/>\n\t<meta property=\"og:image:width\" content=\"1024\" \/>\n\t<meta property=\"og:image:height\" content=\"682\" \/>\n\t<meta property=\"og:image:type\" content=\"image\/png\" \/>\n<meta name=\"twitter:card\" content=\"summary_large_image\" \/>\n<meta name=\"twitter:label1\" content=\"Tiempo de lectura\" \/>\n\t<meta name=\"twitter:data1\" content=\"2 minutos\" \/>\n<!-- \/ Yoast SEO plugin. -->","yoast_head_json":{"title":"Oshkosh - Cl\u00ednica M\u00e9dica Vida","robots":{"index":"index","follow":"follow","max-snippet":"max-snippet:-1","max-image-preview":"max-image-preview:large","max-video-preview":"max-video-preview:-1"},"canonical":"https:\/\/vidamedicalclinic.org\/es\/oshkosh\/","og_locale":"es_MX","og_type":"article","og_title":"Oshkosh - Vida Medical Clinic","og_description":"Vida Medical Clinic At this location, Vida provides free medical support including pregnancy testing, ultrasounds, STI testing and treatment, Pap\/pelvic and breast exams, sports physicals, and more. Learn more about our medical services here. Location:\u00a01484 W South Park Ave., Oshkosh, WI 54902 Hours: Wednesday 1pm-5pm (by appointment only), Thursday 9am-5pm, and Friday 9am-5pm","og_url":"https:\/\/vidamedicalclinic.org\/es\/oshkosh\/","og_site_name":"Vida Medical Clinic","article_modified_time":"2025-10-31T16:02:47+00:00","og_image":[{"width":1024,"height":682,"url":"https:\/\/vidamedicalclinic.org\/wp-content\/uploads\/2025\/08\/Medical-Website-Images-15-1024x682.png","type":"image\/png"}],"twitter_card":"summary_large_image","twitter_misc":{"Tiempo de lectura":"2 minutos"},"schema":{"@context":"https:\/\/schema.org","@graph":[{"@type":"WebPage","@id":"https:\/\/vidamedicalclinic.org\/oshkosh\/","url":"https:\/\/vidamedicalclinic.org\/oshkosh\/","name":"Oshkosh - Cl\u00ednica M\u00e9dica Vida","isPartOf":{"@id":"https:\/\/vidamedicalclinic.org\/#website"},"primaryImageOfPage":{"@id":"https:\/\/vidamedicalclinic.org\/oshkosh\/#primaryimage"},"image":{"@id":"https:\/\/vidamedicalclinic.org\/oshkosh\/#primaryimage"},"thumbnailUrl":"https:\/\/vidamedicalclinic.org\/wp-content\/uploads\/2025\/08\/Medical-Website-Images-15-1024x682.png","datePublished":"2025-01-02T18:51:41+00:00","dateModified":"2025-10-31T16:02:47+00:00","breadcrumb":{"@id":"https:\/\/vidamedicalclinic.org\/oshkosh\/#breadcrumb"},"inLanguage":"es","potentialAction":[{"@type":"ReadAction","target":["https:\/\/vidamedicalclinic.org\/oshkosh\/"]}]},{"@type":"ImageObject","inLanguage":"es","@id":"https:\/\/vidamedicalclinic.org\/oshkosh\/#primaryimage","url":"https:\/\/vidamedicalclinic.org\/wp-content\/uploads\/2025\/08\/Medical-Website-Images-15-1024x682.png","contentUrl":"https:\/\/vidamedicalclinic.org\/wp-content\/uploads\/2025\/08\/Medical-Website-Images-15-1024x682.png"},{"@type":"BreadcrumbList","@id":"https:\/\/vidamedicalclinic.org\/oshkosh\/#breadcrumb","itemListElement":[{"@type":"ListItem","position":1,"name":"Home","item":"https:\/\/vidamedicalclinic.org\/"},{"@type":"ListItem","position":2,"name":"Oshkosh"}]},{"@type":"WebSite","@id":"https:\/\/vidamedicalclinic.org\/#website","url":"https:\/\/vidamedicalclinic.org\/","name":"Cl\u00ednica M\u00e9dica Vida","description":"","publisher":{"@id":"https:\/\/vidamedicalclinic.org\/#organization"},"potentialAction":[{"@type":"SearchAction","target":{"@type":"EntryPoint","urlTemplate":"https:\/\/vidamedicalclinic.org\/?s={search_term_string}"},"query-input":{"@type":"PropertyValueSpecification","valueRequired":true,"valueName":"search_term_string"}}],"inLanguage":"es"},{"@type":"Organization","@id":"https:\/\/vidamedicalclinic.org\/#organization","name":"Cl\u00ednica M\u00e9dica Vida","url":"https:\/\/vidamedicalclinic.org\/","logo":{"@type":"ImageObject","inLanguage":"es","@id":"https:\/\/vidamedicalclinic.org\/#\/schema\/logo\/image\/","url":"https:\/\/vidamedicalclinic.org\/wp-content\/uploads\/2022\/08\/vida-desktop-logo.png","contentUrl":"https:\/\/vidamedicalclinic.org\/wp-content\/uploads\/2022\/08\/vida-desktop-logo.png","width":176,"height":91,"caption":"Vida Medical Clinic"},"image":{"@id":"https:\/\/vidamedicalclinic.org\/#\/schema\/logo\/image\/"}}]}},"_links":{"self":[{"href":"https:\/\/vidamedicalclinic.org\/es\/wp-json\/wp\/v2\/pages\/2426","targetHints":{"allow":["GET"]}}],"collection":[{"href":"https:\/\/vidamedicalclinic.org\/es\/wp-json\/wp\/v2\/pages"}],"about":[{"href":"https:\/\/vidamedicalclinic.org\/es\/wp-json\/wp\/v2\/types\/page"}],"author":[{"embeddable":true,"href":"https:\/\/vidamedicalclinic.org\/es\/wp-json\/wp\/v2\/users\/7"}],"replies":[{"embeddable":true,"href":"https:\/\/vidamedicalclinic.org\/es\/wp-json\/wp\/v2\/comments?post=2426"}],"version-history":[{"count":0,"href":"https:\/\/vidamedicalclinic.org\/es\/wp-json\/wp\/v2\/pages\/2426\/revisions"}],"wp:attachment":[{"href":"https:\/\/vidamedicalclinic.org\/es\/wp-json\/wp\/v2\/media?parent=2426"}],"curies":[{"name":"gracias","href":"https:\/\/api.w.org\/{rel}","templated":true}]}}