{"id":2238,"date":"2024-04-09T22:48:14","date_gmt":"2024-04-10T03:48:14","guid":{"rendered":"https:\/\/vidamedicalclinic.org\/?page_id=2238"},"modified":"2024-04-29T14:12:21","modified_gmt":"2024-04-29T19:12:21","slug":"patient-portal","status":"publish","type":"page","link":"https:\/\/vidamedicalclinic.org\/es\/patient-portal\/","title":{"rendered":"Portal del paciente"},"content":{"rendered":"<div data-elementor-type=\"wp-page\" data-elementor-id=\"2238\" class=\"elementor elementor-2238\" data-elementor-post-type=\"page\">\n\t\t\t\t\t\t<section class=\"elementor-section elementor-top-section elementor-element elementor-element-3f709927 elementor-section-height-min-height elementor-section-boxed elementor-section-height-default elementor-section-items-middle\" data-id=\"3f709927\" data-element_type=\"section\" data-e-type=\"section\" data-settings=\"{&quot;background_background&quot;:&quot;classic&quot;,&quot;shape_divider_bottom&quot;:&quot;mountains&quot;}\">\n\t\t\t\t\t<div class=\"elementor-shape elementor-shape-bottom\" aria-hidden=\"true\" data-negative=\"false\">\n\t\t\t<svg xmlns=\"http:\/\/www.w3.org\/2000\/svg\" viewbox=\"0 0 1000 100\" preserveaspectratio=\"none\">\n\t<path class=\"elementor-shape-fill\" opacity=\"0.33\" d=\"M473,67.3c-203.9,88.3-263.1-34-320.3,0C66,119.1,0,59.7,0,59.7V0h1000v59.7 c0,0-62.1,26.1-94.9,29.3c-32.8,3.3-62.8-12.3-75.8-22.1C806,49.6,745.3,8.7,694.9,4.7S492.4,59,473,67.3z\"\/>\n\t<path class=\"elementor-shape-fill\" opacity=\"0.66\" d=\"M734,67.3c-45.5,0-77.2-23.2-129.1-39.1c-28.6-8.7-150.3-10.1-254,39.1 s-91.7-34.4-149.2,0C115.7,118.3,0,39.8,0,39.8V0h1000v36.5c0,0-28.2-18.5-92.1-18.5C810.2,18.1,775.7,67.3,734,67.3z\"\/>\n\t<path class=\"elementor-shape-fill\" d=\"M766.1,28.9c-200-57.5-266,65.5-395.1,19.5C242,1.8,242,5.4,184.8,20.6C128,35.8,132.3,44.9,89.9,52.5C28.6,63.7,0,0,0,0 h1000c0,0-9.9,40.9-83.6,48.1S829.6,47,766.1,28.9z\"\/>\n<\/svg>\t\t<\/div>\n\t\t\t\t\t<div class=\"elementor-container elementor-column-gap-default\">\n\t\t\t\t\t<div class=\"elementor-column elementor-col-100 elementor-top-column elementor-element elementor-element-3acb7586\" data-id=\"3acb7586\" data-element_type=\"column\" data-e-type=\"column\">\n\t\t\t<div class=\"elementor-widget-wrap elementor-element-populated\">\n\t\t\t\t\t\t\t<\/div>\n\t\t<\/div>\n\t\t\t\t\t<\/div>\n\t\t<\/section>\n\t\t\t\t<section class=\"elementor-section elementor-top-section elementor-element elementor-element-6a2b24d elementor-section-boxed elementor-section-height-default elementor-section-height-default\" data-id=\"6a2b24d\" data-element_type=\"section\" data-e-type=\"section\">\n\t\t\t\t\t\t<div class=\"elementor-container elementor-column-gap-default\">\n\t\t\t\t\t<div class=\"elementor-column elementor-col-100 elementor-top-column elementor-element elementor-element-97a92a4\" data-id=\"97a92a4\" data-element_type=\"column\" data-e-type=\"column\">\n\t\t\t<div class=\"elementor-widget-wrap elementor-element-populated\">\n\t\t\t\t\t\t<div class=\"elementor-element elementor-element-e175c23 elementor-align-center elementor-widget elementor-widget-button\" data-id=\"e175c23\" data-element_type=\"widget\" data-e-type=\"widget\" data-widget_type=\"button.default\">\n\t\t\t\t<div class=\"elementor-widget-container\">\n\t\t\t\t\t\t\t\t\t<div class=\"elementor-button-wrapper\">\n\t\t\t\t\t<a class=\"elementor-button elementor-button-link elementor-size-lg\" href=\"https:\/\/myidentity.platform.athenahealth.com\/oauth2\/auset0ja9xZ2Hniep296\/v1\/authorize?client_id=0oaku1tngsTH20pA1296&#038;idp=&#038;nonce=f0550560e59448f7fe5811569b37a237a769ddbd0882cb2f977082ece412d7c1&#038;prompt=&#038;redirect_uri=https%3A%2F%2Foauth.portal.athenahealth.com%2Foauthresponse.php&#038;response_type=code&#038;scope=openid%20email%20communicator.external_accounts.read&#038;state=%7B%22LANGUAGE%22%3A%22en%22%2C%22DEEPLINK%22%3A%22section%3Dwelcome%26CSRFPROTECT%3D9f319b86b8c805509f2818d3e16857e2409634541629a1fb68b7e8a2d77d41e1%22%2C%22ANTIFORGERYTOKEN%22%3A%2258f438f22e1adcb95a095c40c7e92ca4e4a905fe76174f77f4a4eee550af5661%22%2C%22PRACTICEID%22%3A%2220410%22%2C%22IDENTITYPROVIDER%22%3A%22patient_identity%22%2C%22PORTALREDIRECTURL%22%3A%22https%3A%5C%2F%5C%2F20410.portal.athenahealth.com%5C%2F%22%7D#\" target=\"_blank\" data-wpel-link=\"external\" rel=\"external noopener noreferrer\">\n\t\t\t\t\t\t<span class=\"elementor-button-content-wrapper\">\n\t\t\t\t\t\t<span class=\"elementor-button-icon\">\n\t\t\t\t<i aria-hidden=\"true\" class=\"far fa-hospital\"><\/i>\t\t\t<\/span>\n\t\t\t\t\t\t\t\t\t<span class=\"elementor-button-text\">Acceda a su informaci\u00f3n y registros de pacientes aqu\u00ed.<\/span>\n\t\t\t\t\t<\/span>\n\t\t\t\t\t<\/a>\n\t\t\t\t<\/div>\n\t\t\t\t\t\t\t\t<\/div>\n\t\t\t\t<\/div>\n\t\t\t\t\t<\/div>\n\t\t<\/div>\n\t\t\t\t\t<\/div>\n\t\t<\/section>\n\t\t\t\t<section class=\"elementor-section elementor-top-section elementor-element elementor-element-ed08920 elementor-section-boxed elementor-section-height-default elementor-section-height-default\" data-id=\"ed08920\" data-element_type=\"section\" data-e-type=\"section\">\n\t\t\t\t\t\t<div class=\"elementor-container elementor-column-gap-default\">\n\t\t\t\t\t<div class=\"elementor-column elementor-col-100 elementor-top-column elementor-element elementor-element-e6034c9\" data-id=\"e6034c9\" data-element_type=\"column\" data-e-type=\"column\">\n\t\t\t<div class=\"elementor-widget-wrap elementor-element-populated\">\n\t\t\t\t\t\t<div class=\"elementor-element elementor-element-9e1f1b2 elementor-widget elementor-widget-text-editor\" data-id=\"9e1f1b2\" data-element_type=\"widget\" data-e-type=\"widget\" data-widget_type=\"text-editor.default\">\n\t\t\t\t<div class=\"elementor-widget-container\">\n\t\t\t\t\t\t\t\t\t<p>En Vida, nos comprometemos a empoderar a los pacientes en su salud y bienestar. Esto incluye brindarle a usted, como paciente, acceso directo a la informaci\u00f3n m\u00e9dica registrada en su historial cl\u00ednico.<\/p><p>Despu\u00e9s de una cita en Vida Medical Clinic, los pacientes reciben instrucciones e informaci\u00f3n de inicio de sesi\u00f3n para acceder a su portal de pacientes a trav\u00e9s de Athena Health, que contiene informaci\u00f3n m\u00e9dica de sus citas en Vida Medical Clinic. El portal y la informaci\u00f3n est\u00e1n disponibles las 24 horas del d\u00eda, los 7 d\u00edas de la semana desde una computadora, tableta o dispositivo m\u00f3vil.<\/p><p>Haga clic en el bot\u00f3n de arriba para iniciar sesi\u00f3n en su cuenta del portal del paciente. Si tiene preguntas sobre el portal o dificultades para acceder a \u00e9l, llame a Vida Medical Clinic al <a href=\"tel:9207314354\" data-wpel-link=\"internal\">920-731-4354<\/a>.\u00a0<\/p>\t\t\t\t\t\t\t\t<\/div>\n\t\t\t\t<\/div>\n\t\t\t\t\t<\/div>\n\t\t<\/div>\n\t\t\t\t\t<\/div>\n\t\t<\/section>\n\t\t\t\t<\/div>","protected":false},"excerpt":{"rendered":"<p>Access Your Patient Information and Records Here. At Vida, we&#8217;re committed to empowering patients in their health and wellness. This includes providing you, as a patient, direct\u00a0access to the medical information recorded in your patient chart. Following a Vida Medical Clinic appointment, patients receive instructions and login information to access your patient portal through Athena [&hellip;]<\/p>\n","protected":false},"author":7,"featured_media":0,"parent":0,"menu_order":0,"comment_status":"closed","ping_status":"closed","template":"elementor_header_footer","meta":{"footnotes":""},"class_list":["post-2238","page","type-page","status-publish","hentry"],"yoast_head":"<!-- This site is optimized with the Yoast SEO plugin v27.4 - https:\/\/yoast.com\/product\/yoast-seo-wordpress\/ -->\n<title>Patient Portal - Vida Medical Clinic<\/title>\n<meta name=\"robots\" content=\"index, follow, max-snippet:-1, max-image-preview:large, max-video-preview:-1\" \/>\n<link rel=\"canonical\" href=\"https:\/\/vidamedicalclinic.org\/es\/patient-portal\/\" \/>\n<meta property=\"og:locale\" content=\"es_MX\" \/>\n<meta property=\"og:type\" content=\"article\" \/>\n<meta property=\"og:title\" content=\"Patient Portal - Vida Medical Clinic\" \/>\n<meta property=\"og:description\" content=\"Access Your Patient Information and Records Here. At Vida, we&#8217;re committed to empowering patients in their health and wellness. This includes providing you, as a patient, direct\u00a0access to the medical information recorded in your patient chart. Following a Vida Medical Clinic appointment, patients receive instructions and login information to access your patient portal through Athena [&hellip;]\" \/>\n<meta property=\"og:url\" content=\"https:\/\/vidamedicalclinic.org\/es\/patient-portal\/\" \/>\n<meta property=\"og:site_name\" content=\"Vida Medical Clinic\" \/>\n<meta property=\"article:modified_time\" content=\"2024-04-29T19:12:21+00:00\" \/>\n<meta name=\"twitter:card\" content=\"summary_large_image\" \/>\n<meta name=\"twitter:label1\" content=\"Tiempo de lectura\" \/>\n\t<meta name=\"twitter:data1\" content=\"1 minuto\" \/>\n<!-- \/ Yoast SEO plugin. -->","yoast_head_json":{"title":"Patient Portal - Vida Medical Clinic","robots":{"index":"index","follow":"follow","max-snippet":"max-snippet:-1","max-image-preview":"max-image-preview:large","max-video-preview":"max-video-preview:-1"},"canonical":"https:\/\/vidamedicalclinic.org\/es\/patient-portal\/","og_locale":"es_MX","og_type":"article","og_title":"Patient Portal - Vida Medical Clinic","og_description":"Access Your Patient Information and Records Here. At Vida, we&#8217;re committed to empowering patients in their health and wellness. This includes providing you, as a patient, direct\u00a0access to the medical information recorded in your patient chart. Following a Vida Medical Clinic appointment, patients receive instructions and login information to access your patient portal through Athena [&hellip;]","og_url":"https:\/\/vidamedicalclinic.org\/es\/patient-portal\/","og_site_name":"Vida Medical Clinic","article_modified_time":"2024-04-29T19:12:21+00:00","twitter_card":"summary_large_image","twitter_misc":{"Tiempo de lectura":"1 minuto"},"schema":{"@context":"https:\/\/schema.org","@graph":[{"@type":"WebPage","@id":"https:\/\/vidamedicalclinic.org\/patient-portal\/","url":"https:\/\/vidamedicalclinic.org\/patient-portal\/","name":"Patient Portal - Vida Medical Clinic","isPartOf":{"@id":"https:\/\/vidamedicalclinic.org\/#website"},"datePublished":"2024-04-10T03:48:14+00:00","dateModified":"2024-04-29T19:12:21+00:00","breadcrumb":{"@id":"https:\/\/vidamedicalclinic.org\/patient-portal\/#breadcrumb"},"inLanguage":"es","potentialAction":[{"@type":"ReadAction","target":["https:\/\/vidamedicalclinic.org\/patient-portal\/"]}]},{"@type":"BreadcrumbList","@id":"https:\/\/vidamedicalclinic.org\/patient-portal\/#breadcrumb","itemListElement":[{"@type":"ListItem","position":1,"name":"Home","item":"https:\/\/vidamedicalclinic.org\/"},{"@type":"ListItem","position":2,"name":"Patient Portal"}]},{"@type":"WebSite","@id":"https:\/\/vidamedicalclinic.org\/#website","url":"https:\/\/vidamedicalclinic.org\/","name":"Cl\u00ednica M\u00e9dica Vida","description":"","publisher":{"@id":"https:\/\/vidamedicalclinic.org\/#organization"},"potentialAction":[{"@type":"SearchAction","target":{"@type":"EntryPoint","urlTemplate":"https:\/\/vidamedicalclinic.org\/?s={search_term_string}"},"query-input":{"@type":"PropertyValueSpecification","valueRequired":true,"valueName":"search_term_string"}}],"inLanguage":"es"},{"@type":"Organization","@id":"https:\/\/vidamedicalclinic.org\/#organization","name":"Cl\u00ednica M\u00e9dica Vida","url":"https:\/\/vidamedicalclinic.org\/","logo":{"@type":"ImageObject","inLanguage":"es","@id":"https:\/\/vidamedicalclinic.org\/#\/schema\/logo\/image\/","url":"https:\/\/vidamedicalclinic.org\/wp-content\/uploads\/2022\/08\/vida-desktop-logo.png","contentUrl":"https:\/\/vidamedicalclinic.org\/wp-content\/uploads\/2022\/08\/vida-desktop-logo.png","width":176,"height":91,"caption":"Vida Medical Clinic"},"image":{"@id":"https:\/\/vidamedicalclinic.org\/#\/schema\/logo\/image\/"}}]}},"_links":{"self":[{"href":"https:\/\/vidamedicalclinic.org\/es\/wp-json\/wp\/v2\/pages\/2238","targetHints":{"allow":["GET"]}}],"collection":[{"href":"https:\/\/vidamedicalclinic.org\/es\/wp-json\/wp\/v2\/pages"}],"about":[{"href":"https:\/\/vidamedicalclinic.org\/es\/wp-json\/wp\/v2\/types\/page"}],"author":[{"embeddable":true,"href":"https:\/\/vidamedicalclinic.org\/es\/wp-json\/wp\/v2\/users\/7"}],"replies":[{"embeddable":true,"href":"https:\/\/vidamedicalclinic.org\/es\/wp-json\/wp\/v2\/comments?post=2238"}],"version-history":[{"count":0,"href":"https:\/\/vidamedicalclinic.org\/es\/wp-json\/wp\/v2\/pages\/2238\/revisions"}],"wp:attachment":[{"href":"https:\/\/vidamedicalclinic.org\/es\/wp-json\/wp\/v2\/media?parent=2238"}],"curies":[{"name":"gracias","href":"https:\/\/api.w.org\/{rel}","templated":true}]}}