{"id":2236,"date":"2024-04-09T22:33:05","date_gmt":"2024-04-10T03:33:05","guid":{"rendered":"https:\/\/vidamedicalclinic.org\/?page_id=2236"},"modified":"2024-11-20T10:18:33","modified_gmt":"2024-11-20T16:18:33","slug":"clinic-exit-survey","status":"publish","type":"page","link":"https:\/\/vidamedicalclinic.org\/es\/clinic-exit-survey\/","title":{"rendered":"Encuesta de salida"},"content":{"rendered":"<div data-elementor-type=\"wp-page\" data-elementor-id=\"2236\" class=\"elementor elementor-2236\" data-elementor-post-type=\"page\">\n\t\t\t\t\t\t<section class=\"elementor-section elementor-top-section elementor-element elementor-element-650670a3 elementor-section-height-min-height elementor-section-boxed elementor-section-height-default elementor-section-items-middle\" data-id=\"650670a3\" data-element_type=\"section\" data-e-type=\"section\" data-settings=\"{&quot;background_background&quot;:&quot;classic&quot;,&quot;shape_divider_bottom&quot;:&quot;mountains&quot;}\">\n\t\t\t\t\t<div class=\"elementor-shape elementor-shape-bottom\" aria-hidden=\"true\" data-negative=\"false\">\n\t\t\t<svg xmlns=\"http:\/\/www.w3.org\/2000\/svg\" viewbox=\"0 0 1000 100\" preserveaspectratio=\"none\">\n\t<path class=\"elementor-shape-fill\" opacity=\"0.33\" d=\"M473,67.3c-203.9,88.3-263.1-34-320.3,0C66,119.1,0,59.7,0,59.7V0h1000v59.7 c0,0-62.1,26.1-94.9,29.3c-32.8,3.3-62.8-12.3-75.8-22.1C806,49.6,745.3,8.7,694.9,4.7S492.4,59,473,67.3z\"\/>\n\t<path class=\"elementor-shape-fill\" opacity=\"0.66\" d=\"M734,67.3c-45.5,0-77.2-23.2-129.1-39.1c-28.6-8.7-150.3-10.1-254,39.1 s-91.7-34.4-149.2,0C115.7,118.3,0,39.8,0,39.8V0h1000v36.5c0,0-28.2-18.5-92.1-18.5C810.2,18.1,775.7,67.3,734,67.3z\"\/>\n\t<path class=\"elementor-shape-fill\" d=\"M766.1,28.9c-200-57.5-266,65.5-395.1,19.5C242,1.8,242,5.4,184.8,20.6C128,35.8,132.3,44.9,89.9,52.5C28.6,63.7,0,0,0,0 h1000c0,0-9.9,40.9-83.6,48.1S829.6,47,766.1,28.9z\"\/>\n<\/svg>\t\t<\/div>\n\t\t\t\t\t<div class=\"elementor-container elementor-column-gap-default\">\n\t\t\t\t\t<div class=\"elementor-column elementor-col-100 elementor-top-column elementor-element elementor-element-499a7dc4\" data-id=\"499a7dc4\" data-element_type=\"column\" data-e-type=\"column\">\n\t\t\t<div class=\"elementor-widget-wrap elementor-element-populated\">\n\t\t\t\t\t\t\t<\/div>\n\t\t<\/div>\n\t\t\t\t\t<\/div>\n\t\t<\/section>\n\t\t\t\t<section class=\"elementor-section elementor-top-section elementor-element elementor-element-ddc8d62 elementor-section-boxed elementor-section-height-default elementor-section-height-default\" data-id=\"ddc8d62\" data-element_type=\"section\" data-e-type=\"section\">\n\t\t\t\t\t\t<div class=\"elementor-container elementor-column-gap-default\">\n\t\t\t\t\t<div class=\"elementor-column elementor-col-100 elementor-top-column elementor-element elementor-element-07c823c\" data-id=\"07c823c\" data-element_type=\"column\" data-e-type=\"column\">\n\t\t\t<div class=\"elementor-widget-wrap elementor-element-populated\">\n\t\t\t\t\t\t<div class=\"elementor-element elementor-element-e5fd767 elementor-widget elementor-widget-text-editor\" data-id=\"e5fd767\" data-element_type=\"widget\" data-e-type=\"widget\" data-widget_type=\"text-editor.default\">\n\t\t\t\t<div class=\"elementor-widget-container\">\n\t\t\t\t\t\t\t\t\t<p>Gracias por visitar y recibir atenci\u00f3n en Vida Medical Clinic. Para ayudarnos a mejorar continuamente nuestros servicios m\u00e9dicos y brindar los mejores servicios posibles, complete este cuestionario de salida confidencial despu\u00e9s de su cita en la cl\u00ednica.\u00a0<\/p>\t\t\t\t\t\t\t\t<\/div>\n\t\t\t\t<\/div>\n\t\t\t\t<div class=\"elementor-element elementor-element-dcd5067 elementor-widget elementor-widget-text-editor\" data-id=\"dcd5067\" data-element_type=\"widget\" data-e-type=\"widget\" data-widget_type=\"text-editor.default\">\n\t\t\t\t<div class=\"elementor-widget-container\">\n\t\t\t\t\t\t\t\t\t<p><div class=\"forminator-ui forminator-custom-form forminator-custom-form-1719 forminator-design--default  forminator_ajax\" data-forminator-render=\"0\" data-form=\"forminator-module-1719\" data-uid=\"69e4a2455e09b\"><br\/><\/div><form\r\n\t\t\t\tid=\"forminator-module-1719\"\r\n\t\t\t\tclass=\"forminator-ui forminator-custom-form forminator-custom-form-1719 forminator-design--default  forminator_ajax\"\r\n\t\t\t\tmethod=\"post\"\r\n\t\t\t\tdata-forminator-render=\"0\"\r\n\t\t\t\tdata-form-id=\"1719\"\r\n\t\t\t\t data-color-option=\"default\" data-design=\"default\" data-grid=\"open\" style=\"display: none;\"\r\n\t\t\t\tdata-uid=\"69e4a2455e09b\" action=\"\"\r\n\t\t\t><div role=\"alert\" aria-live=\"polite\" class=\"forminator-response-message forminator-error\" aria-hidden=\"true\"><\/div><div class=\"forminator-row\"><div id=\"radio-1\" class=\"forminator-field-radio forminator-col forminator-col-12\"><div role=\"radiogroup\" class=\"forminator-field\" aria-labelledby=\"forminator-radiogroup-radio-1-69e4a2455e09b-label\"><span id=\"forminator-radiogroup-radio-1-69e4a2455e09b-label\" class=\"forminator-label\">\u00bfEl personal m\u00e9dico y el personal administrativo parec\u00edan interesados en usted y sus necesidades?<\/span><label id=\"forminator-field-radio-1-label-1\" for=\"forminator-field-radio-1-1-69e4a2455e09b\" class=\"forminator-radio forminator-radio-inline\" title=\"Muy interesado\"><input type=\"radio\" name=\"radio-1\" value=\"one\" id=\"forminator-field-radio-1-1-69e4a2455e09b\" aria-labelledby=\"forminator-field-radio-1-label-1\" data-calculation=\"0\"  \/><span class=\"forminator-radio-bullet\" aria-hidden=\"true\"><\/span><span class=\"forminator-radio-label\">Muy interesado<\/span><\/label><label id=\"forminator-field-radio-1-label-2\" for=\"forminator-field-radio-1-2-69e4a2455e09b\" class=\"forminator-radio forminator-radio-inline\" title=\"Algo interesado\"><input type=\"radio\" name=\"radio-1\" value=\"two\" id=\"forminator-field-radio-1-2-69e4a2455e09b\" aria-labelledby=\"forminator-field-radio-1-label-2\" data-calculation=\"0\"  \/><span class=\"forminator-radio-bullet\" aria-hidden=\"true\"><\/span><span class=\"forminator-radio-label\">Algo interesado<\/span><\/label><label id=\"forminator-field-radio-1-label-3\" for=\"forminator-field-radio-1-3-69e4a2455e09b\" class=\"forminator-radio forminator-radio-inline\" title=\"Desinteresado\"><input type=\"radio\" name=\"radio-1\" value=\"Uninterested\" id=\"forminator-field-radio-1-3-69e4a2455e09b\" aria-labelledby=\"forminator-field-radio-1-label-3\" data-calculation=\"0\"  \/><span class=\"forminator-radio-bullet\" aria-hidden=\"true\"><\/span><span class=\"forminator-radio-label\">Desinteresado<\/span><\/label><label id=\"forminator-field-radio-1-label-4\" for=\"forminator-field-radio-1-4-69e4a2455e09b\" class=\"forminator-radio forminator-radio-inline\" title=\"Inseguro\"><input type=\"radio\" name=\"radio-1\" value=\"Unsure\" id=\"forminator-field-radio-1-4-69e4a2455e09b\" aria-labelledby=\"forminator-field-radio-1-label-4\" data-calculation=\"0\"  \/><span class=\"forminator-radio-bullet\" aria-hidden=\"true\"><\/span><span class=\"forminator-radio-label\">Inseguro<\/span><\/label><\/div><\/div><\/div><div class=\"forminator-row\"><div id=\"textarea-1\" class=\"forminator-field-textarea forminator-col forminator-col-12\"><div class=\"forminator-field\"><label for=\"forminator-field-textarea-1_69e4a2455e09b\" id=\"forminator-field-textarea-1_69e4a2455e09b-label\" class=\"forminator-label\">Comentarios<\/label><textarea name=\"textarea-1\" placeholder=\"\" id=\"forminator-field-textarea-1_69e4a2455e09b\" class=\"forminator-textarea\" rows=\"6\" style=\"min-height:25px;\" ><\/textarea><\/div><\/div><\/div><div class=\"forminator-row\"><div id=\"radio-2\" class=\"forminator-field-radio forminator-col forminator-col-12\"><div role=\"radiogroup\" class=\"forminator-field\" aria-labelledby=\"forminator-radiogroup-radio-2-69e4a2455e09b-label\"><span id=\"forminator-radiogroup-radio-2-69e4a2455e09b-label\" class=\"forminator-label\">\u00bfEl personal m\u00e9dico y el personal administrativo fueron sensibles y respetuosos?<\/span><label id=\"forminator-field-radio-2-label-1\" for=\"forminator-field-radio-2-1-69e4a2455e09b\" class=\"forminator-radio forminator-radio-inline\" title=\"Delicado\"><input type=\"radio\" name=\"radio-2\" value=\"one\" id=\"forminator-field-radio-2-1-69e4a2455e09b\" aria-labelledby=\"forminator-field-radio-2-label-1\" data-calculation=\"0\"  \/><span class=\"forminator-radio-bullet\" aria-hidden=\"true\"><\/span><span class=\"forminator-radio-label\">Delicado<\/span><\/label><label id=\"forminator-field-radio-2-label-2\" for=\"forminator-field-radio-2-2-69e4a2455e09b\" class=\"forminator-radio forminator-radio-inline\" title=\"Un poco sensible\"><input type=\"radio\" name=\"radio-2\" value=\"two\" id=\"forminator-field-radio-2-2-69e4a2455e09b\" aria-labelledby=\"forminator-field-radio-2-label-2\" data-calculation=\"0\"  \/><span class=\"forminator-radio-bullet\" aria-hidden=\"true\"><\/span><span class=\"forminator-radio-label\">Un poco sensible<\/span><\/label><label id=\"forminator-field-radio-2-label-3\" for=\"forminator-field-radio-2-3-69e4a2455e09b\" class=\"forminator-radio forminator-radio-inline\" title=\"Insensible\"><input type=\"radio\" name=\"radio-2\" value=\"Uninterested\" id=\"forminator-field-radio-2-3-69e4a2455e09b\" aria-labelledby=\"forminator-field-radio-2-label-3\" data-calculation=\"0\"  \/><span class=\"forminator-radio-bullet\" aria-hidden=\"true\"><\/span><span class=\"forminator-radio-label\">Insensible<\/span><\/label><label id=\"forminator-field-radio-2-label-4\" for=\"forminator-field-radio-2-4-69e4a2455e09b\" class=\"forminator-radio forminator-radio-inline\" title=\"Inseguro\"><input type=\"radio\" name=\"radio-2\" value=\"Unsure\" id=\"forminator-field-radio-2-4-69e4a2455e09b\" aria-labelledby=\"forminator-field-radio-2-label-4\" data-calculation=\"0\"  \/><span class=\"forminator-radio-bullet\" aria-hidden=\"true\"><\/span><span class=\"forminator-radio-label\">Inseguro<\/span><\/label><\/div><\/div><\/div><div class=\"forminator-row\"><div id=\"textarea-2\" class=\"forminator-field-textarea forminator-col forminator-col-12\"><div class=\"forminator-field\"><label for=\"forminator-field-textarea-2_69e4a2455e09b\" id=\"forminator-field-textarea-2_69e4a2455e09b-label\" class=\"forminator-label\">Comentarios<\/label><textarea name=\"textarea-2\" placeholder=\"\" id=\"forminator-field-textarea-2_69e4a2455e09b\" class=\"forminator-textarea\" rows=\"6\" style=\"min-height:25px;\" ><\/textarea><\/div><\/div><\/div><div class=\"forminator-row\"><div id=\"checkbox-1\" class=\"forminator-field-checkbox forminator-col forminator-col-12\"><div role=\"group\" class=\"forminator-field\" aria-labelledby=\"forminator-checkbox-group-forminator-field-checkbox-1-69e4a2455e09b-label\"><span id=\"forminator-checkbox-group-forminator-field-checkbox-1-69e4a2455e09b-label\" class=\"forminator-label\">Por favor, env\u00edenos sus comentarios sobre nuestras instalaciones. (Seleccione todas las opciones que correspondan).<\/span><label id=\"forminator-field-checkbox-1-1-69e4a2455e09b-label\" for=\"forminator-field-checkbox-1-1-69e4a2455e09b\" class=\"forminator-checkbox\" title=\"C\u00f3modo\"><input type=\"checkbox\" name=\"checkbox-1[]\" value=\"one\" id=\"forminator-field-checkbox-1-1-69e4a2455e09b\" aria-labelledby=\"forminator-field-checkbox-1-1-69e4a2455e09b-label\" data-calculation=\"0\"  \/><span class=\"forminator-checkbox-box\" aria-hidden=\"true\"><\/span><span class=\"forminator-checkbox-label\">C\u00f3modo<\/span><\/label><label id=\"forminator-field-checkbox-1-2-69e4a2455e09b-label\" for=\"forminator-field-checkbox-1-2-69e4a2455e09b\" class=\"forminator-checkbox\" title=\"Profesional\"><input type=\"checkbox\" name=\"checkbox-1[]\" value=\"two\" id=\"forminator-field-checkbox-1-2-69e4a2455e09b\" aria-labelledby=\"forminator-field-checkbox-1-2-69e4a2455e09b-label\" data-calculation=\"0\"  \/><span class=\"forminator-checkbox-box\" aria-hidden=\"true\"><\/span><span class=\"forminator-checkbox-label\">Profesional<\/span><\/label><label id=\"forminator-field-checkbox-1-3-69e4a2455e09b-label\" for=\"forminator-field-checkbox-1-3-69e4a2455e09b\" class=\"forminator-checkbox\" title=\"Confidencial\"><input type=\"checkbox\" name=\"checkbox-1[]\" value=\"Confidential\" id=\"forminator-field-checkbox-1-3-69e4a2455e09b\" aria-labelledby=\"forminator-field-checkbox-1-3-69e4a2455e09b-label\" data-calculation=\"0\"  \/><span class=\"forminator-checkbox-box\" aria-hidden=\"true\"><\/span><span class=\"forminator-checkbox-label\">Confidencial<\/span><\/label><label id=\"forminator-field-checkbox-1-4-69e4a2455e09b-label\" for=\"forminator-field-checkbox-1-4-69e4a2455e09b\" class=\"forminator-checkbox\" title=\"Necesita mejorar\"><input type=\"checkbox\" name=\"checkbox-1[]\" value=\"Needs-Improvement\" id=\"forminator-field-checkbox-1-4-69e4a2455e09b\" aria-labelledby=\"forminator-field-checkbox-1-4-69e4a2455e09b-label\" data-calculation=\"0\"  \/><span class=\"forminator-checkbox-box\" aria-hidden=\"true\"><\/span><span class=\"forminator-checkbox-label\">Necesita mejorar<\/span><\/label><\/div><\/div><\/div><div class=\"forminator-row\"><div id=\"textarea-3\" class=\"forminator-field-textarea forminator-col forminator-col-12\"><div class=\"forminator-field\"><label for=\"forminator-field-textarea-3_69e4a2455e09b\" id=\"forminator-field-textarea-3_69e4a2455e09b-label\" class=\"forminator-label\">Si &quot;necesita mejorar&quot;, explique:<\/label><textarea name=\"textarea-3\" placeholder=\"\" id=\"forminator-field-textarea-3_69e4a2455e09b\" class=\"forminator-textarea\" rows=\"6\" style=\"min-height:25px;\" ><\/textarea><\/div><\/div><\/div><div class=\"forminator-row\"><div id=\"radio-4\" class=\"forminator-field-radio forminator-col forminator-col-12\"><div role=\"radiogroup\" class=\"forminator-field\" aria-labelledby=\"forminator-radiogroup-radio-4-69e4a2455e09b-label\"><span id=\"forminator-radiogroup-radio-4-69e4a2455e09b-label\" class=\"forminator-label\">\u00bfRecomendar\u00edas la cl\u00ednica a un amigo?<\/span><label id=\"forminator-field-radio-4-label-1\" for=\"forminator-field-radio-4-1-69e4a2455e09b\" class=\"forminator-radio forminator-radio-inline\" title=\"Muy recomendable\"><input type=\"radio\" name=\"radio-4\" value=\"one\" id=\"forminator-field-radio-4-1-69e4a2455e09b\" aria-labelledby=\"forminator-field-radio-4-label-1\" data-calculation=\"0\"  \/><span class=\"forminator-radio-bullet\" aria-hidden=\"true\"><\/span><span class=\"forminator-radio-label\">Muy recomendable<\/span><\/label><label id=\"forminator-field-radio-4-label-2\" for=\"forminator-field-radio-4-2-69e4a2455e09b\" class=\"forminator-radio forminator-radio-inline\" title=\"Algo recomendable\"><input type=\"radio\" name=\"radio-4\" value=\"two\" id=\"forminator-field-radio-4-2-69e4a2455e09b\" aria-labelledby=\"forminator-field-radio-4-label-2\" data-calculation=\"0\"  \/><span class=\"forminator-radio-bullet\" aria-hidden=\"true\"><\/span><span class=\"forminator-radio-label\">Algo recomendable<\/span><\/label><label id=\"forminator-field-radio-4-label-3\" for=\"forminator-field-radio-4-3-69e4a2455e09b\" class=\"forminator-radio forminator-radio-inline\" title=\"Desalentarlo\"><input type=\"radio\" name=\"radio-4\" value=\"Uninterested\" id=\"forminator-field-radio-4-3-69e4a2455e09b\" aria-labelledby=\"forminator-field-radio-4-label-3\" data-calculation=\"0\"  \/><span class=\"forminator-radio-bullet\" aria-hidden=\"true\"><\/span><span class=\"forminator-radio-label\">Desalentarlo<\/span><\/label><label id=\"forminator-field-radio-4-label-4\" for=\"forminator-field-radio-4-4-69e4a2455e09b\" class=\"forminator-radio forminator-radio-inline\" title=\"Inseguro\"><input type=\"radio\" name=\"radio-4\" value=\"Unsure\" id=\"forminator-field-radio-4-4-69e4a2455e09b\" aria-labelledby=\"forminator-field-radio-4-label-4\" data-calculation=\"0\"  \/><span class=\"forminator-radio-bullet\" aria-hidden=\"true\"><\/span><span class=\"forminator-radio-label\">Inseguro<\/span><\/label><\/div><\/div><\/div><div class=\"forminator-row\"><div id=\"textarea-4\" class=\"forminator-field-textarea forminator-col forminator-col-12\"><div class=\"forminator-field\"><label for=\"forminator-field-textarea-4_69e4a2455e09b\" id=\"forminator-field-textarea-4_69e4a2455e09b-label\" class=\"forminator-label\">Comentarios<\/label><textarea name=\"textarea-4\" placeholder=\"\" id=\"forminator-field-textarea-4_69e4a2455e09b\" class=\"forminator-textarea\" rows=\"6\" style=\"min-height:25px;\" ><\/textarea><\/div><\/div><\/div><div class=\"forminator-row\"><div id=\"textarea-5\" class=\"forminator-field-textarea forminator-col forminator-col-12\"><div class=\"forminator-field\"><label for=\"forminator-field-textarea-5_69e4a2455e09b\" id=\"forminator-field-textarea-5_69e4a2455e09b-label\" class=\"forminator-label\">\u00bfQu\u00e9 fue lo que m\u00e1s o lo que menos le gust\u00f3 de los servicios que recibi\u00f3?<\/label><textarea name=\"textarea-5\" placeholder=\"\" id=\"forminator-field-textarea-5_69e4a2455e09b\" class=\"forminator-textarea\" rows=\"6\" style=\"min-height:140px;\" ><\/textarea><\/div><\/div><\/div><div class=\"forminator-row\"><div id=\"checkbox-2\" class=\"forminator-field-checkbox forminator-col forminator-col-12\"><div role=\"group\" class=\"forminator-field\" aria-labelledby=\"forminator-checkbox-group-forminator-field-checkbox-2-69e4a2455e09b-label\"><span id=\"forminator-checkbox-group-forminator-field-checkbox-2-69e4a2455e09b-label\" class=\"forminator-label\">\u00bfNos da permiso para utilizar este cuestionario de salida completo para promocionar nuestros servicios?<\/span><label id=\"forminator-field-checkbox-2-1-69e4a2455e09b-label\" for=\"forminator-field-checkbox-2-1-69e4a2455e09b\" class=\"forminator-checkbox forminator-checkbox-inline\" title=\"S\u00ed\"><input type=\"checkbox\" name=\"checkbox-2[]\" value=\"one\" id=\"forminator-field-checkbox-2-1-69e4a2455e09b\" aria-labelledby=\"forminator-field-checkbox-2-1-69e4a2455e09b-label\" data-calculation=\"0\"  \/><span class=\"forminator-checkbox-box\" aria-hidden=\"true\"><\/span><span class=\"forminator-checkbox-label\">S\u00ed<\/span><\/label><label id=\"forminator-field-checkbox-2-2-69e4a2455e09b-label\" for=\"forminator-field-checkbox-2-2-69e4a2455e09b\" class=\"forminator-checkbox forminator-checkbox-inline\" title=\"No\"><input type=\"checkbox\" name=\"checkbox-2[]\" value=\"two\" id=\"forminator-field-checkbox-2-2-69e4a2455e09b\" aria-labelledby=\"forminator-field-checkbox-2-2-69e4a2455e09b-label\" data-calculation=\"0\"  \/><span class=\"forminator-checkbox-box\" aria-hidden=\"true\"><\/span><span class=\"forminator-checkbox-label\">No<\/span><\/label><label id=\"forminator-field-checkbox-2-3-69e4a2455e09b-label\" for=\"forminator-field-checkbox-2-3-69e4a2455e09b\" class=\"forminator-checkbox forminator-checkbox-inline\" title=\"S\u00ed, pero primero elimine mi nombre.\"><input type=\"checkbox\" name=\"checkbox-2[]\" value=\"Confidential\" id=\"forminator-field-checkbox-2-3-69e4a2455e09b\" aria-labelledby=\"forminator-field-checkbox-2-3-69e4a2455e09b-label\" data-calculation=\"0\"  \/><span class=\"forminator-checkbox-box\" aria-hidden=\"true\"><\/span><span class=\"forminator-checkbox-label\">S\u00ed, pero primero elimine mi nombre.<\/span><\/label><\/div><\/div><\/div><div class=\"forminator-row\"><div id=\"textarea-6\" class=\"forminator-field-textarea forminator-col forminator-col-12\"><div class=\"forminator-field\"><label for=\"forminator-field-textarea-6_69e4a2455e09b\" id=\"forminator-field-textarea-6_69e4a2455e09b-label\" class=\"forminator-label\">\u00bfQu\u00e9 plataformas de redes sociales utilizas?<\/label><textarea name=\"textarea-6\" placeholder=\"\" id=\"forminator-field-textarea-6_69e4a2455e09b\" class=\"forminator-textarea\" rows=\"6\" style=\"min-height:140px;\" ><\/textarea><\/div><\/div><\/div><div class=\"forminator-row\"><div id=\"name-1\" class=\"forminator-field-name forminator-col forminator-col-12\"><div class=\"forminator-field\"><label for=\"forminator-field-name-1_69e4a2455e09b\" id=\"forminator-field-name-1_69e4a2455e09b-label\" class=\"forminator-label\">Nombre (opcional)<\/label><input type=\"text\" name=\"name-1\" value=\"\" placeholder=\"\" id=\"forminator-field-name-1_69e4a2455e09b\" class=\"forminator-input forminator-name--field\" aria-required=\"false\" autocomplete=\"name\" \/><\/div><\/div><\/div><div class=\"forminator-row\"><div id=\"captcha-1\" class=\"forminator-field-captcha forminator-col forminator-col-12\"><div class=\"forminator-captcha-left forminator-g-recaptcha\" data-theme=\"light\"  data-sitekey=\"6LcaxnAqAAAAAPZmeahIVtMQbajxa5Thl2Wcnrgz\" data-size=\"normal\"><\/div> <\/div><\/div><input type=\"hidden\" name=\"referer_url\" value=\"\" \/><div class=\"forminator-row forminator-row-last\"><div class=\"forminator-col\"><div class=\"forminator-field\"><button class=\"forminator-button forminator-button-submit\">Enviar comentarios<\/button><\/div><\/div><\/div><input type=\"hidden\" id=\"forminator_nonce\" name=\"forminator_nonce\" value=\"7d623a25cd\" \/><input type=\"hidden\" name=\"_wp_http_referer\" value=\"\/es\/wp-json\/wp\/v2\/pages\/2236\" \/><input type=\"hidden\" name=\"form_id\" value=\"1719\"><input type=\"hidden\" name=\"page_id\" value=\"2236\"><input type=\"hidden\" name=\"form_type\" value=\"default\"><input type=\"hidden\" name=\"current_url\" value=\"https:\/\/vidamedicalclinic.org\/es\/clinic-exit-survey\/\"><input type=\"hidden\" name=\"render_id\" value=\"0\"><input type=\"hidden\" name=\"action\" value=\"forminator_submit_form_custom-forms\"><input type=\"hidden\" name=\"trp-form-language\" value=\"es\"\/><\/form><\/p>\t\t\t\t\t\t\t\t<\/div>\n\t\t\t\t<\/div>\n\t\t\t\t\t<\/div>\n\t\t<\/div>\n\t\t\t\t\t<\/div>\n\t\t<\/section>\n\t\t\t\t<\/div>","protected":false},"excerpt":{"rendered":"<p>Gracias por visitar y recibir atenci\u00f3n en Vida Medical Clinic. Para ayudarnos a mejorar continuamente nuestros servicios m\u00e9dicos y brindar los mejores servicios posibles, complete este cuestionario de salida confidencial despu\u00e9s de su cita en la cl\u00ednica.\u00a0<\/p>","protected":false},"author":7,"featured_media":0,"parent":0,"menu_order":0,"comment_status":"closed","ping_status":"closed","template":"elementor_header_footer","meta":{"footnotes":""},"class_list":["post-2236","page","type-page","status-publish","hentry"],"yoast_head":"<!-- This site is optimized with the Yoast SEO plugin v27.4 - https:\/\/yoast.com\/product\/yoast-seo-wordpress\/ -->\n<title>Exit Survey - Vida Medical Clinic<\/title>\n<meta name=\"robots\" content=\"index, follow, max-snippet:-1, max-image-preview:large, max-video-preview:-1\" \/>\n<link rel=\"canonical\" href=\"https:\/\/vidamedicalclinic.org\/es\/clinic-exit-survey\/\" \/>\n<meta property=\"og:locale\" content=\"es_MX\" \/>\n<meta property=\"og:type\" content=\"article\" \/>\n<meta property=\"og:title\" content=\"Exit Survey - Vida Medical Clinic\" \/>\n<meta property=\"og:description\" content=\"Thank you for visiting and receiving care at Vida Medical Clinic. To help us continually improve our medical services and provide the best services possible, please complete this confidential exit questionnaire following your clinic appointment.\u00a0\" \/>\n<meta property=\"og:url\" content=\"https:\/\/vidamedicalclinic.org\/es\/clinic-exit-survey\/\" \/>\n<meta property=\"og:site_name\" content=\"Vida Medical Clinic\" \/>\n<meta property=\"article:modified_time\" content=\"2024-11-20T16:18:33+00:00\" \/>\n<meta name=\"twitter:card\" content=\"summary_large_image\" \/>\n<!-- \/ Yoast SEO plugin. -->","yoast_head_json":{"title":"Exit Survey - Vida Medical Clinic","robots":{"index":"index","follow":"follow","max-snippet":"max-snippet:-1","max-image-preview":"max-image-preview:large","max-video-preview":"max-video-preview:-1"},"canonical":"https:\/\/vidamedicalclinic.org\/es\/clinic-exit-survey\/","og_locale":"es_MX","og_type":"article","og_title":"Exit Survey - Vida Medical Clinic","og_description":"Thank you for visiting and receiving care at Vida Medical Clinic. To help us continually improve our medical services and provide the best services possible, please complete this confidential exit questionnaire following your clinic appointment.\u00a0","og_url":"https:\/\/vidamedicalclinic.org\/es\/clinic-exit-survey\/","og_site_name":"Vida Medical Clinic","article_modified_time":"2024-11-20T16:18:33+00:00","twitter_card":"summary_large_image","schema":{"@context":"https:\/\/schema.org","@graph":[{"@type":"WebPage","@id":"https:\/\/vidamedicalclinic.org\/clinic-exit-survey\/","url":"https:\/\/vidamedicalclinic.org\/clinic-exit-survey\/","name":"Exit Survey - Vida Medical Clinic","isPartOf":{"@id":"https:\/\/vidamedicalclinic.org\/#website"},"datePublished":"2024-04-10T03:33:05+00:00","dateModified":"2024-11-20T16:18:33+00:00","breadcrumb":{"@id":"https:\/\/vidamedicalclinic.org\/clinic-exit-survey\/#breadcrumb"},"inLanguage":"es","potentialAction":[{"@type":"ReadAction","target":["https:\/\/vidamedicalclinic.org\/clinic-exit-survey\/"]}]},{"@type":"BreadcrumbList","@id":"https:\/\/vidamedicalclinic.org\/clinic-exit-survey\/#breadcrumb","itemListElement":[{"@type":"ListItem","position":1,"name":"Home","item":"https:\/\/vidamedicalclinic.org\/"},{"@type":"ListItem","position":2,"name":"Exit Survey"}]},{"@type":"WebSite","@id":"https:\/\/vidamedicalclinic.org\/#website","url":"https:\/\/vidamedicalclinic.org\/","name":"Cl\u00ednica M\u00e9dica Vida","description":"","publisher":{"@id":"https:\/\/vidamedicalclinic.org\/#organization"},"potentialAction":[{"@type":"SearchAction","target":{"@type":"EntryPoint","urlTemplate":"https:\/\/vidamedicalclinic.org\/?s={search_term_string}"},"query-input":{"@type":"PropertyValueSpecification","valueRequired":true,"valueName":"search_term_string"}}],"inLanguage":"es"},{"@type":"Organization","@id":"https:\/\/vidamedicalclinic.org\/#organization","name":"Cl\u00ednica M\u00e9dica Vida","url":"https:\/\/vidamedicalclinic.org\/","logo":{"@type":"ImageObject","inLanguage":"es","@id":"https:\/\/vidamedicalclinic.org\/#\/schema\/logo\/image\/","url":"https:\/\/vidamedicalclinic.org\/wp-content\/uploads\/2022\/08\/vida-desktop-logo.png","contentUrl":"https:\/\/vidamedicalclinic.org\/wp-content\/uploads\/2022\/08\/vida-desktop-logo.png","width":176,"height":91,"caption":"Vida Medical Clinic"},"image":{"@id":"https:\/\/vidamedicalclinic.org\/#\/schema\/logo\/image\/"}}]}},"_links":{"self":[{"href":"https:\/\/vidamedicalclinic.org\/es\/wp-json\/wp\/v2\/pages\/2236","targetHints":{"allow":["GET"]}}],"collection":[{"href":"https:\/\/vidamedicalclinic.org\/es\/wp-json\/wp\/v2\/pages"}],"about":[{"href":"https:\/\/vidamedicalclinic.org\/es\/wp-json\/wp\/v2\/types\/page"}],"author":[{"embeddable":true,"href":"https:\/\/vidamedicalclinic.org\/es\/wp-json\/wp\/v2\/users\/7"}],"replies":[{"embeddable":true,"href":"https:\/\/vidamedicalclinic.org\/es\/wp-json\/wp\/v2\/comments?post=2236"}],"version-history":[{"count":0,"href":"https:\/\/vidamedicalclinic.org\/es\/wp-json\/wp\/v2\/pages\/2236\/revisions"}],"wp:attachment":[{"href":"https:\/\/vidamedicalclinic.org\/es\/wp-json\/wp\/v2\/media?parent=2236"}],"curies":[{"name":"gracias","href":"https:\/\/api.w.org\/{rel}","templated":true}]}}