{"id":2072,"date":"2024-03-14T22:02:41","date_gmt":"2024-03-15T03:02:41","guid":{"rendered":"https:\/\/vidamedicalclinic.org\/?page_id=2072"},"modified":"2026-01-27T16:58:01","modified_gmt":"2026-01-27T22:58:01","slug":"safe-surrender","status":"publish","type":"page","link":"https:\/\/vidamedicalclinic.org\/es\/safe-surrender\/","title":{"rendered":"Entrega segura"},"content":{"rendered":"<div data-elementor-type=\"wp-page\" data-elementor-id=\"2072\" class=\"elementor elementor-2072\" data-elementor-post-type=\"page\">\n\t\t\t\t\t\t<section class=\"elementor-section elementor-top-section elementor-element elementor-element-09541c2 elementor-section-height-min-height elementor-section-boxed elementor-section-height-default elementor-section-items-middle\" data-id=\"09541c2\" data-element_type=\"section\" data-e-type=\"section\" data-settings=\"{&quot;background_background&quot;:&quot;classic&quot;,&quot;shape_divider_bottom&quot;:&quot;mountains&quot;}\">\n\t\t\t\t\t<div class=\"elementor-shape elementor-shape-bottom\" aria-hidden=\"true\" data-negative=\"false\">\n\t\t\t<svg xmlns=\"http:\/\/www.w3.org\/2000\/svg\" viewbox=\"0 0 1000 100\" preserveaspectratio=\"none\">\n\t<path class=\"elementor-shape-fill\" opacity=\"0.33\" d=\"M473,67.3c-203.9,88.3-263.1-34-320.3,0C66,119.1,0,59.7,0,59.7V0h1000v59.7 c0,0-62.1,26.1-94.9,29.3c-32.8,3.3-62.8-12.3-75.8-22.1C806,49.6,745.3,8.7,694.9,4.7S492.4,59,473,67.3z\"\/>\n\t<path class=\"elementor-shape-fill\" opacity=\"0.66\" d=\"M734,67.3c-45.5,0-77.2-23.2-129.1-39.1c-28.6-8.7-150.3-10.1-254,39.1 s-91.7-34.4-149.2,0C115.7,118.3,0,39.8,0,39.8V0h1000v36.5c0,0-28.2-18.5-92.1-18.5C810.2,18.1,775.7,67.3,734,67.3z\"\/>\n\t<path class=\"elementor-shape-fill\" d=\"M766.1,28.9c-200-57.5-266,65.5-395.1,19.5C242,1.8,242,5.4,184.8,20.6C128,35.8,132.3,44.9,89.9,52.5C28.6,63.7,0,0,0,0 h1000c0,0-9.9,40.9-83.6,48.1S829.6,47,766.1,28.9z\"\/>\n<\/svg>\t\t<\/div>\n\t\t\t\t\t<div class=\"elementor-container elementor-column-gap-default\">\n\t\t\t\t\t<div class=\"elementor-column elementor-col-100 elementor-top-column elementor-element elementor-element-d1d9f3d\" data-id=\"d1d9f3d\" data-element_type=\"column\" data-e-type=\"column\">\n\t\t\t<div class=\"elementor-widget-wrap elementor-element-populated\">\n\t\t\t\t\t\t\t<\/div>\n\t\t<\/div>\n\t\t\t\t\t<\/div>\n\t\t<\/section>\n\t\t\t\t<section class=\"elementor-section elementor-top-section elementor-element elementor-element-3d10f30 elementor-section-boxed elementor-section-height-default elementor-section-height-default\" data-id=\"3d10f30\" data-element_type=\"section\" data-e-type=\"section\">\n\t\t\t\t\t\t<div class=\"elementor-container elementor-column-gap-default\">\n\t\t\t\t\t<div class=\"elementor-column elementor-col-100 elementor-top-column elementor-element elementor-element-5dc2d5e\" data-id=\"5dc2d5e\" data-element_type=\"column\" data-e-type=\"column\">\n\t\t\t<div class=\"elementor-widget-wrap elementor-element-populated\">\n\t\t\t\t\t\t<div class=\"elementor-element elementor-element-a1194d6 elementor-widget elementor-widget-heading\" data-id=\"a1194d6\" data-element_type=\"widget\" data-e-type=\"widget\" data-widget_type=\"heading.default\">\n\t\t\t\t<div class=\"elementor-widget-container\">\n\t\t\t\t\t<h2 class=\"elementor-heading-title elementor-size-default\">\u00bfQu\u00e9 es la rendici\u00f3n segura?<\/h2>\t\t\t\t<\/div>\n\t\t\t\t<\/div>\n\t\t\t\t<div class=\"elementor-element elementor-element-2ac7990 elementor-widget elementor-widget-text-editor\" data-id=\"2ac7990\" data-element_type=\"widget\" data-e-type=\"widget\" data-widget_type=\"text-editor.default\">\n\t\t\t\t<div class=\"elementor-widget-container\">\n\t\t\t\t\t\t\t\t\t<p>Despu\u00e9s de dar a luz, es posible que sienta que no est\u00e1 preparada para ser madre. La entrega segura es una opci\u00f3n en la que puede entregar de forma segura y confidencial a su hijo ileso hasta las 72 horas de nacido a cualquier t\u00e9cnico en emergencias m\u00e9dicas, empleado del hospital, en cualquier estaci\u00f3n de bomberos o comisar\u00eda de polic\u00eda, o <strong>en Vida<\/strong>, sin hacer preguntas.<\/p>\t\t\t\t\t\t\t\t<\/div>\n\t\t\t\t<\/div>\n\t\t\t\t<div class=\"elementor-element elementor-element-ef7cef1 elementor-widget elementor-widget-heading\" data-id=\"ef7cef1\" data-element_type=\"widget\" data-e-type=\"widget\" data-widget_type=\"heading.default\">\n\t\t\t\t<div class=\"elementor-widget-container\">\n\t\t\t\t\t<h2 class=\"elementor-heading-title elementor-size-default\">\u00bfPuedo entregar a mi hijo de manera segura despu\u00e9s de dar a luz en un hospital?<\/h2>\t\t\t\t<\/div>\n\t\t\t\t<\/div>\n\t\t\t\t<div class=\"elementor-element elementor-element-f5b6ef4 elementor-widget elementor-widget-text-editor\" data-id=\"f5b6ef4\" data-element_type=\"widget\" data-e-type=\"widget\" data-widget_type=\"text-editor.default\">\n\t\t\t\t<div class=\"elementor-widget-container\">\n\t\t\t\t\t\t\t\t\t<p>Seg\u00fan la ley de refugio seguro de Wisconsin, usted puede elegir dar a luz a su hijo de manera segura en un hospital y a\u00fan as\u00ed elegir la entrega segura como una opci\u00f3n.<\/p><p>Vida tiene recursos y m\u00e1s informaci\u00f3n disponible sobre <a href=\"https:\/\/www.safeplacefornewborns.org\/#\" target=\"_blank\" rel=\"noopener external noreferrer\" data-wpel-link=\"external\">rendici\u00f3n segura.<\/a>\u00a0Nuestras enfermeras estar\u00e1n encantadas de discutir esta opci\u00f3n con usted si est\u00e1 interesado.<\/p>\t\t\t\t\t\t\t\t<\/div>\n\t\t\t\t<\/div>\n\t\t\t\t\t<\/div>\n\t\t<\/div>\n\t\t\t\t\t<\/div>\n\t\t<\/section>\n\t\t\t\t<section class=\"elementor-section elementor-top-section elementor-element elementor-element-510f49e elementor-section-boxed elementor-section-height-default elementor-section-height-default\" data-id=\"510f49e\" data-element_type=\"section\" data-e-type=\"section\" data-settings=\"{&quot;background_background&quot;:&quot;classic&quot;}\">\n\t\t\t\t\t\t<div class=\"elementor-container elementor-column-gap-wide\">\n\t\t\t\t\t<div class=\"elementor-column elementor-col-100 elementor-top-column elementor-element elementor-element-b2071a1\" data-id=\"b2071a1\" data-element_type=\"column\" data-e-type=\"column\">\n\t\t\t<div class=\"elementor-widget-wrap elementor-element-populated\">\n\t\t\t\t\t\t<div class=\"elementor-element elementor-element-622e3b0 elementor-widget elementor-widget-heading\" data-id=\"622e3b0\" data-element_type=\"widget\" data-e-type=\"widget\" data-widget_type=\"heading.default\">\n\t\t\t\t<div class=\"elementor-widget-container\">\n\t\t\t\t\t<h2 class=\"elementor-heading-title elementor-size-default\">Solicite una cita hoy<\/h2>\t\t\t\t<\/div>\n\t\t\t\t<\/div>\n\t\t\t\t\t<\/div>\n\t\t<\/div>\n\t\t\t\t\t<\/div>\n\t\t<\/section>\n\t\t\t\t<section class=\"elementor-section elementor-top-section elementor-element elementor-element-8f7cdbd elementor-section-boxed elementor-section-height-default elementor-section-height-default\" data-id=\"8f7cdbd\" data-element_type=\"section\" data-e-type=\"section\" data-settings=\"{&quot;background_background&quot;:&quot;classic&quot;}\">\n\t\t\t\t\t\t<div class=\"elementor-container elementor-column-gap-default\">\n\t\t\t\t\t<div class=\"elementor-column elementor-col-50 elementor-top-column elementor-element elementor-element-86691a1\" data-id=\"86691a1\" data-element_type=\"column\" data-e-type=\"column\">\n\t\t\t<div class=\"elementor-widget-wrap elementor-element-populated\">\n\t\t\t\t\t\t<div class=\"elementor-element elementor-element-a942a94 elementor-align-center elementor-widget elementor-widget-button\" data-id=\"a942a94\" data-element_type=\"widget\" data-e-type=\"widget\" data-widget_type=\"button.default\">\n\t\t\t\t<div class=\"elementor-widget-container\">\n\t\t\t\t\t\t\t\t\t<div class=\"elementor-button-wrapper\">\n\t\t\t\t\t<a class=\"elementor-button elementor-button-link elementor-size-xl\" href=\"tel:9207314354\" data-wpel-link=\"internal\">\n\t\t\t\t\t\t<span class=\"elementor-button-content-wrapper\">\n\t\t\t\t\t\t<span class=\"elementor-button-icon\">\n\t\t\t\t<i aria-hidden=\"true\" class=\"fas fa-phone-alt\"><\/i>\t\t\t<\/span>\n\t\t\t\t\t\t\t\t\t<span class=\"elementor-button-text\">Llamar<\/span>\n\t\t\t\t\t<\/span>\n\t\t\t\t\t<\/a>\n\t\t\t\t<\/div>\n\t\t\t\t\t\t\t\t<\/div>\n\t\t\t\t<\/div>\n\t\t\t\t\t<\/div>\n\t\t<\/div>\n\t\t\t\t<div class=\"elementor-column elementor-col-50 elementor-top-column elementor-element elementor-element-86497b5\" data-id=\"86497b5\" data-element_type=\"column\" data-e-type=\"column\">\n\t\t\t<div class=\"elementor-widget-wrap elementor-element-populated\">\n\t\t\t\t\t\t<div class=\"elementor-element elementor-element-4f2774c elementor-align-left elementor-widget elementor-widget-button\" data-id=\"4f2774c\" data-element_type=\"widget\" data-e-type=\"widget\" data-widget_type=\"button.default\">\n\t\t\t\t<div class=\"elementor-widget-container\">\n\t\t\t\t\t\t\t\t\t<div class=\"elementor-button-wrapper\">\n\t\t\t\t\t<a class=\"elementor-button elementor-button-link elementor-size-xl\" href=\"http:\/\/vidamedicalclinic.org\/es\/request-an-appointment\/\" data-wpel-link=\"external\" rel=\"external noopener noreferrer\">\n\t\t\t\t\t\t<span class=\"elementor-button-content-wrapper\">\n\t\t\t\t\t\t<span class=\"elementor-button-icon\">\n\t\t\t\t<i aria-hidden=\"true\" class=\"far fa-calendar-check\"><\/i>\t\t\t<\/span>\n\t\t\t\t\t\t\t\t\t<span class=\"elementor-button-text\">Pedir una cita<\/span>\n\t\t\t\t\t<\/span>\n\t\t\t\t\t<\/a>\n\t\t\t\t<\/div>\n\t\t\t\t\t\t\t\t<\/div>\n\t\t\t\t<\/div>\n\t\t\t\t\t<\/div>\n\t\t<\/div>\n\t\t\t\t\t<\/div>\n\t\t<\/section>\n\t\t\t\t<\/div>","protected":false},"excerpt":{"rendered":"<p>What is safe surrender? After giving birth, you may feel you are not ready to parent. Safe surrender is an option in which you may safely and confidentially surrender your child unharmed up to 72 hours old to any EMT, hospital employee, at any fire station or police station, or at Vida, no questions asked. [&hellip;]<\/p>\n","protected":false},"author":7,"featured_media":0,"parent":0,"menu_order":0,"comment_status":"closed","ping_status":"closed","template":"elementor_header_footer","meta":{"footnotes":""},"class_list":["post-2072","page","type-page","status-publish","hentry"],"yoast_head":"<!-- This site is optimized with the Yoast SEO plugin v27.4 - https:\/\/yoast.com\/product\/yoast-seo-wordpress\/ -->\n<title>Safe Surrender - Vida Medical Clinic<\/title>\n<meta name=\"description\" content=\"Learn how Safe Surrender works, who it protects, and where you can safely surrender a newborn in your area. Get confidential guidance and support at Vida Medical Clinic.\" \/>\n<meta name=\"robots\" content=\"index, follow, max-snippet:-1, max-image-preview:large, max-video-preview:-1\" \/>\n<link rel=\"canonical\" href=\"https:\/\/vidamedicalclinic.org\/es\/safe-surrender\/\" \/>\n<meta property=\"og:locale\" content=\"es_MX\" \/>\n<meta property=\"og:type\" content=\"article\" \/>\n<meta property=\"og:title\" content=\"Safe Surrender - Vida Medical Clinic\" \/>\n<meta property=\"og:description\" content=\"Learn how Safe Surrender works, who it protects, and where you can safely surrender a newborn in your area. Get confidential guidance and support at Vida Medical Clinic.\" \/>\n<meta property=\"og:url\" content=\"https:\/\/vidamedicalclinic.org\/es\/safe-surrender\/\" \/>\n<meta property=\"og:site_name\" content=\"Vida Medical Clinic\" \/>\n<meta property=\"article:modified_time\" content=\"2026-01-27T22:58:01+00:00\" \/>\n<meta name=\"twitter:card\" content=\"summary_large_image\" \/>\n<meta name=\"twitter:label1\" content=\"Tiempo de lectura\" \/>\n\t<meta name=\"twitter:data1\" content=\"1 minuto\" \/>\n<!-- \/ Yoast SEO plugin. -->","yoast_head_json":{"title":"Entrega Segura - Cl\u00ednica M\u00e9dica Vida","description":"Inf\u00f3rmese sobre c\u00f3mo funciona el programa de Entrega Segura, a qui\u00e9n protege y d\u00f3nde puede entregar a su reci\u00e9n nacido de forma segura en su zona. Reciba orientaci\u00f3n y apoyo confidenciales en la Cl\u00ednica M\u00e9dica Vida.","robots":{"index":"index","follow":"follow","max-snippet":"max-snippet:-1","max-image-preview":"max-image-preview:large","max-video-preview":"max-video-preview:-1"},"canonical":"https:\/\/vidamedicalclinic.org\/es\/safe-surrender\/","og_locale":"es_MX","og_type":"article","og_title":"Safe Surrender - Vida Medical Clinic","og_description":"Learn how Safe Surrender works, who it protects, and where you can safely surrender a newborn in your area. Get confidential guidance and support at Vida Medical Clinic.","og_url":"https:\/\/vidamedicalclinic.org\/es\/safe-surrender\/","og_site_name":"Vida Medical Clinic","article_modified_time":"2026-01-27T22:58:01+00:00","twitter_card":"summary_large_image","twitter_misc":{"Tiempo de lectura":"1 minuto"},"schema":{"@context":"https:\/\/schema.org","@graph":[{"@type":"WebPage","@id":"https:\/\/vidamedicalclinic.org\/safe-surrender\/","url":"https:\/\/vidamedicalclinic.org\/safe-surrender\/","name":"Entrega Segura - Cl\u00ednica M\u00e9dica Vida","isPartOf":{"@id":"https:\/\/vidamedicalclinic.org\/#website"},"datePublished":"2024-03-15T03:02:41+00:00","dateModified":"2026-01-27T22:58:01+00:00","description":"Inf\u00f3rmese sobre c\u00f3mo funciona el programa de Entrega Segura, a qui\u00e9n protege y d\u00f3nde puede entregar a su reci\u00e9n nacido de forma segura en su zona. Reciba orientaci\u00f3n y apoyo confidenciales en la Cl\u00ednica M\u00e9dica Vida.","breadcrumb":{"@id":"https:\/\/vidamedicalclinic.org\/safe-surrender\/#breadcrumb"},"inLanguage":"es","potentialAction":[{"@type":"ReadAction","target":["https:\/\/vidamedicalclinic.org\/safe-surrender\/"]}]},{"@type":"BreadcrumbList","@id":"https:\/\/vidamedicalclinic.org\/safe-surrender\/#breadcrumb","itemListElement":[{"@type":"ListItem","position":1,"name":"Home","item":"https:\/\/vidamedicalclinic.org\/"},{"@type":"ListItem","position":2,"name":"Safe Surrender"}]},{"@type":"WebSite","@id":"https:\/\/vidamedicalclinic.org\/#website","url":"https:\/\/vidamedicalclinic.org\/","name":"Cl\u00ednica M\u00e9dica Vida","description":"","publisher":{"@id":"https:\/\/vidamedicalclinic.org\/#organization"},"potentialAction":[{"@type":"SearchAction","target":{"@type":"EntryPoint","urlTemplate":"https:\/\/vidamedicalclinic.org\/?s={search_term_string}"},"query-input":{"@type":"PropertyValueSpecification","valueRequired":true,"valueName":"search_term_string"}}],"inLanguage":"es"},{"@type":"Organization","@id":"https:\/\/vidamedicalclinic.org\/#organization","name":"Cl\u00ednica M\u00e9dica Vida","url":"https:\/\/vidamedicalclinic.org\/","logo":{"@type":"ImageObject","inLanguage":"es","@id":"https:\/\/vidamedicalclinic.org\/#\/schema\/logo\/image\/","url":"https:\/\/vidamedicalclinic.org\/wp-content\/uploads\/2022\/08\/vida-desktop-logo.png","contentUrl":"https:\/\/vidamedicalclinic.org\/wp-content\/uploads\/2022\/08\/vida-desktop-logo.png","width":176,"height":91,"caption":"Vida Medical Clinic"},"image":{"@id":"https:\/\/vidamedicalclinic.org\/#\/schema\/logo\/image\/"}}]}},"_links":{"self":[{"href":"https:\/\/vidamedicalclinic.org\/es\/wp-json\/wp\/v2\/pages\/2072","targetHints":{"allow":["GET"]}}],"collection":[{"href":"https:\/\/vidamedicalclinic.org\/es\/wp-json\/wp\/v2\/pages"}],"about":[{"href":"https:\/\/vidamedicalclinic.org\/es\/wp-json\/wp\/v2\/types\/page"}],"author":[{"embeddable":true,"href":"https:\/\/vidamedicalclinic.org\/es\/wp-json\/wp\/v2\/users\/7"}],"replies":[{"embeddable":true,"href":"https:\/\/vidamedicalclinic.org\/es\/wp-json\/wp\/v2\/comments?post=2072"}],"version-history":[{"count":1,"href":"https:\/\/vidamedicalclinic.org\/es\/wp-json\/wp\/v2\/pages\/2072\/revisions"}],"predecessor-version":[{"id":8742,"href":"https:\/\/vidamedicalclinic.org\/es\/wp-json\/wp\/v2\/pages\/2072\/revisions\/8742"}],"wp:attachment":[{"href":"https:\/\/vidamedicalclinic.org\/es\/wp-json\/wp\/v2\/media?parent=2072"}],"curies":[{"name":"gracias","href":"https:\/\/api.w.org\/{rel}","templated":true}]}}