{"id":1869,"date":"2023-07-02T14:45:54","date_gmt":"2023-07-02T19:45:54","guid":{"rendered":"https:\/\/vidamedicalclinic.org\/?page_id=1869"},"modified":"2026-01-27T16:18:01","modified_gmt":"2026-01-27T22:18:01","slug":"sports-physicals","status":"publish","type":"page","link":"https:\/\/vidamedicalclinic.org\/es\/sports-physicals\/","title":{"rendered":"Ex\u00e1menes f\u00edsicos deportivos"},"content":{"rendered":"<div data-elementor-type=\"wp-page\" data-elementor-id=\"1869\" class=\"elementor elementor-1869\" data-elementor-post-type=\"page\">\n\t\t\t\t\t\t<section class=\"elementor-section elementor-top-section elementor-element elementor-element-5519575 elementor-section-height-min-height elementor-section-boxed elementor-section-height-default elementor-section-items-middle\" data-id=\"5519575\" data-element_type=\"section\" data-e-type=\"section\" data-settings=\"{&quot;background_background&quot;:&quot;classic&quot;,&quot;shape_divider_bottom&quot;:&quot;mountains&quot;}\">\n\t\t\t\t\t<div class=\"elementor-shape elementor-shape-bottom\" aria-hidden=\"true\" data-negative=\"false\">\n\t\t\t<svg xmlns=\"http:\/\/www.w3.org\/2000\/svg\" viewbox=\"0 0 1000 100\" preserveaspectratio=\"none\">\n\t<path class=\"elementor-shape-fill\" opacity=\"0.33\" d=\"M473,67.3c-203.9,88.3-263.1-34-320.3,0C66,119.1,0,59.7,0,59.7V0h1000v59.7 c0,0-62.1,26.1-94.9,29.3c-32.8,3.3-62.8-12.3-75.8-22.1C806,49.6,745.3,8.7,694.9,4.7S492.4,59,473,67.3z\"\/>\n\t<path class=\"elementor-shape-fill\" opacity=\"0.66\" d=\"M734,67.3c-45.5,0-77.2-23.2-129.1-39.1c-28.6-8.7-150.3-10.1-254,39.1 s-91.7-34.4-149.2,0C115.7,118.3,0,39.8,0,39.8V0h1000v36.5c0,0-28.2-18.5-92.1-18.5C810.2,18.1,775.7,67.3,734,67.3z\"\/>\n\t<path class=\"elementor-shape-fill\" d=\"M766.1,28.9c-200-57.5-266,65.5-395.1,19.5C242,1.8,242,5.4,184.8,20.6C128,35.8,132.3,44.9,89.9,52.5C28.6,63.7,0,0,0,0 h1000c0,0-9.9,40.9-83.6,48.1S829.6,47,766.1,28.9z\"\/>\n<\/svg>\t\t<\/div>\n\t\t\t\t\t<div class=\"elementor-container elementor-column-gap-default\">\n\t\t\t\t\t<div class=\"elementor-column elementor-col-100 elementor-top-column elementor-element elementor-element-e6c3b3b\" data-id=\"e6c3b3b\" data-element_type=\"column\" data-e-type=\"column\">\n\t\t\t<div class=\"elementor-widget-wrap elementor-element-populated\">\n\t\t\t\t\t\t\t<\/div>\n\t\t<\/div>\n\t\t\t\t\t<\/div>\n\t\t<\/section>\n\t\t\t\t<section class=\"elementor-section elementor-top-section elementor-element elementor-element-b656919 elementor-section-boxed elementor-section-height-default elementor-section-height-default\" data-id=\"b656919\" data-element_type=\"section\" data-e-type=\"section\">\n\t\t\t\t\t\t<div class=\"elementor-container elementor-column-gap-default\">\n\t\t\t\t\t<div class=\"elementor-column elementor-col-100 elementor-top-column elementor-element elementor-element-892f40e\" data-id=\"892f40e\" data-element_type=\"column\" data-e-type=\"column\">\n\t\t\t<div class=\"elementor-widget-wrap elementor-element-populated\">\n\t\t\t\t\t\t<div class=\"elementor-element elementor-element-8d7c396 elementor-widget elementor-widget-heading\" data-id=\"8d7c396\" data-element_type=\"widget\" data-e-type=\"widget\" data-widget_type=\"heading.default\">\n\t\t\t\t<div class=\"elementor-widget-container\">\n\t\t\t\t\t<h2 class=\"elementor-heading-title elementor-size-default\">\u00bfPor qu\u00e9 necesito un examen f\u00edsico deportivo?<\/h2>\t\t\t\t<\/div>\n\t\t\t\t<\/div>\n\t\t\t\t<div class=\"elementor-element elementor-element-7c85263 elementor-widget elementor-widget-text-editor\" data-id=\"7c85263\" data-element_type=\"widget\" data-e-type=\"widget\" data-widget_type=\"text-editor.default\">\n\t\t\t\t<div class=\"elementor-widget-container\">\n\t\t\t\t\t\t\t\t\t<p>Un examen f\u00edsico deportivo ayuda a garantizar la salud, el bienestar y la seguridad de los ni\u00f1os antes de participar en un deporte. En Wisconsin, a los estudiantes atletas de secundaria y preparatoria a menudo se les exige que se sometan a un examen f\u00edsico antes de participar en un deporte. A veces, se debe realizar un examen f\u00edsico deportivo de la WIAA cada dos a\u00f1os. Un examen f\u00edsico deportivo incluye un historial m\u00e9dico y un examen f\u00edsico.<\/p>\t\t\t\t\t\t\t\t<\/div>\n\t\t\t\t<\/div>\n\t\t\t\t<div class=\"elementor-element elementor-element-2b4b6e3 elementor-widget elementor-widget-heading\" data-id=\"2b4b6e3\" data-element_type=\"widget\" data-e-type=\"widget\" data-widget_type=\"heading.default\">\n\t\t\t\t<div class=\"elementor-widget-container\">\n\t\t\t\t\t<h2 class=\"elementor-heading-title elementor-size-default\">\u00bfCu\u00e1ndo est\u00e1n disponibles los ex\u00e1menes f\u00edsicos para deportes?<\/h2>\t\t\t\t<\/div>\n\t\t\t\t<\/div>\n\t\t\t\t<div class=\"elementor-element elementor-element-a954335 elementor-widget elementor-widget-text-editor\" data-id=\"a954335\" data-element_type=\"widget\" data-e-type=\"widget\" data-widget_type=\"text-editor.default\">\n\t\t\t\t<div class=\"elementor-widget-container\">\n\t\t\t\t\t\t\t\t\t<p>Los ex\u00e1menes f\u00edsicos deportivos se brindan sin costo para usted y est\u00e1n disponibles durante todo el a\u00f1o en Vida. <b>Estudiantes deportistas de secundaria y preparatoria<\/b> \u00a1De cualquier escuela o distrito escolar son bienvenidos! Por favor contacta a Vida al <a href=\"tel:9207314354\" data-wpel-link=\"internal\">920-731-4354<\/a> o <a href=\"http:\/\/vidamedicalclinic.org\/es\/request-an-appointment\/\" target=\"_blank\" rel=\"noopener external noreferrer\" data-wpel-link=\"external\">haga clic aqu\u00ed<\/a> para solicitar un examen f\u00edsico deportivo.<\/p>\t\t\t\t\t\t\t\t<\/div>\n\t\t\t\t<\/div>\n\t\t\t\t<div class=\"elementor-element elementor-element-45b6459 elementor-widget elementor-widget-heading\" data-id=\"45b6459\" data-element_type=\"widget\" data-e-type=\"widget\" data-widget_type=\"heading.default\">\n\t\t\t\t<div class=\"elementor-widget-container\">\n\t\t\t\t\t<h2 class=\"elementor-heading-title elementor-size-default\">\u00bfQu\u00e9 necesito llevar conmigo a mi examen f\u00edsico deportivo?<\/h2>\t\t\t\t<\/div>\n\t\t\t\t<\/div>\n\t\t\t\t<div class=\"elementor-element elementor-element-aae8373 elementor-widget elementor-widget-text-editor\" data-id=\"aae8373\" data-element_type=\"widget\" data-e-type=\"widget\" data-widget_type=\"text-editor.default\">\n\t\t\t\t<div class=\"elementor-widget-container\">\n\t\t\t\t\t\t\t\t\t<p>Por favor traiga consigo la documentaci\u00f3n completa requerida por la escuela, incluida la <a href=\"https:\/\/www.wiaawi.org\/Portals\/0\/PDF\/Forms\/PPE-form.pdf\" data-wpel-link=\"external\" rel=\"external noopener noreferrer\">Forma f\u00edsica deportiva WIAA.<\/a>. Descarga el formulario<a href=\"https:\/\/www.wiaawi.org\/Portals\/0\/PDF\/Forms\/PPE-form.pdf\" target=\"_blank\" rel=\"noopener external noreferrer\" data-wpel-link=\"external\">\u00a0aqu\u00ed<\/a>.\u00a0<\/p><p><span style=\"font-family: var( --e-global-typography-text-font-family ), Sans-serif; font-size: var( --e-global-typography-text-font-size ); font-weight: var( --e-global-typography-text-font-weight );\">Llegue 15 minutos antes de la hora programada de su cita. Un padre o tutor legal debe estar en Vida durante el examen f\u00edsico deportivo del ni\u00f1o.<\/span><\/p>\t\t\t\t\t\t\t\t<\/div>\n\t\t\t\t<\/div>\n\t\t\t\t<div class=\"elementor-element elementor-element-87450f4 elementor-widget elementor-widget-heading\" data-id=\"87450f4\" data-element_type=\"widget\" data-e-type=\"widget\" data-widget_type=\"heading.default\">\n\t\t\t\t<div class=\"elementor-widget-container\">\n\t\t\t\t\t<h2 class=\"elementor-heading-title elementor-size-default\">\u00bfPuedo seguir utilizando este servicio f\u00edsico deportivo gratuito si mi familia tiene seguro? <\/h2>\t\t\t\t<\/div>\n\t\t\t\t<\/div>\n\t\t\t\t<div class=\"elementor-element elementor-element-95e6fc2 elementor-widget elementor-widget-text-editor\" data-id=\"95e6fc2\" data-element_type=\"widget\" data-e-type=\"widget\" data-widget_type=\"text-editor.default\">\n\t\t\t\t<div class=\"elementor-widget-container\">\n\t\t\t\t\t\t\t\t\t<p>\u00a1S\u00ed! Todos los servicios confidenciales de Vida se brindan sin costo alguno para usted. No se requiere seguro, prueba de seguro ni verificaci\u00f3n de ingresos. Incluso si tiene seguro, puede utilizar nuestros servicios. \u00a1Estamos aqu\u00ed para servir!\u00a0<\/p><p>Vida tambi\u00e9n puede proporcionar registros m\u00e9dicos a su proveedor de atenci\u00f3n primaria o a su hogar m\u00e9dico si lo solicita.\u00a0<\/p>\t\t\t\t\t\t\t\t<\/div>\n\t\t\t\t<\/div>\n\t\t\t\t\t<\/div>\n\t\t<\/div>\n\t\t\t\t\t<\/div>\n\t\t<\/section>\n\t\t\t\t<section class=\"elementor-section elementor-top-section elementor-element elementor-element-4dfd92d elementor-section-boxed elementor-section-height-default elementor-section-height-default\" data-id=\"4dfd92d\" data-element_type=\"section\" data-e-type=\"section\" data-settings=\"{&quot;background_background&quot;:&quot;classic&quot;}\">\n\t\t\t\t\t\t<div class=\"elementor-container elementor-column-gap-wide\">\n\t\t\t\t\t<div class=\"elementor-column elementor-col-100 elementor-top-column elementor-element elementor-element-1428518\" data-id=\"1428518\" data-element_type=\"column\" data-e-type=\"column\">\n\t\t\t<div class=\"elementor-widget-wrap elementor-element-populated\">\n\t\t\t\t\t\t<div class=\"elementor-element elementor-element-06ab52b elementor-widget elementor-widget-heading\" data-id=\"06ab52b\" data-element_type=\"widget\" data-e-type=\"widget\" data-widget_type=\"heading.default\">\n\t\t\t\t<div class=\"elementor-widget-container\">\n\t\t\t\t\t<h2 class=\"elementor-heading-title elementor-size-default\">Solicite una cita f\u00edsica deportiva hoy<\/h2>\t\t\t\t<\/div>\n\t\t\t\t<\/div>\n\t\t\t\t\t<\/div>\n\t\t<\/div>\n\t\t\t\t\t<\/div>\n\t\t<\/section>\n\t\t\t\t<section class=\"elementor-section elementor-top-section elementor-element elementor-element-6d157c2 elementor-section-boxed elementor-section-height-default elementor-section-height-default\" data-id=\"6d157c2\" data-element_type=\"section\" data-e-type=\"section\" data-settings=\"{&quot;background_background&quot;:&quot;classic&quot;}\">\n\t\t\t\t\t\t<div class=\"elementor-container elementor-column-gap-default\">\n\t\t\t\t\t<div class=\"elementor-column elementor-col-50 elementor-top-column elementor-element elementor-element-4fb9e8b\" data-id=\"4fb9e8b\" data-element_type=\"column\" data-e-type=\"column\">\n\t\t\t<div class=\"elementor-widget-wrap elementor-element-populated\">\n\t\t\t\t\t\t<div class=\"elementor-element elementor-element-584a82f elementor-align-center elementor-widget elementor-widget-button\" data-id=\"584a82f\" data-element_type=\"widget\" data-e-type=\"widget\" data-widget_type=\"button.default\">\n\t\t\t\t<div class=\"elementor-widget-container\">\n\t\t\t\t\t\t\t\t\t<div class=\"elementor-button-wrapper\">\n\t\t\t\t\t<a class=\"elementor-button elementor-button-link elementor-size-xl\" href=\"tel:9207314354\" data-wpel-link=\"internal\">\n\t\t\t\t\t\t<span class=\"elementor-button-content-wrapper\">\n\t\t\t\t\t\t<span class=\"elementor-button-icon\">\n\t\t\t\t<i aria-hidden=\"true\" class=\"fas fa-phone-alt\"><\/i>\t\t\t<\/span>\n\t\t\t\t\t\t\t\t\t<span class=\"elementor-button-text\">Llamar<\/span>\n\t\t\t\t\t<\/span>\n\t\t\t\t\t<\/a>\n\t\t\t\t<\/div>\n\t\t\t\t\t\t\t\t<\/div>\n\t\t\t\t<\/div>\n\t\t\t\t\t<\/div>\n\t\t<\/div>\n\t\t\t\t<div class=\"elementor-column elementor-col-50 elementor-top-column elementor-element elementor-element-f39087c\" data-id=\"f39087c\" data-element_type=\"column\" data-e-type=\"column\">\n\t\t\t<div class=\"elementor-widget-wrap elementor-element-populated\">\n\t\t\t\t\t\t<div class=\"elementor-element elementor-element-98ad1a6 elementor-align-left elementor-widget elementor-widget-button\" data-id=\"98ad1a6\" data-element_type=\"widget\" data-e-type=\"widget\" data-widget_type=\"button.default\">\n\t\t\t\t<div class=\"elementor-widget-container\">\n\t\t\t\t\t\t\t\t\t<div class=\"elementor-button-wrapper\">\n\t\t\t\t\t<a class=\"elementor-button elementor-button-link elementor-size-xl\" href=\"http:\/\/vidamedicalclinic.org\/es\/request-an-appointment\/\" data-wpel-link=\"external\" rel=\"external noopener noreferrer\">\n\t\t\t\t\t\t<span class=\"elementor-button-content-wrapper\">\n\t\t\t\t\t\t<span class=\"elementor-button-icon\">\n\t\t\t\t<i aria-hidden=\"true\" class=\"far fa-calendar-check\"><\/i>\t\t\t<\/span>\n\t\t\t\t\t\t\t\t\t<span class=\"elementor-button-text\">Pedir una cita<\/span>\n\t\t\t\t\t<\/span>\n\t\t\t\t\t<\/a>\n\t\t\t\t<\/div>\n\t\t\t\t\t\t\t\t<\/div>\n\t\t\t\t<\/div>\n\t\t\t\t\t<\/div>\n\t\t<\/div>\n\t\t\t\t\t<\/div>\n\t\t<\/section>\n\t\t\t\t<section class=\"elementor-section elementor-top-section elementor-element elementor-element-dbb9d21 elementor-section-boxed elementor-section-height-default elementor-section-height-default\" data-id=\"dbb9d21\" data-element_type=\"section\" data-e-type=\"section\">\n\t\t\t\t\t\t<div class=\"elementor-container elementor-column-gap-default\">\n\t\t\t\t\t<div class=\"elementor-column elementor-col-50 elementor-top-column elementor-element elementor-element-9eb1122\" data-id=\"9eb1122\" data-element_type=\"column\" data-e-type=\"column\">\n\t\t\t<div class=\"elementor-widget-wrap elementor-element-populated\">\n\t\t\t\t\t\t<div class=\"elementor-element elementor-element-c888fb7 elementor-widget__width-inherit elementor-view-default elementor-widget elementor-widget-icon\" data-id=\"c888fb7\" data-element_type=\"widget\" data-e-type=\"widget\" data-widget_type=\"icon.default\">\n\t\t\t\t<div class=\"elementor-widget-container\">\n\t\t\t\t\t\t\t<div class=\"elementor-icon-wrapper\">\n\t\t\t<div class=\"elementor-icon\">\n\t\t\t<i aria-hidden=\"true\" class=\"fas fa-question-circle\"><\/i>\t\t\t<\/div>\n\t\t<\/div>\n\t\t\t\t\t\t<\/div>\n\t\t\t\t<\/div>\n\t\t\t\t\t<\/div>\n\t\t<\/div>\n\t\t\t\t<div class=\"elementor-column elementor-col-50 elementor-top-column elementor-element elementor-element-953811d\" data-id=\"953811d\" data-element_type=\"column\" data-e-type=\"column\">\n\t\t\t<div class=\"elementor-widget-wrap elementor-element-populated\">\n\t\t\t\t\t\t<div class=\"elementor-element elementor-element-a514a36 elementor-widget elementor-widget-heading\" data-id=\"a514a36\" data-element_type=\"widget\" data-e-type=\"widget\" data-widget_type=\"heading.default\">\n\t\t\t\t<div class=\"elementor-widget-container\">\n\t\t\t\t\t<h1 class=\"elementor-heading-title elementor-size-xxl\">Preguntas frecuentes<\/h1>\t\t\t\t<\/div>\n\t\t\t\t<\/div>\n\t\t\t\t\t<\/div>\n\t\t<\/div>\n\t\t\t\t\t<\/div>\n\t\t<\/section>\n\t\t\t\t<section class=\"elementor-section elementor-top-section elementor-element elementor-element-29f5c52 elementor-section-boxed elementor-section-height-default elementor-section-height-default\" data-id=\"29f5c52\" data-element_type=\"section\" data-e-type=\"section\">\n\t\t\t\t\t\t<div class=\"elementor-container elementor-column-gap-default\">\n\t\t\t\t\t<div class=\"elementor-column elementor-col-100 elementor-top-column elementor-element elementor-element-efde2bb\" data-id=\"efde2bb\" data-element_type=\"column\" data-e-type=\"column\">\n\t\t\t<div class=\"elementor-widget-wrap elementor-element-populated\">\n\t\t\t\t\t\t<section class=\"elementor-section elementor-inner-section elementor-element elementor-element-fc79fd3 elementor-section-boxed elementor-section-height-default elementor-section-height-default\" data-id=\"fc79fd3\" data-element_type=\"section\" data-e-type=\"section\">\n\t\t\t\t\t\t<div class=\"elementor-container elementor-column-gap-default\">\n\t\t\t\t\t<div class=\"elementor-column elementor-col-50 elementor-inner-column elementor-element elementor-element-822aee6\" data-id=\"822aee6\" data-element_type=\"column\" data-e-type=\"column\">\n\t\t\t<div class=\"elementor-widget-wrap elementor-element-populated\">\n\t\t\t\t\t\t<div class=\"elementor-element elementor-element-7016b14 elementor-flip-box--effect-fade elementor-widget elementor-widget-flip-box\" data-id=\"7016b14\" data-element_type=\"widget\" data-e-type=\"widget\" data-widget_type=\"flip-box.default\">\n\t\t\t\t<div class=\"elementor-widget-container\">\n\t\t\t\t\t\t\t<div class=\"elementor-flip-box\" tabindex=\"0\">\n\t\t\t<div class=\"elementor-flip-box__layer elementor-flip-box__front\">\n\t\t\t\t<div class=\"elementor-flip-box__layer__overlay\">\n\t\t\t\t\t<div class=\"elementor-flip-box__layer__inner\">\n\t\t\t\t\t\t\n\t\t\t\t\t\t\t\t\t\t\t\t\t<h3 class=\"elementor-flip-box__layer__title\">\n\t\t\t\t\t\t\t\t\u00bfCu\u00e1nto tiempo durar\u00e1 la cita f\u00edsica deportiva?\t\t\t\t\t\t\t<\/h3>\n\t\t\t\t\t\t\n\t\t\t\t\t\t\t\t\t\t\t<\/div>\n\t\t\t\t<\/div>\n\t\t\t<\/div>\n\t\t\t<div class=\"elementor-flip-box__layer elementor-flip-box__back\">\n\t\t\t<div class=\"elementor-flip-box__layer__overlay\">\n\t\t\t\t<div class=\"elementor-flip-box__layer__inner\">\n\t\t\t\t\t\n\t\t\t\t\t\t\t\t\t\t\t<div class=\"elementor-flip-box__layer__description\">\n\t\t\t\t\t\t\tUn examen f\u00edsico deportivo generalmente demora unos 15 minutos en completarse, pero en Vida asignamos tiempo adicional para cada cita, para que cada paciente se sienta bien atendido y tenga respuestas a sus preguntas. \t\t\t\t\t\t<\/div>\n\t\t\t\t\t\n\t\t\t\t\t\t\t\t<\/div>\n\t\t<\/div>\n\t\t<\/div>\n\t\t<\/div>\n\t\t\t\t\t\t<\/div>\n\t\t\t\t<\/div>\n\t\t\t\t\t<\/div>\n\t\t<\/div>\n\t\t\t\t<div class=\"elementor-column elementor-col-50 elementor-inner-column elementor-element elementor-element-eabc0a7\" data-id=\"eabc0a7\" data-element_type=\"column\" data-e-type=\"column\">\n\t\t\t<div class=\"elementor-widget-wrap elementor-element-populated\">\n\t\t\t\t\t\t<div class=\"elementor-element elementor-element-954556b elementor-flip-box--effect-fade elementor-widget elementor-widget-flip-box\" data-id=\"954556b\" data-element_type=\"widget\" data-e-type=\"widget\" data-widget_type=\"flip-box.default\">\n\t\t\t\t<div class=\"elementor-widget-container\">\n\t\t\t\t\t\t\t<div class=\"elementor-flip-box\" tabindex=\"0\">\n\t\t\t<div class=\"elementor-flip-box__layer elementor-flip-box__front\">\n\t\t\t\t<div class=\"elementor-flip-box__layer__overlay\">\n\t\t\t\t\t<div class=\"elementor-flip-box__layer__inner\">\n\t\t\t\t\t\t\n\t\t\t\t\t\t\t\t\t\t\t\t\t<h3 class=\"elementor-flip-box__layer__title\">\n\t\t\t\t\t\t\t\t \u00bfQui\u00e9n realiza los ex\u00e1menes f\u00edsicos deportivos?\t\t\t\t\t\t\t<\/h3>\n\t\t\t\t\t\t\n\t\t\t\t\t\t\t\t\t\t\t<\/div>\n\t\t\t\t<\/div>\n\t\t\t<\/div>\n\t\t\t<div class=\"elementor-flip-box__layer elementor-flip-box__back\">\n\t\t\t<div class=\"elementor-flip-box__layer__overlay\">\n\t\t\t\t<div class=\"elementor-flip-box__layer__inner\">\n\t\t\t\t\t\n\t\t\t\t\t\t\t\t\t\t\t<div class=\"elementor-flip-box__layer__description\">\n\t\t\t\t\t\t\tVida Medical Clinic cuenta con personal completo compuesto por proveedores m\u00e9dicos, m\u00e9dicos y enfermeras autorizados. La enfermera practicante de nuestra cl\u00ednica administrar\u00e1 los ex\u00e1menes f\u00edsicos deportivos gratuitos.\t\t\t\t\t\t<\/div>\n\t\t\t\t\t\n\t\t\t\t\t\t\t\t<\/div>\n\t\t<\/div>\n\t\t<\/div>\n\t\t<\/div>\n\t\t\t\t\t\t<\/div>\n\t\t\t\t<\/div>\n\t\t\t\t\t<\/div>\n\t\t<\/div>\n\t\t\t\t\t<\/div>\n\t\t<\/section>\n\t\t\t\t\t<\/div>\n\t\t<\/div>\n\t\t\t\t\t<\/div>\n\t\t<\/section>\n\t\t\t\t<\/div>","protected":false},"excerpt":{"rendered":"<p>Why do I need a sports physical? A sports physical helps ensure the health, well-being, and safety of children before they participate in a sport. In Wisconsin, middle and high school student athletes are often required to have a sports physical before participating in a sport. Sometimes a WIAA sports physical must be completed every [&hellip;]<\/p>\n","protected":false},"author":7,"featured_media":1707,"parent":0,"menu_order":0,"comment_status":"closed","ping_status":"closed","template":"elementor_header_footer","meta":{"footnotes":""},"class_list":["post-1869","page","type-page","status-publish","has-post-thumbnail","hentry"],"yoast_head":"<!-- This site is optimized with the Yoast SEO plugin v27.3 - https:\/\/yoast.com\/product\/yoast-seo-wordpress\/ -->\n<title>Sports Physicals - Vida Medical Clinic<\/title>\n<meta name=\"description\" content=\"Get fast, reliable sports physicals at Vida Medical Clinic. Our friendly healthcare team provides convenient, no-cost evaluations to help students safely participate in school and athletic activities. Contact us!\" \/>\n<meta name=\"robots\" content=\"index, follow, max-snippet:-1, max-image-preview:large, max-video-preview:-1\" \/>\n<link rel=\"canonical\" href=\"https:\/\/vidamedicalclinic.org\/es\/sports-physicals\/\" \/>\n<meta property=\"og:locale\" content=\"es_MX\" \/>\n<meta property=\"og:type\" content=\"article\" \/>\n<meta property=\"og:title\" content=\"Sports Physicals - Vida Medical Clinic\" \/>\n<meta property=\"og:description\" content=\"Get fast, reliable sports physicals at Vida Medical Clinic. Our friendly healthcare team provides convenient, no-cost evaluations to help students safely participate in school and athletic activities. Contact us!\" \/>\n<meta property=\"og:url\" content=\"https:\/\/vidamedicalclinic.org\/es\/sports-physicals\/\" \/>\n<meta property=\"og:site_name\" content=\"Vida Medical Clinic\" \/>\n<meta property=\"article:modified_time\" content=\"2026-01-27T22:18:01+00:00\" \/>\n<meta property=\"og:image\" content=\"https:\/\/vidamedicalclinic.org\/wp-content\/uploads\/2022\/10\/Pre-Abortion-Screening-Page-Banner-Header-Option-7.png\" \/>\n\t<meta property=\"og:image:width\" content=\"1394\" \/>\n\t<meta property=\"og:image:height\" content=\"716\" \/>\n\t<meta property=\"og:image:type\" content=\"image\/png\" \/>\n<meta name=\"twitter:card\" content=\"summary_large_image\" \/>\n<meta name=\"twitter:label1\" content=\"Tiempo de lectura\" \/>\n\t<meta name=\"twitter:data1\" content=\"2 minutos\" \/>\n<!-- \/ Yoast SEO plugin. -->","yoast_head_json":{"title":"Ex\u00e1menes f\u00edsicos deportivos - Cl\u00ednica M\u00e9dica Vida","description":"Real\u00edzate ex\u00e1menes f\u00edsicos deportivos r\u00e1pidos y confiables en la Cl\u00ednica M\u00e9dica Vida. Nuestro amable equipo de profesionales de la salud ofrece evaluaciones gratuitas y convenientes para que los estudiantes puedan participar de forma segura en actividades escolares y deportivas. \u00a1Cont\u00e1ctanos!","robots":{"index":"index","follow":"follow","max-snippet":"max-snippet:-1","max-image-preview":"max-image-preview:large","max-video-preview":"max-video-preview:-1"},"canonical":"https:\/\/vidamedicalclinic.org\/es\/sports-physicals\/","og_locale":"es_MX","og_type":"article","og_title":"Sports Physicals - Vida Medical Clinic","og_description":"Get fast, reliable sports physicals at Vida Medical Clinic. Our friendly healthcare team provides convenient, no-cost evaluations to help students safely participate in school and athletic activities. Contact us!","og_url":"https:\/\/vidamedicalclinic.org\/es\/sports-physicals\/","og_site_name":"Vida Medical Clinic","article_modified_time":"2026-01-27T22:18:01+00:00","og_image":[{"width":1394,"height":716,"url":"https:\/\/vidamedicalclinic.org\/wp-content\/uploads\/2022\/10\/Pre-Abortion-Screening-Page-Banner-Header-Option-7.png","type":"image\/png"}],"twitter_card":"summary_large_image","twitter_misc":{"Tiempo de lectura":"2 minutos"},"schema":{"@context":"https:\/\/schema.org","@graph":[{"@type":"WebPage","@id":"https:\/\/vidamedicalclinic.org\/sports-physicals\/","url":"https:\/\/vidamedicalclinic.org\/sports-physicals\/","name":"Ex\u00e1menes f\u00edsicos deportivos - Cl\u00ednica M\u00e9dica Vida","isPartOf":{"@id":"https:\/\/vidamedicalclinic.org\/#website"},"primaryImageOfPage":{"@id":"https:\/\/vidamedicalclinic.org\/sports-physicals\/#primaryimage"},"image":{"@id":"https:\/\/vidamedicalclinic.org\/sports-physicals\/#primaryimage"},"thumbnailUrl":"https:\/\/vidamedicalclinic.org\/wp-content\/uploads\/2022\/10\/Pre-Abortion-Screening-Page-Banner-Header-Option-7.png","datePublished":"2023-07-02T19:45:54+00:00","dateModified":"2026-01-27T22:18:01+00:00","description":"Real\u00edzate ex\u00e1menes f\u00edsicos deportivos r\u00e1pidos y confiables en la Cl\u00ednica M\u00e9dica Vida. Nuestro amable equipo de profesionales de la salud ofrece evaluaciones gratuitas y convenientes para que los estudiantes puedan participar de forma segura en actividades escolares y deportivas. \u00a1Cont\u00e1ctanos!","breadcrumb":{"@id":"https:\/\/vidamedicalclinic.org\/sports-physicals\/#breadcrumb"},"inLanguage":"es","potentialAction":[{"@type":"ReadAction","target":["https:\/\/vidamedicalclinic.org\/sports-physicals\/"]}]},{"@type":"ImageObject","inLanguage":"es","@id":"https:\/\/vidamedicalclinic.org\/sports-physicals\/#primaryimage","url":"https:\/\/vidamedicalclinic.org\/wp-content\/uploads\/2022\/10\/Pre-Abortion-Screening-Page-Banner-Header-Option-7.png","contentUrl":"https:\/\/vidamedicalclinic.org\/wp-content\/uploads\/2022\/10\/Pre-Abortion-Screening-Page-Banner-Header-Option-7.png","width":1394,"height":716},{"@type":"BreadcrumbList","@id":"https:\/\/vidamedicalclinic.org\/sports-physicals\/#breadcrumb","itemListElement":[{"@type":"ListItem","position":1,"name":"Home","item":"https:\/\/vidamedicalclinic.org\/"},{"@type":"ListItem","position":2,"name":"Sports Physicals"}]},{"@type":"WebSite","@id":"https:\/\/vidamedicalclinic.org\/#website","url":"https:\/\/vidamedicalclinic.org\/","name":"Cl\u00ednica M\u00e9dica Vida","description":"","publisher":{"@id":"https:\/\/vidamedicalclinic.org\/#organization"},"potentialAction":[{"@type":"SearchAction","target":{"@type":"EntryPoint","urlTemplate":"https:\/\/vidamedicalclinic.org\/?s={search_term_string}"},"query-input":{"@type":"PropertyValueSpecification","valueRequired":true,"valueName":"search_term_string"}}],"inLanguage":"es"},{"@type":"Organization","@id":"https:\/\/vidamedicalclinic.org\/#organization","name":"Cl\u00ednica M\u00e9dica Vida","url":"https:\/\/vidamedicalclinic.org\/","logo":{"@type":"ImageObject","inLanguage":"es","@id":"https:\/\/vidamedicalclinic.org\/#\/schema\/logo\/image\/","url":"https:\/\/vidamedicalclinic.org\/wp-content\/uploads\/2022\/08\/vida-desktop-logo.png","contentUrl":"https:\/\/vidamedicalclinic.org\/wp-content\/uploads\/2022\/08\/vida-desktop-logo.png","width":176,"height":91,"caption":"Vida Medical Clinic"},"image":{"@id":"https:\/\/vidamedicalclinic.org\/#\/schema\/logo\/image\/"}}]}},"_links":{"self":[{"href":"https:\/\/vidamedicalclinic.org\/es\/wp-json\/wp\/v2\/pages\/1869","targetHints":{"allow":["GET"]}}],"collection":[{"href":"https:\/\/vidamedicalclinic.org\/es\/wp-json\/wp\/v2\/pages"}],"about":[{"href":"https:\/\/vidamedicalclinic.org\/es\/wp-json\/wp\/v2\/types\/page"}],"author":[{"embeddable":true,"href":"https:\/\/vidamedicalclinic.org\/es\/wp-json\/wp\/v2\/users\/7"}],"replies":[{"embeddable":true,"href":"https:\/\/vidamedicalclinic.org\/es\/wp-json\/wp\/v2\/comments?post=1869"}],"version-history":[{"count":1,"href":"https:\/\/vidamedicalclinic.org\/es\/wp-json\/wp\/v2\/pages\/1869\/revisions"}],"predecessor-version":[{"id":8725,"href":"https:\/\/vidamedicalclinic.org\/es\/wp-json\/wp\/v2\/pages\/1869\/revisions\/8725"}],"wp:featuredmedia":[{"embeddable":true,"href":"https:\/\/vidamedicalclinic.org\/es\/wp-json\/wp\/v2\/media\/1707"}],"wp:attachment":[{"href":"https:\/\/vidamedicalclinic.org\/es\/wp-json\/wp\/v2\/media?parent=1869"}],"curies":[{"name":"gracias","href":"https:\/\/api.w.org\/{rel}","templated":true}]}}